


{"id":1425,"date":"2024-06-10T08:21:56","date_gmt":"2024-06-10T08:21:56","guid":{"rendered":"http:\/\/xtratheme.comlawyers\/?page_id=4"},"modified":"2025-12-19T10:09:15","modified_gmt":"2025-12-19T09:09:15","slug":"home","status":"publish","type":"page","link":"https:\/\/cdc2025.progresstn.com\/fr\/","title":{"rendered":"Page d&rsquo;accueil"},"content":{"rendered":"<div class=\"wpb-content-wrapper\"><p>[vc_row full_width=\u00a0\u00bbstretch_row\u00a0\u00bb css=\u00a0\u00bb.vc_custom_1649575632458{border-top-width: 2px !important;border-bottom-width: 2px !important;background-image: url(https:\/\/cdc2025.progresstn.com\/wp-content\/uploads\/2022\/04\/parallax4.jpg?id=1059) !important;background-position: center !important;background-repeat: no-repeat !important;background-size: cover !important;border-top-color: #dddddd !important;border-top-style: solid !important;border-bottom-color: #dddddd !important;border-bottom-style: solid !important;}\u00a0\u00bb][vc_column]<div id=\"cz_32477\" class=\"cz_32477 cz_title clr cz_title_pos_inline tac\"><div class=\"cz_title_content\"><span class=\"cz_line_side_solo\">_<\/span><div class=\"cz_wpe_content\"><div class=\"clearfix title-center\">\n<h2 style=\"text-align: center;\">La Cour des comptes<\/h2>\n<\/div>\n<\/div><span class=\"cz_line_side_solo cz_line_side_after\">_<\/span><\/div><\/div><div class=\"cz_gap clr \" style=\"height: 40px\"><\/div>[vc_row_inner rtl_reverse=\u00a0\u00bbyes\u00a0\u00bb][vc_column_inner width=\u00a0\u00bb1\/3&Prime;]<div class=\"xtra-service-box-hover fx_zoom_0_hover\"><a href=\"https:\/\/cdc2025.progresstn.com\/fr\/notre-mission-notre-vision-nos-valeurs\/\"><div id=\"cz_38273\" class=\"cz_38273 services clr style1 cz_sbi_fx_0 services_b\"><div class=\"service_custom\"><i class=\"fas fa-building-columns\"><\/i><\/div><div class=\"service_text\"><h3>Nos mission<\/h3><div class=\"cz_wpe_content\">Contr\u00f4le ind\u00e9pendant et efficace<\/div><div href=\"https:\/\/cdc2025.progresstn.com\/fr\/notre-mission-notre-vision-nos-valeurs\/\" class=\"cz_btn\">Plus de d\u00e9tails<\/div><\/div><\/div><\/a><\/div>[\/vc_column_inner][vc_column_inner width=\u00a0\u00bb1\/3&Prime;]<div class=\"xtra-service-box-hover fx_zoom_0_hover\"><a href=\"https:\/\/cdc2025.progresstn.com\/fr\/notre-mission-notre-vision-nos-valeurs\/\"><div id=\"cz_73269\" class=\"cz_73269 services clr style1 cz_sbi_fx_0 services_b\"><div class=\"service_custom\"><i class=\"fas fa-building-columns\"><\/i><\/div><div class=\"service_text\"><h3>Notre vision<\/h3><div class=\"cz_wpe_content\">Institution ouverte sur son environnement<\/div><div href=\"https:\/\/cdc2025.progresstn.com\/fr\/notre-mission-notre-vision-nos-valeurs\/\" class=\"cz_btn\">Plus de d\u00e9tails<\/div><\/div><\/div><\/a><\/div>[\/vc_column_inner][vc_column_inner width=\u00a0\u00bb1\/3&Prime;]<div class=\"xtra-service-box-hover fx_zoom_0_hover\"><a href=\"https:\/\/cdc2025.progresstn.com\/fr\/notre-mission-notre-vision-nos-valeurs\/\" title=\"Notre mission, notre vision, nos valeurs\" aria-label=\"Notre mission, notre vision, nos valeurs\"><div id=\"cz_109588\" class=\"cz_109588 services clr style1 cz_sbi_fx_0 services_b\"><div class=\"service_custom\"><i class=\"fas fa-building-columns\"><\/i><\/div><div class=\"service_text\"><h3>Nos valeurs<\/h3><div class=\"cz_wpe_content\">Int\u00e9grit\u00e9, Ind\u00e9pendance, Professionnalisme<\/div><div href=\"https:\/\/cdc2025.progresstn.com\/fr\/notre-mission-notre-vision-nos-valeurs\/\" title=\"Notre mission, notre vision, nos valeurs\" aria-label=\"Notre mission, notre vision, nos valeurs\" class=\"cz_btn\">Plus de d\u00e9tails<\/div><\/div><\/div><\/a><\/div>[\/vc_column_inner][\/vc_row_inner]<div class=\"cz_gap clr  hide_on_tablet hide_on_mobile\" style=\"height: 40px\"><\/div><div class=\"cz_gap show_on_tablet clr \" style=\"height: 35px\"><\/div>[\/vc_column][\/vc_row][vc_row full_width=\u00a0\u00bbstretch_row\u00a0\u00bb css=\u00a0\u00bb.vc_custom_1649106021135{background-color: #f5f5f5 !important;}\u00a0\u00bb][vc_column]<div class=\"cz_gap clr  hide_on_tablet hide_on_mobile\" style=\"height: 30px\"><\/div><div class=\"cz_gap show_on_tablet clr \" style=\"height: 35px\"><\/div><div id=\"cz_70522\" class=\"cz_70522 cz_title clr cz_title_pos_inline tac\"><div class=\"cz_title_content\"><span class=\"cz_line_side_solo\">_<\/span><div class=\"cz_wpe_content\"><div class=\"clearfix title-center\">\n<h2 class=\"col-title\" style=\"text-align: center;\">Actualit\u00e9s<\/h2>\n<\/div>\n<\/div><span class=\"cz_line_side_solo cz_line_side_after\">_<\/span><\/div><\/div><div class=\"cz_gap clr  hide_on_tablet hide_on_mobile\" style=\"height: 30px\"><\/div><div class=\"cz_gap show_on_tablet clr \" style=\"height: 35px\"><\/div><div id=\"cz2033\" class=\"cz2033 slick arrows_mlr no_dots\" data-slick='{\"selector\":\"\",\"slidesToShow\":4,\"slidesToScroll\":1,\"rows\":1,\"fade\":false,\"vertical\":false,\"verticalSwiping\":false,\"infinite\":false,\"speed\":1000,\"swipeToSlide\":true,\"centerMode\":false,\"centerPadding\":\"\",\"variableWidth\":false,\"autoplay\":false,\"autoplaySpeed\":4000,\"dots\":true,\"counts\":false,\"responsive\":[{\"breakpoint\":769,\"settings\":{\"slidesToShow\":2,\"slidesToScroll\":1,\"infinite\":true,\"touchMove\":true}},{\"breakpoint\":481,\"settings\":{\"slidesToShow\":1,\"slidesToScroll\":1,\"infinite\":true,\"touchMove\":true}}]}' data-slick-prev=\"fa fa-chevron-left\" data-slick-next=\"fa fa-chevron-right\"><div id=\"cz_78934\" class=\"cz_78934\"><div class=\"cz_grid cz_grid_posts cz_grid_1 clr cz_grid_carousel cz_grid_1_title_sub_after cz_grid_1_mid tac cz_grid_fib cz_single_line_title cz_meta_all_center\" data-gap=\"10\" data-atts='{\"action\":\"cz_ajax_posts\",\"post_class\":\"cz_grid_item\",\"post__in\":null,\"author__in\":null,\"nonce\":\"e13bc474ec\",\"nonce_id\":\"cz_78934\",\"loadmore_end\":\"Not found more posts\",\"layout\":\"cz_grid_carousel\",\"hover\":\"cz_grid_1_title_sub_after\",\"image_size\":\"codevz_600_600\",\"subtitles\":\"%5B%7B%22t%22%3A%22cats_5%22%7D%5D\",\"subtitle_pos\":\"\",\"icon\":\"fas fa-file-alt\",\"el\":\"\",\"title_lenght\":\"4\",\"cat_tax\":\"category\",\"cat\":\"5, 2\",\"cat_exclude\":\"\",\"tag_tax\":\"post_tag\",\"tag_id\":\"\",\"tag_exclude\":\"\",\"post_type\":\"post\",\"posts_per_page\":\"8\",\"order\":\"DESC\",\"orderby\":\"date\",\"tilt_data\":null,\"svg_sizes\":[\"600\",\"600\"],\"img_fx\":\"\",\"custom_size\":\"\",\"excerpt_rm\":false,\"title_tag\":\"h4\",\"s\":\"\"}'><div class=\"cz_grid_item cz_grid_first\"><\/div><div data-id=\"2931\" class=\"cz_grid_item  cz_posts_list_even 2931 post-2931 post type-post status-publish format-standard has-post-thumbnail hentry category-actualites\"><div class=\"clr\"><a class=\"cz_grid_link\" href=\"https:\/\/cdc2025.progresstn.com\/fr\/%d8%a7%d9%84%d8%a8%d9%86%d9%83-%d8%a7%d9%84%d9%85%d8%b1%d9%83%d8%b2%d9%8a-%d8%a7%d9%84%d8%aa%d9%88%d9%86%d8%b3%d9%8a-%d9%88%d9%85%d8%ad%d9%83%d9%85%d8%a9-%d8%a7%d9%84%d9%85%d8%ad%d8%a7%d8%b3%d8%a8\/\" title=\"\u0627\u0644\u0628\u0646\u0643 \u0627\u0644\u0645\u0631\u0643\u0632\u064a \u0627\u0644\u062a\u0648\u0646\u0633\u064a \u0648\u0645\u062d\u0643\u0645\u0629 \u0627\u0644\u0645\u062d\u0627\u0633\u0628\u0627\u062a \u064a\u0628\u062d\u062b\u0627\u0646 \u062a\u0639\u0632\u064a\u0632 \u0627\u0644\u0631\u0642\u0627\u0628\u0629 \u0644\u0645\u0648\u0627\u062c\u0647\u0629 \u0627\u0644\u0623\u0632\u0645\u0627\u062a \u0627\u0644\u0627\u0642\u062a\u0635\u0627\u062f\u064a\u0629\"><img loading=\"lazy\" decoding=\"async\" width=\"600\" height=\"540\" src=\"https:\/\/cdc2025.progresstn.com\/wp-content\/uploads\/2024\/06\/571251470_1147605520888958_3009684849731651999_n-600x540.jpg\" class=\"attachment-codevz_600_600\" alt=\"\" title=\"571251470_1147605520888958_3009684849731651999_n\" \/><div class=\"cz_grid_details\"><i class=\"fas fa-file-alt cz_grid_icon\"><\/i><\/div><\/a><div class=\"cz_grid_details cz_grid_details_outside\"><a class=\"cz_grid_title\" href=\"https:\/\/cdc2025.progresstn.com\/fr\/%d8%a7%d9%84%d8%a8%d9%86%d9%83-%d8%a7%d9%84%d9%85%d8%b1%d9%83%d8%b2%d9%8a-%d8%a7%d9%84%d8%aa%d9%88%d9%86%d8%b3%d9%8a-%d9%88%d9%85%d8%ad%d9%83%d9%85%d8%a9-%d8%a7%d9%84%d9%85%d8%ad%d8%a7%d8%b3%d8%a8\/\"><h4 class=\"cz_grid_post_title\">\u0627\u0644\u0628\u0646\u0643 \u0627\u0644\u0645\u0631\u0643\u0632\u064a \u0627\u0644\u062a\u0648\u0646\u0633\u064a \u0648\u0645\u062d\u0643\u0645\u0629 ...<\/h4><\/a><small class=\"clr\"><span class=\"cz_post_data cz_data_cats_5\"><span class=\"cz_cats_2 cz_cats_5\"><a aria-label=\"Post category\" href=\"https:\/\/cdc2025.progresstn.com\/fr\/category\/actualites\/\">Actualit\u00e9s<\/a><\/span><\/span><\/small><\/div><\/div><\/div><div data-id=\"2936\" class=\"cz_grid_item  cz_posts_list_odd 2936 post-2936 post type-post status-publish format-standard has-post-thumbnail hentry category-actualites\"><div class=\"clr\"><a class=\"cz_grid_link\" href=\"https:\/\/cdc2025.progresstn.com\/fr\/%d9%85%d9%86%d8%a7%d9%82%d8%b4%d8%a9-%d9%85%d9%8a%d8%b2%d8%a7%d9%86%d9%8a%d8%a9-%d8%a7%d9%84%d9%85%d9%87%d9%85%d8%a9-%d8%a7%d9%84%d8%ae%d8%a7%d8%b5%d8%a9-%d9%84%d9%85%d8%ad%d9%83%d9%85%d8%a9-%d8%a7\/\" title=\"\u0645\u0646\u0627\u0642\u0634\u0629 \u0645\u064a\u0632\u0627\u0646\u064a\u0629 \u0627\u0644\u0645\u0647\u0645\u0629 \u0627\u0644\u062e\u0627\u0635\u0629 \u0644\u0645\u062d\u0643\u0645\u0629 \u0627\u0644\u0645\u062d\u0627\u0633\u0628\u0627\u062a \u0644\u0633\u0646\u0629 2025 \u0623\u0645\u0627\u0645 \u0645\u062c\u0644\u0633 \u0646\u0648\u0627\u0628 \u0627\u0644\u0634\u0639\u0628\"><img loading=\"lazy\" decoding=\"async\" width=\"600\" height=\"600\" src=\"https:\/\/cdc2025.progresstn.com\/wp-content\/uploads\/2025\/12\/487171597_981447157504796_6192275430681388997_n-600x600.jpg\" class=\"attachment-codevz_600_600\" alt=\"\" title=\"487171597_981447157504796_6192275430681388997_n\" srcset=\"https:\/\/cdc2025.progresstn.com\/wp-content\/uploads\/2025\/12\/487171597_981447157504796_6192275430681388997_n-600x600.jpg 600w, https:\/\/cdc2025.progresstn.com\/wp-content\/uploads\/2025\/12\/487171597_981447157504796_6192275430681388997_n-150x150.jpg 150w\" sizes=\"auto, (max-width: 600px) 100vw, 600px\" \/><div class=\"cz_grid_details\"><i class=\"fas fa-file-alt cz_grid_icon\"><\/i><\/div><\/a><div class=\"cz_grid_details cz_grid_details_outside\"><a class=\"cz_grid_title\" href=\"https:\/\/cdc2025.progresstn.com\/fr\/%d9%85%d9%86%d8%a7%d9%82%d8%b4%d8%a9-%d9%85%d9%8a%d8%b2%d8%a7%d9%86%d9%8a%d8%a9-%d8%a7%d9%84%d9%85%d9%87%d9%85%d8%a9-%d8%a7%d9%84%d8%ae%d8%a7%d8%b5%d8%a9-%d9%84%d9%85%d8%ad%d9%83%d9%85%d8%a9-%d8%a7\/\"><h4 class=\"cz_grid_post_title\">\u0645\u0646\u0627\u0642\u0634\u0629 \u0645\u064a\u0632\u0627\u0646\u064a\u0629 \u0627\u0644\u0645\u0647\u0645\u0629 \u0627\u0644\u062e\u0627\u0635\u0629 ...<\/h4><\/a><small class=\"clr\"><span class=\"cz_post_data cz_data_cats_5\"><span class=\"cz_cats_2 cz_cats_5\"><a aria-label=\"Post category\" href=\"https:\/\/cdc2025.progresstn.com\/fr\/category\/actualites\/\">Actualit\u00e9s<\/a><\/span><\/span><\/small><\/div><\/div><\/div><div data-id=\"2939\" class=\"cz_grid_item  cz_posts_list_even 2939 post-2939 post type-post status-publish format-standard has-post-thumbnail hentry category-actualites\"><div class=\"clr\"><a class=\"cz_grid_link\" href=\"https:\/\/cdc2025.progresstn.com\/fr\/%d9%81%d9%8a-%d8%a5%d8%b7%d8%a7%d8%b1-%d8%aa%d9%86%d9%81%d9%8a%d8%b0-%d9%85%d8%b4%d8%b1%d9%88%d8%b9-%d9%85%d8%ad%d9%83%d9%85%d8%a9-%d8%a7%d9%84%d9%85%d8%ad%d8%a7%d8%b3%d8%a8%d8%a7%d8%aa-%d9%84%d8%af\/\" title=\"\u0641\u064a \u0625\u0637\u0627\u0631 \u062a\u0646\u0641\u064a\u0630 \u0645\u0634\u0631\u0648\u0639 \u0645\u062d\u0643\u0645\u0629 \u0627\u0644\u0645\u062d\u0627\u0633\u0628\u0627\u062a \u0644\u062f\u0639\u0645 \u0645\u0647\u0627\u0645\u0647\u0627 \u0627\u0644\u0631\u0642\u0627\u0628\u064a\u0629\"><img loading=\"lazy\" decoding=\"async\" width=\"600\" height=\"600\" src=\"https:\/\/cdc2025.progresstn.com\/wp-content\/uploads\/2025\/12\/486730653_981734697476042_75619761810252190_n-600x600.jpg\" class=\"attachment-codevz_600_600\" alt=\"\" title=\"486730653_981734697476042_75619761810252190_n\" srcset=\"https:\/\/cdc2025.progresstn.com\/wp-content\/uploads\/2025\/12\/486730653_981734697476042_75619761810252190_n-600x600.jpg 600w, https:\/\/cdc2025.progresstn.com\/wp-content\/uploads\/2025\/12\/486730653_981734697476042_75619761810252190_n-300x300.jpg 300w, https:\/\/cdc2025.progresstn.com\/wp-content\/uploads\/2025\/12\/486730653_981734697476042_75619761810252190_n-1024x1024.jpg 1024w, https:\/\/cdc2025.progresstn.com\/wp-content\/uploads\/2025\/12\/486730653_981734697476042_75619761810252190_n-150x150.jpg 150w, https:\/\/cdc2025.progresstn.com\/wp-content\/uploads\/2025\/12\/486730653_981734697476042_75619761810252190_n-768x768.jpg 768w, https:\/\/cdc2025.progresstn.com\/wp-content\/uploads\/2025\/12\/486730653_981734697476042_75619761810252190_n-1536x1536.jpg 1536w, https:\/\/cdc2025.progresstn.com\/wp-content\/uploads\/2025\/12\/486730653_981734697476042_75619761810252190_n.jpg 2048w\" sizes=\"auto, (max-width: 600px) 100vw, 600px\" \/><div class=\"cz_grid_details\"><i class=\"fas fa-file-alt cz_grid_icon\"><\/i><\/div><\/a><div class=\"cz_grid_details cz_grid_details_outside\"><a class=\"cz_grid_title\" href=\"https:\/\/cdc2025.progresstn.com\/fr\/%d9%81%d9%8a-%d8%a5%d8%b7%d8%a7%d8%b1-%d8%aa%d9%86%d9%81%d9%8a%d8%b0-%d9%85%d8%b4%d8%b1%d9%88%d8%b9-%d9%85%d8%ad%d9%83%d9%85%d8%a9-%d8%a7%d9%84%d9%85%d8%ad%d8%a7%d8%b3%d8%a8%d8%a7%d8%aa-%d9%84%d8%af\/\"><h4 class=\"cz_grid_post_title\">\u0641\u064a \u0625\u0637\u0627\u0631 \u062a\u0646\u0641\u064a\u0630 \u0645\u0634\u0631\u0648\u0639 ...<\/h4><\/a><small class=\"clr\"><span class=\"cz_post_data cz_data_cats_5\"><span class=\"cz_cats_2 cz_cats_5\"><a aria-label=\"Post category\" href=\"https:\/\/cdc2025.progresstn.com\/fr\/category\/actualites\/\">Actualit\u00e9s<\/a><\/span><\/span><\/small><\/div><\/div><\/div><div data-id=\"2942\" class=\"cz_grid_item  cz_posts_list_odd 2942 post-2942 post type-post status-publish format-standard has-post-thumbnail hentry category-actualites\"><div class=\"clr\"><a class=\"cz_grid_link\" href=\"https:\/\/cdc2025.progresstn.com\/fr\/%d8%af%d9%88%d8%b1%d8%a9-%d8%aa%d9%83%d9%88%d9%8a%d9%86%d9%8a%d8%a9-%d8%ad%d9%88%d9%84-%d8%a7%d9%84%d8%aa%d8%b5%d8%b1%d9%81-%d9%81%d9%8a-%d8%a7%d9%84%d9%85%d9%8a%d8%b2%d8%a7%d9%86%d9%8a%d8%a9-%d8%ad\/\" title=\"\u062f\u0648\u0631\u0629 \u062a\u0643\u0648\u064a\u0646\u064a\u0629 \u062d\u0648\u0644 \u0627\u0644\u062a\u0635\u0631\u0641 \u0641\u064a \u0627\u0644\u0645\u064a\u0632\u0627\u0646\u064a\u0629 \u062d\u0633\u0628 \u0627\u0644\u0623\u0647\u062f\u0627\u0641 \u0628\u062f\u0639\u0645 \u0645\u0646 \u0627\u0644\u0628\u0646\u0643 \u0627\u0644\u0639\u0627\u0644\u0645\u064a\"><img loading=\"lazy\" decoding=\"async\" width=\"590\" height=\"443\" src=\"https:\/\/cdc2025.progresstn.com\/wp-content\/uploads\/2024\/06\/488640452_989027806746731_8091338716297165061_n.jpg\" class=\"attachment-codevz_600_600\" alt=\"\" title=\"488640452_989027806746731_8091338716297165061_n\" srcset=\"https:\/\/cdc2025.progresstn.com\/wp-content\/uploads\/2024\/06\/488640452_989027806746731_8091338716297165061_n.jpg 590w, https:\/\/cdc2025.progresstn.com\/wp-content\/uploads\/2024\/06\/488640452_989027806746731_8091338716297165061_n-300x225.jpg 300w\" sizes=\"auto, (max-width: 590px) 100vw, 590px\" \/><div class=\"cz_grid_details\"><i class=\"fas fa-file-alt cz_grid_icon\"><\/i><\/div><\/a><div class=\"cz_grid_details cz_grid_details_outside\"><a class=\"cz_grid_title\" href=\"https:\/\/cdc2025.progresstn.com\/fr\/%d8%af%d9%88%d8%b1%d8%a9-%d8%aa%d9%83%d9%88%d9%8a%d9%86%d9%8a%d8%a9-%d8%ad%d9%88%d9%84-%d8%a7%d9%84%d8%aa%d8%b5%d8%b1%d9%81-%d9%81%d9%8a-%d8%a7%d9%84%d9%85%d9%8a%d8%b2%d8%a7%d9%86%d9%8a%d8%a9-%d8%ad\/\"><h4 class=\"cz_grid_post_title\">\u062f\u0648\u0631\u0629 \u062a\u0643\u0648\u064a\u0646\u064a\u0629 \u062d\u0648\u0644 \u0627\u0644\u062a\u0635\u0631\u0641 ...<\/h4><\/a><small class=\"clr\"><span class=\"cz_post_data cz_data_cats_5\"><span class=\"cz_cats_2 cz_cats_5\"><a aria-label=\"Post category\" href=\"https:\/\/cdc2025.progresstn.com\/fr\/category\/actualites\/\">Actualit\u00e9s<\/a><\/span><\/span><\/small><\/div><\/div><\/div><\/div><\/div><\/div><div data-cz-style='#cz2033 .slick-prev{font-size:16px;background-color:#ffffff;padding:5px;border-style:solid;border-width:2px;border-color:#dddddd;border-radius:4px;left:-10px}#cz2033 .slick-prev:hover{color:#ffffff;background-color:#444444;border-style:solid;border-color:#444444}#cz2033 .slick-next{font-size:16px;background-color:#ffffff;padding:5px;border-style:solid;border-width:2px;border-color:#dddddd;border-radius:4px;right:-10px}#cz2033 .slick-next:hover{color:#ffffff;background-color:#444444;border-style:solid;border-color:#444444}#cz2033 .slick-list{margin: 0 -5px;clip-path:inset(0 5px 0 5px)}#cz2033 .slick-slide{margin: 0 5px}'><\/div><div class=\"cz_gap clr  hide_on_mobile\" style=\"height: 40px\"><\/div><div class=\"cz_gap show_on_mobile clr\" style=\"height: 140px\"><\/div><div id=\"cz_20111\" class=\"cz_20111 cz_title clr cz_title_pos_inline tac\"><div class=\"cz_title_content\"><span class=\"cz_line_side_solo\">_<\/span><div class=\"cz_wpe_content\"><div class=\"clearfix title-center\">\n<h2 class=\"col-title\" style=\"text-align: center;\">RAPPORTS DE CONTR\u00d4LE, PUBLICATIONS ET JUGEMENTS <\/h2>\n<\/div>\n<\/div><span class=\"cz_line_side_solo cz_line_side_after\">_<\/span><\/div><\/div><div class=\"cz_gap clr  hide_on_tablet hide_on_mobile\" style=\"height: 20px\"><\/div><div class=\"cz_gap show_on_tablet clr \" style=\"height: 35px\"><\/div>[vc_raw_html css=\u00a0\u00bb\u00a0\u00bb]JTVCd3BjbXBfZnJvbnRlbmRfdGhlbGF3JTVE[\/vc_raw_html]<div class=\"cz_gap clr  hide_on_mobile\" style=\"height: 50px\"><\/div><div class=\"cz_gap show_on_mobile clr\" style=\"height: 100px\"><\/div><div class=\"cz_gap clr  hide_on_mobile\" style=\"height: 50px\"><\/div><div class=\"cz_gap show_on_mobile clr\" style=\"height: 100px\"><\/div>[\/vc_column][\/vc_row][vc_row full_width=\u00a0\u00bbstretch_row\u00a0\u00bb css=\u00a0\u00bb.vc_custom_1649575615735{border-top-width: 2px !important;border-bottom-width: 2px !important;background-image: url(https:\/\/cdc2025.progresstn.com\/wp-content\/uploads\/2019\/03\/bg1.jpg?id=875) !important;background-position: center !important;background-repeat: no-repeat !important;background-size: cover !important;border-top-color: #dddddd !important;border-top-style: solid !important;border-bottom-color: #dddddd !important;border-bottom-style: solid !important;}\u00a0\u00bb][vc_column css=\u00a0\u00bb.vc_custom_1763568123974{margin-top: 40px !important;}\u00a0\u00bb]<div class=\"cz_eqh cz_content_box_parent_fx  \"><div id=\"cz_33088\" class=\"cz_33088 cz_content_box clr\"><div class=\"cz_box_front clr\"><div class=\"cz_box_front_inner clr \"><span><\/span><div>[vc_row_inner rtl_reverse=\u00a0\u00bbyes\u00a0\u00bb][vc_column_inner width=\u00a0\u00bb2\/3&Prime;]<div id=\"cz_56562\" class=\"cz_56562 cz_title clr cz_mobile_text_center cz_title_has_icon cz_title_pos_inline\"><div class=\"cz_title_content\"><span class=\"cz_title_icon_before cz_title_image\"><img loading=\"lazy\" decoding=\"async\" width=\"64\" height=\"64\" src=\"https:\/\/cdc2025.progresstn.com\/wp-content\/uploads\/2022\/02\/icon7.png\" class=\"attachment-thumbnail\" alt=\"\" title=\"icon7\" \/><\/span><div class=\"cz_wpe_content\"><h2>La Cour des comptes<\/h2>\n<p>Pilier de la transparence et de la redevabilit\u00e9 dans le secteur public<\/p>\n<\/div><\/div><\/div>[\/vc_column_inner][vc_column_inner width=\u00a0\u00bb1\/3&Prime;]<div class=\"cz_gap clr \" style=\"height: 25px\"><\/div><div class=\"cz_btn_right cz_mobile_btn_center\"><div class=\"cz_37607_p\"><a id=\"cz_37607\" class=\"cz_37607 cz_btn cz_btn_txt_no_fx cz_btn_zoom_in\" href=\"https:\/\/cdc2025.progresstn.com\/fr\/presentation-cour-des-comptes\/\"><span><strong>Contactez-nous<\/strong><\/span><b class=\"cz_btn_onhover\"><strong>Contactez-nous<\/strong><\/b><\/a><\/div><\/div><div class=\"clr\"><\/div>[\/vc_column_inner][\/vc_row_inner]<\/div><\/div><\/div><\/div><\/div><div class=\"cz_gap clr  hide_on_tablet hide_on_mobile\" style=\"height: 40px\"><\/div><div class=\"cz_gap show_on_tablet clr \" style=\"height: 60px\"><\/div>[vc_row_inner][vc_column_inner width=\u00a0\u00bb1\/6&Prime;][\/vc_column_inner][vc_column_inner width=\u00a0\u00bb2\/3&Prime;]<div id=\"cz_109935\" class=\"cz_109935 cz_title clr cz_title_pos_inline tac\"><div class=\"cz_title_content\"><div class=\"cz_wpe_content\"><div class=\"wpb_text_column wpb_content_element \">\n<div class=\"wpb_wrapper\">\n<h2 style=\"text-align: center;\"><span style=\"color: #9e691b;\"><br \/>\nLa Cour des comptes<br \/>\n<\/span><\/h2>\n<p>&nbsp;<\/p>\n<p style=\"text-align: center;\"><span style=\"font-size: 18px;\"><strong>La Cour des comptes est l\u2019Institution sup\u00e9rieure de contr\u00f4le en Tunisie. Conform\u00e9ment \u00e0 l\u2019article 2 de la loi organique n\u00b0 41 de 2019 du 30 avril 2019, la Cour des comptes constitue avec ses diff\u00e9rents organes la justice financi\u00e8re, et elle est l\u2019Institution sup\u00e9rieure de contr\u00f4le de la gestion des deniers publics. Elle exerce ses missions selon les principes de l\u00e9galit\u00e9, d\u2019efficacit\u00e9, de transparence, de redevabilit\u00e9 et d\u2019int\u00e9grit\u00e9.<\/strong><\/span><\/p>\n<\/div>\n<\/div>\n<\/div><\/div><\/div><div id=\"cz_86088\" data-position=\"top-right\" class=\"cz_86088 cz_image clr cz_image_no_fx center_on_mobile\"><div class=\"\" ><div class=\"cz_image_in\"><div class=\"cz_main_image\"><img loading=\"lazy\" decoding=\"async\" width=\"180\" height=\"103\" src=\"https:\/\/cdc2025.progresstn.com\/wp-content\/uploads\/2022\/04\/signature2.png\" class=\"attachment-full\" alt=\"\" title=\"signature2\" \/><\/div><\/div><\/div><\/div><div class=\"cz_gap clr  hide_on_mobile\" style=\"height: 30px\"><\/div><div class=\"cz_gap show_on_mobile clr\" style=\"height: 1px\"><\/div>[\/vc_column_inner][vc_column_inner width=\u00a0\u00bb1\/6&Prime;][\/vc_column_inner][\/vc_row_inner][\/vc_column][\/vc_row][vc_row][vc_column]<div class=\"cz_gap clr  hide_on_tablet hide_on_mobile\" style=\"height: 30px\"><\/div><div class=\"cz_gap show_on_tablet clr \" style=\"height: 35px\"><\/div><div id=\"cz_27285\" class=\"cz_27285 cz_title clr cz_title_pos_inline tac\"><div class=\"cz_title_content\"><span class=\"cz_line_side_solo\">_<\/span><div class=\"cz_wpe_content\"><div class=\"clearfix title-center\">\n<h2 class=\"col-title\" style=\"text-align: center;\">Chambres Centrales et R\u00e9gionales<\/h2>\n<\/div>\n<\/div><span class=\"cz_line_side_solo cz_line_side_after\">_<\/span><\/div><\/div><div class=\"cz_gap clr  hide_on_tablet hide_on_mobile\" style=\"height: 30px\"><\/div><div class=\"cz_gap show_on_tablet clr \" style=\"height: 35px\"><\/div>[vc_raw_html css=\u00a0\u00bb\u00a0\u00bb]JTVCd3BjaGFtYnJlX2Zyb250ZW5kX3RoZWxhdyU1RA==[\/vc_raw_html]<div class=\"cz_gap clr  hide_on_mobile\" style=\"height: 60px\"><\/div><div class=\"cz_gap show_on_mobile clr\" style=\"height: 1px\"><\/div>[\/vc_column][\/vc_row]<\/p>\n<\/div>","protected":false},"excerpt":{"rendered":"<p>[vc_row full_width=\u00a0\u00bbstretch_row\u00a0\u00bb css=\u00a0\u00bb.vc_custom_1649575632458{border-top-width: 2px !important;border-bottom-width: 2px !important;background-image: url(https:\/\/cdc2025.progresstn.com\/wp-content\/uploads\/2022\/04\/parallax4.jpg?id=1059) !important;background-position: center !important;background-repeat: no-repeat !important;background-size: cover !important;border-top-color: #dddddd !important;border-top-style: solid !important;border-bottom-color: #dddddd &#8230; <a class=\"cz_readmore\" href=\"https:\/\/cdc2025.progresstn.com\/fr\/%d8%af%d9%88%d8%b1%d8%a9-%d8%aa%d9%83%d9%88%d9%8a%d9%86%d9%8a%d8%a9-%d8%ad%d9%88%d9%84-%d8%a7%d9%84%d8%aa%d8%b5%d8%b1%d9%81-%d9%81%d9%8a-%d8%a7%d9%84%d9%85%d9%8a%d8%b2%d8%a7%d9%86%d9%8a%d8%a9-%d8%ad\/\"><i class=\"fa czico-Icon-Navigation-Chevron-Left\" aria-hidden=\"true\"><\/i><span>\u0627\u0642\u0631\u0623 \u0623\u0643\u062b\u0631<\/span><\/a><\/p>\n","protected":false},"author":1,"featured_media":0,"parent":0,"menu_order":0,"comment_status":"closed","ping_status":"closed","template":"","meta":{"footnotes":""},"class_list":["post-1425","page","type-page","status-publish","hentry"],"_links":{"self":[{"href":"https:\/\/cdc2025.progresstn.com\/fr\/wp-json\/wp\/v2\/pages\/1425","targetHints":{"allow":["GET"]}}],"collection":[{"href":"https:\/\/cdc2025.progresstn.com\/fr\/wp-json\/wp\/v2\/pages"}],"about":[{"href":"https:\/\/cdc2025.progresstn.com\/fr\/wp-json\/wp\/v2\/types\/page"}],"author":[{"embeddable":true,"href":"https:\/\/cdc2025.progresstn.com\/fr\/wp-json\/wp\/v2\/users\/1"}],"replies":[{"embeddable":true,"href":"https:\/\/cdc2025.progresstn.com\/fr\/wp-json\/wp\/v2\/comments?post=1425"}],"version-history":[{"count":76,"href":"https:\/\/cdc2025.progresstn.com\/fr\/wp-json\/wp\/v2\/pages\/1425\/revisions"}],"predecessor-version":[{"id":3001,"href":"https:\/\/cdc2025.progresstn.com\/fr\/wp-json\/wp\/v2\/pages\/1425\/revisions\/3001"}],"wp:attachment":[{"href":"https:\/\/cdc2025.progresstn.com\/fr\/wp-json\/wp\/v2\/media?parent=1425"}],"curies":[{"name":"wp","href":"https:\/\/api.w.org\/{rel}","templated":true}]}}