


{"id":1752,"date":"2025-11-26T09:03:37","date_gmt":"2025-11-26T08:03:37","guid":{"rendered":"https:\/\/cdc2025.progresstn.com\/activites-et-missions\/"},"modified":"2025-12-09T19:40:53","modified_gmt":"2025-12-09T18:40:53","slug":"activites-et-missions","status":"publish","type":"page","link":"https:\/\/cdc2025.progresstn.com\/fr\/activites-et-missions\/","title":{"rendered":"Activit\u00e9s et Attributions"},"content":{"rendered":"\n<p>Dot\u00e9e d\u2019un pouvoir de juridiction et d\u2019un pouvoir de contr\u00f4le, la Cour des comptes rend des jugements et \u00e9tablit des rapports, et ce, dans le respect des principes de l\u00e9galit\u00e9, d\u2019efficacit\u00e9, de transparence, de redevabilit\u00e9 et d\u2019int\u00e9grit\u00e9, en vertu des dispositions de l\u2019article 2 de la loi organique n\u00b0 2019-41 du 30 avril 2019 relative \u00e0 la Cour des comptes. Cette loi a permis, d\u2019une part, de confirmer la vision de la Cour des comptes et son positionnement, et d\u2019autre part, d\u2019\u00e9largir ses comp\u00e9tences, notamment ses attributions juridictionnelles. La composition des formations de la Cour ainsi que ses proc\u00e9dures ont \u00e9t\u00e9 revues afin de r\u00e9pondre aux exigences d\u2019efficacit\u00e9 et des garanties du proc\u00e8s \u00e9quitable. Il est ainsi reconnu \u00e0 la Cour des Comptes un champ d\u2019intervention plus \u00e9tendu.<\/p>\n\n\n\n<h3 class=\"wp-block-heading\"><strong>En vertu des dispositions qui la r\u00e9gissent, la Cour des Comptes :<\/strong><\/h3>\n\n\n\n<ul class=\"wp-block-list\">\n<li>Juge les comptes des comptables publics, statue sur les affaires de gestion de fait, peut statuer sur les pourvois en r\u00e9formation des arr\u00eat\u00e9s administratifs des comptes et \u00e9voquer les comptes dont l\u2019apurement rel\u00e8ve de l\u2019autorit\u00e9 administrative.<\/li>\n\n\n\n<li>Sanctionne les fautes de gestion.<\/li>\n\n\n\n<li>Exerce un pouvoir de contr\u00f4le sur les comptes et la gestion des organismes, notamment l\u2019\u00c9tat, les \u00e9tablissements publics dont le budget est rattach\u00e9 pour ordre au budget de l\u2019\u00c9tat, et les collectivit\u00e9s locales, les \u00e9tablissements publics \u00e0 caract\u00e8re non administratif et les entreprises publiques.<\/li>\n\n\n\n<li>\u00c9tablit une d\u00e9claration g\u00e9n\u00e9rale de conformit\u00e9 entre les comptes des comptables publics et le compte g\u00e9n\u00e9ral de l\u2019\u00c9tat. Elle \u00e9met un avis sur les \u00e9tats financiers annuels de l\u2019\u00c9tat.<\/li>\n\n\n\n<li>Contribue \u00e0 l\u2019\u00e9valuation des politiques et programmes publics.<\/li>\n\n\n\n<li>Assiste les pouvoirs l\u00e9gislatif et ex\u00e9cutif dans le contr\u00f4le de l\u2019ex\u00e9cution des lois de finances et du r\u00e8glement du budget.<\/li>\n\n\n\n<li>Proc\u00e8de \u00e0 l\u2019appr\u00e9ciation des r\u00e9sultats de l\u2019aide \u00e9conomique ou financi\u00e8re, quelle que soit sa forme, que les organismes \u00e9num\u00e9r\u00e9s \u00e0 l\u2019article 7 de la loi relative \u00e0 la Cour des comptes accordent aux partis politiques, associations, mutuelles, entreprises et organismes priv\u00e9s, notamment celles rev\u00eatant la forme de subventions, d\u2019exon\u00e9rations fiscales, de garanties ou de monopoles.<\/li>\n\n\n\n<li>Contr\u00f4le les concessionnaires et entreprises charg\u00e9s de la r\u00e9alisation de projets publics ou de la gestion de services publics dans le cadre de partenariats public-priv\u00e9, afin de s\u2019assurer qu\u2019ils se sont acquitt\u00e9s de leurs obligations.<\/li>\n\n\n\n<li>Assure le suivi des r\u00e9sultats de ses travaux et la mise en \u0153uvre de ses recommandations conform\u00e9ment aux modalit\u00e9s pr\u00e9vues pour le contr\u00f4le de gestion.<\/li>\n\n\n\n<li>Exerce son contr\u00f4le sur les partis politiques, associations, mutuelles, entreprises et organismes priv\u00e9s ayant b\u00e9n\u00e9fici\u00e9 de l\u2019aide publique.<\/li>\n\n\n\n<li>Peut mener des missions d\u2019audit des comptes des organismes ou des organisations internationales conform\u00e9ment aux proc\u00e9dures fix\u00e9es par les conventions conclues \u00e0 cet effet.<\/li>\n\n\n\n<li>Exerce un contr\u00f4le sur le financement des campagnes \u00e9lectorales pr\u00e9sidentielles, l\u00e9gislatives, municipales et r\u00e9gionales.<\/li>\n<\/ul>\n\n\n\n<h3 class=\"wp-block-heading\"><strong>Les chambres et formations de la Cour des comptes<\/strong><\/h3>\n\n\n\n<p>Selon l\u2019article 27 de la loi organique n\u00b0 2019-41, sont fix\u00e9s par arr\u00eat\u00e9 du Premier Pr\u00e9sident de la Cour des comptes, sur avis conforme du Conseil de la justice financi\u00e8re :<\/p>\n\n\n\n<ul class=\"wp-block-list\">\n<li>Le nombre de chambres d\u2019appel ;<\/li>\n\n\n\n<li>Le nombre de chambres centrales ;<\/li>\n\n\n\n<li>Le nombre de chambres r\u00e9gionales et la comp\u00e9tence territoriale de chacune d\u2019elles ;<\/li>\n\n\n\n<li>Le nombre de sections au sein de chaque chambre ;<\/li>\n\n\n\n<li>Le nombre de procureurs d\u2019\u00c9tat et de procureurs d\u2019\u00c9tat adjoints au sein du Parquet.<\/li>\n<\/ul>\n\n\n\n<p>Les Chambres d\u2019appel sont comp\u00e9tentes pour statuer sur les appels interjet\u00e9s contre les jugements rendus en premier ressort par les chambres centrales et r\u00e9gionales. Les chambres centrales exercent les comp\u00e9tences d\u00e9volues \u00e0 la Cour des comptes \u00e0 l\u2019\u00e9gard des organismes soumis \u00e0 sa juridiction, \u00e0 son contr\u00f4le ou \u00e0 son appr\u00e9ciation, selon une division fix\u00e9e par le Premier Pr\u00e9sident apr\u00e8s consultation de l\u2019Assembl\u00e9e pl\u00e9ni\u00e8re. Les chambres r\u00e9gionales exercent les comp\u00e9tences d\u00e9volues \u00e0 la Cour des comptes \u00e0 l\u2019\u00e9gard des autorit\u00e9s administratives r\u00e9gionales et locales, des \u00e9tablissements publics et entreprises publiques, ainsi que de tout organisme, quelle que soit sa d\u00e9nomination, dans lesquels l\u2019\u00c9tat, les collectivit\u00e9s locales, les \u00e9tablissements publics ou les entreprises publiques d\u00e9tiennent une participation en capital, et dont le si\u00e8ge principal ou le lieu d\u2019activit\u00e9 se trouve dans le champ de comp\u00e9tence territoriale de la chambre r\u00e9gionale. Les chambres r\u00e9gionales exercent, en outre, les comp\u00e9tences pr\u00e9vues \u00e0 l\u2019article 13 de la loi relative \u00e0 la Cour des comptes concernant les partis politiques, associations, mutuelles, entreprises et organismes priv\u00e9s dont le si\u00e8ge se trouve dans leur champ territorial. Les chambres centrales et r\u00e9gionales prononcent, dans le cadre de l\u2019exercice des pouvoirs juridictionnels de la Cour des comptes, des jugements en premier ressort.<\/p>\n","protected":false},"excerpt":{"rendered":"<p>Dot\u00e9e d\u2019un pouvoir de juridiction et d\u2019un pouvoir de contr\u00f4le, la &#8230; <\/p>\n","protected":false},"author":2,"featured_media":0,"parent":0,"menu_order":0,"comment_status":"closed","ping_status":"closed","template":"","meta":{"footnotes":""},"class_list":["post-1752","page","type-page","status-publish","hentry"],"_links":{"self":[{"href":"https:\/\/cdc2025.progresstn.com\/fr\/wp-json\/wp\/v2\/pages\/1752","targetHints":{"allow":["GET"]}}],"collection":[{"href":"https:\/\/cdc2025.progresstn.com\/fr\/wp-json\/wp\/v2\/pages"}],"about":[{"href":"https:\/\/cdc2025.progresstn.com\/fr\/wp-json\/wp\/v2\/types\/page"}],"author":[{"embeddable":true,"href":"https:\/\/cdc2025.progresstn.com\/fr\/wp-json\/wp\/v2\/users\/2"}],"replies":[{"embeddable":true,"href":"https:\/\/cdc2025.progresstn.com\/fr\/wp-json\/wp\/v2\/comments?post=1752"}],"version-history":[{"count":2,"href":"https:\/\/cdc2025.progresstn.com\/fr\/wp-json\/wp\/v2\/pages\/1752\/revisions"}],"predecessor-version":[{"id":1754,"href":"https:\/\/cdc2025.progresstn.com\/fr\/wp-json\/wp\/v2\/pages\/1752\/revisions\/1754"}],"wp:attachment":[{"href":"https:\/\/cdc2025.progresstn.com\/fr\/wp-json\/wp\/v2\/media?parent=1752"}],"curies":[{"name":"wp","href":"https:\/\/api.w.org\/{rel}","templated":true}]}}