


{"id":1759,"date":"2025-11-26T09:24:31","date_gmt":"2025-11-26T08:24:31","guid":{"rendered":"https:\/\/cdc2025.progresstn.com\/%d8%a7%d9%84%d8%aa%d8%b9%d8%a7%d9%88%d9%86-%d9%88%d8%a7%d9%84%d8%b4%d8%b1%d8%a7%d9%83%d8%a9\/"},"modified":"2025-12-09T21:57:09","modified_gmt":"2025-12-09T20:57:09","slug":"cooperation","status":"publish","type":"page","link":"https:\/\/cdc2025.progresstn.com\/fr\/cooperation\/","title":{"rendered":"Coop\u00e9ration"},"content":{"rendered":"<div class=\"wpb-content-wrapper\"><p>[vc_row][vc_column width=\u00a0\u00bb2\/3&Prime;]<div id=\"cz_72485\" class=\"cz_72485 cz_title clr cz_title_pos_inline\"><div class=\"cz_title_content\"><div class=\"cz_wpe_content\"><h3 class=\"wp-block-heading\">Organisation internationale des Institutions sup\u00e9rieures de contr\u00f4le des finances publiques (INTOSAI)<\/h3>\n<\/div><span class=\"cz_line_side_solo cz_line_side_after\">_<\/span><\/div><\/div><div id=\"cz_92099\" class=\"cz_92099 cz_title clr cz_title_pos_inline\"><div class=\"cz_title_content\"><div class=\"cz_wpe_content\"><p>L\u2019INTOSAI est une organisation ind\u00e9pendante et politiquement neutre, regroupant la majorit\u00e9 des institutions sup\u00e9rieures de contr\u00f4le. Depuis sa cr\u00e9ation en 1953, elle favorise le transfert et la diffusion du savoir pour am\u00e9liorer le contr\u00f4le externe des finances publiques \u00e0 l\u2019\u00e9chelle internationale.<\/p>\n<p>Conform\u00e9ment \u00e0 sa devise <em>\u00ab L\u2019exp\u00e9rience mutuelle profite \u00e0 tous \u00bb<\/em>, l\u2019\u00e9change d\u2019exp\u00e9riences entre les membres constitue un levier essentiel pour leur d\u00e9veloppement.<\/p>\n<p>L\u2019INTOSAI compte actuellement <strong>191 membres \u00e0 part enti\u00e8re<\/strong> et <strong>4 membres associ\u00e9s<\/strong>, et poss\u00e8de un statut sp\u00e9cial aupr\u00e8s du Conseil \u00e9conomique et social des Nations Unies. La <strong>Cour des comptes de Tunisie<\/strong> y adh\u00e8re depuis <strong>1974<\/strong> et participe activement aux congr\u00e8s triennaux (dernier : <strong>Rio de Janeiro, 2022<\/strong> ; prochain : <strong>Charm el-Cheikh, 2025<\/strong>).<\/p>\n<p>Elle a \u00e9t\u00e9 <strong>membre du Conseil d\u2019administration<\/strong> de 2001 \u00e0 2007 et contribue aux comit\u00e9s techniques, notamment au <strong>Sous-comit\u00e9 de l\u2019audit de conformit\u00e9<\/strong> depuis 2004. Gr\u00e2ce \u00e0 cette participation, la Cour a d\u00e9velopp\u00e9 une expertise reconnue dans l\u2019\u00e9laboration de <strong>normes internationales d\u2019audit<\/strong> et de <strong>guides de contr\u00f4le<\/strong>.<\/p>\n<\/div><\/div><\/div><div id=\"cz_50868\" class=\"cz_50868 cz_title clr cz_title_pos_inline\"><div class=\"cz_title_content\"><div class=\"cz_wpe_content\"><h3 class=\"wp-block-heading\">Initiative de d\u00e9veloppement de l\u2019INTOSAI (IDI)<\/h3>\n<\/div><span class=\"cz_line_side_solo cz_line_side_after\">_<\/span><\/div><\/div><div id=\"cz_95120\" class=\"cz_95120 cz_title clr cz_title_pos_inline\"><div class=\"cz_title_content\"><div class=\"cz_wpe_content\"><p>L\u2019IDI soutient le renforcement des capacit\u00e9s des ISC \u00e0 travers des programmes de formation \u00e0 long terme, d\u2019assistance technique et de partenariats internationaux.<\/p>\n<p>Cr\u00e9\u00e9e \u00e0 Sydney en 1986, l\u2019IDI est devenue une institution ind\u00e9pendante en 1999, pr\u00e9sid\u00e9e par le chef de l\u2019Institution sup\u00e9rieure de contr\u00f4le de Norv\u00e8ge.<\/p>\n<p>La <strong>Cour des comptes de Tunisie<\/strong> participe activement \u00e0 ces formations, certains juges y intervenant en tant que formateurs. Depuis 2005, un juge tunisien occupe le poste de <strong>Directeur du programme IDI<\/strong> pour les ISC arabes et africaines francophones.<\/p>\n<p>Parmi les programmes r\u00e9cents : <strong>TOGETHER<\/strong> (RH), <strong>MASTERY<\/strong> (finances publiques), <strong>PESA<\/strong> (formation professionnelle des auditeurs) et <strong>GSAI<\/strong> (redevabilit\u00e9). La Cour participe aussi \u00e0 des initiatives comme <strong>SPMR<\/strong> (planification strat\u00e9gique), <strong>pICTure<\/strong> (gouvernance num\u00e9rique), <strong>TOGETHER<\/strong> (RH) et <strong>CRISP<\/strong> (leadership strat\u00e9gique).<\/p>\n<\/div><\/div><\/div>[\/vc_column][vc_column width=\u00a0\u00bb1\/3&Prime;]<div id=\"cz_105862\" data-position=\"top-right\" class=\"cz_105862 cz_image clr cz_image_no_fx\"><div class=\"\" ><div class=\"cz_image_in\" data-tilt><div class=\"cz_main_image\"><img loading=\"lazy\" decoding=\"async\" width=\"330\" height=\"681\" src=\"https:\/\/cdc2025.progresstn.com\/wp-content\/uploads\/2025\/12\/Flag_map_of_Tunisia.png\" class=\"attachment-full\" alt=\"\" title=\"Flag_map_of_Tunisia\" srcset=\"https:\/\/cdc2025.progresstn.com\/wp-content\/uploads\/2025\/12\/Flag_map_of_Tunisia.png 330w, https:\/\/cdc2025.progresstn.com\/wp-content\/uploads\/2025\/12\/Flag_map_of_Tunisia-145x300.png 145w\" sizes=\"auto, (max-width: 330px) 100vw, 330px\" \/><\/div><\/div><\/div><\/div>[\/vc_column][\/vc_row][vc_row][vc_column width=\u00a0\u00bb1\/3&Prime;]<div id=\"cz_105862\" data-position=\"top-right\" class=\"cz_105862 cz_image clr cz_image_no_fx\"><div class=\"\" ><div class=\"cz_image_in\" data-tilt><div class=\"cz_main_image\"><img loading=\"lazy\" decoding=\"async\" width=\"330\" height=\"681\" src=\"https:\/\/cdc2025.progresstn.com\/wp-content\/uploads\/2025\/12\/Flag_map_of_Tunisia.png\" class=\"attachment-full\" alt=\"\" title=\"Flag_map_of_Tunisia\" srcset=\"https:\/\/cdc2025.progresstn.com\/wp-content\/uploads\/2025\/12\/Flag_map_of_Tunisia.png 330w, https:\/\/cdc2025.progresstn.com\/wp-content\/uploads\/2025\/12\/Flag_map_of_Tunisia-145x300.png 145w\" sizes=\"auto, (max-width: 330px) 100vw, 330px\" \/><\/div><\/div><\/div><\/div>[\/vc_column][vc_column width=\u00a0\u00bb2\/3&Prime;]<div class=\"cz_gap clr \" style=\"height: 20px\"><\/div><div id=\"cz_59766\" class=\"cz_59766 cz_title clr cz_title_pos_inline\"><div class=\"cz_title_content\"><div class=\"cz_wpe_content\"><h3 class=\"wp-block-heading\">Organisation arabe des institutions sup\u00e9rieures de contr\u00f4le des finances publiques (ARABOSAI)<\/h3>\n<\/div><span class=\"cz_line_side_solo cz_line_side_after\">_<\/span><\/div><\/div><div id=\"cz_15657\" class=\"cz_15657 cz_title clr cz_title_pos_inline\"><div class=\"cz_title_content\"><div class=\"cz_wpe_content\"><p>L\u2019ARABOSAI a \u00e9t\u00e9 fond\u00e9e en <strong>1976<\/strong> au Caire et regroupe les ISC des pays membres de la Ligue arabe. Son <strong>Secr\u00e9tariat g\u00e9n\u00e9ral<\/strong> est assur\u00e9 par la <strong>Cour des comptes de Tunisie<\/strong> depuis 1983.<\/p>\n<p>Elle vise \u00e0 favoriser les \u00e9changes d\u2019id\u00e9es, d\u2019exp\u00e9riences et d\u2019\u00e9tudes dans le domaine du contr\u00f4le des finances publiques.<\/p>\n<p>La derni\u00e8re assembl\u00e9e g\u00e9n\u00e9rale (13e) s\u2019est tenue \u00e0 <strong>Doha en 2019<\/strong> et la prochaine (15e) aura lieu en <strong>Arabie Saoudite fin 2025<\/strong>. La Cour des comptes tunisienne joue un r\u00f4le central dans l\u2019organisation, la formation et la coop\u00e9ration technique entre ISC arabes.<\/p>\n<\/div><\/div><\/div><div id=\"cz_39367\" class=\"cz_39367 cz_title clr cz_title_pos_inline\"><div class=\"cz_title_content\"><div class=\"cz_wpe_content\"><h3 class=\"wp-block-heading\">Organisation africaine des institutions sup\u00e9rieures de contr\u00f4le des finances publiques (AFROSAI)<\/h3>\n<\/div><span class=\"cz_line_side_solo cz_line_side_after\">_<\/span><\/div><\/div><div id=\"cz_100666\" class=\"cz_100666 cz_title clr cz_title_pos_inline\"><div class=\"cz_title_content\"><div class=\"cz_wpe_content\"><p>L\u2019AFROSAI a \u00e9t\u00e9 fond\u00e9e en <strong>1976<\/strong> \u00e0 la suite des recommandations du Congr\u00e8s de l\u2019INTOSAI de Madrid (1974). Son assembl\u00e9e constitutive s\u2019est tenue au Cameroun.<\/p>\n<p>Le Secr\u00e9tariat g\u00e9n\u00e9ral a \u00e9t\u00e9 confi\u00e9 successivement au Togo, \u00e0 la Libye, puis au <strong>Maroc<\/strong> \u00e0 partir de <strong>2025<\/strong>.<\/p>\n<p>Elle regroupe les ISC des <strong>54 pays africains<\/strong> et de la <strong>CEDEAO<\/strong>. La <strong>Cour des comptes tunisienne<\/strong> est membre depuis 1976 et a si\u00e9g\u00e9 au comit\u00e9 ex\u00e9cutif de 1999 \u00e0 2007. Elle a accueilli la r\u00e9union du comit\u00e9 ex\u00e9cutif en septembre 2000.<\/p>\n<\/div><\/div><\/div>[\/vc_column][\/vc_row][vc_row][vc_column width=\u00a0\u00bb2\/3&Prime;]<div class=\"cz_gap clr \" style=\"height: 20px\"><\/div><div id=\"cz_67032\" class=\"cz_67032 cz_title clr cz_title_pos_inline\"><div class=\"cz_title_content\"><div class=\"cz_wpe_content\"><h3 class=\"wp-block-heading\">Association des institutions sup\u00e9rieures de contr\u00f4le des finances publiques ayant en commun l\u2019usage du fran\u00e7ais (AISCCUF)<\/h3>\n<\/div><span class=\"cz_line_side_solo cz_line_side_after\">_<\/span><\/div><\/div><div id=\"cz_56245\" class=\"cz_56245 cz_title clr cz_title_pos_inline\"><div class=\"cz_title_content\"><div class=\"cz_wpe_content\"><p>L\u2019AISCCUF a tenu son congr\u00e8s fondateur \u00e0 <strong>Paris, le 22 septembre 1994<\/strong>. La Cour des comptes tunisienne en est membre fondateur et si\u00e8ge au <strong>Bureau ex\u00e9cutif<\/strong> depuis 2001. Elle a exerc\u00e9 la <strong>vice-pr\u00e9sidence<\/strong> de 2001 \u00e0 2005.<\/p>\n<p>L\u2019association regroupe une quarantaine d\u2019ISC francophones sous l\u2019\u00e9gide de l\u2019Organisation internationale de la Francophonie (OIF). La 9e Assembl\u00e9e g\u00e9n\u00e9rale s\u2019est tenue \u00e0 <strong>Abidjan en 2022<\/strong> et la 10e \u00e0 <strong>Dakar en 2024<\/strong>.<\/p>\n<p>La <strong>Cour des comptes tunisienne<\/strong> continue de participer activement aux s\u00e9minaires et forums organis\u00e9s dans le cadre de cette coop\u00e9ration.<br \/>\n<strong>2e vice-pr\u00e9sidente (2025\u20132028)<\/strong> : Fadhila Gargouri, Vice-premi\u00e8re pr\u00e9sidente de la Cour des comptes de Tunisie.<\/p>\n<\/div><\/div><\/div><div id=\"cz_13989\" class=\"cz_13989 cz_title clr cz_title_pos_inline\"><div class=\"cz_title_content\"><div class=\"cz_wpe_content\"><h3 class=\"wp-block-heading\">Organismes de soutien technique et financier<\/h3>\n<\/div><span class=\"cz_line_side_solo cz_line_side_after\">_<\/span><\/div><\/div><div id=\"cz_16183\" class=\"cz_16183 cz_title clr cz_title_pos_inline\"><div class=\"cz_title_content\"><div class=\"cz_wpe_content\"><h4 class=\"wp-block-heading\">PNUD<\/h4>\n<p>Le projet des Nations Unies intitul\u00e9 <em>\u00ab La Cour des Comptes : moyen de transparence et confiance dans la gestion publique \u00bb<\/em> s\u2019inscrit dans le cadre du d\u00e9veloppement de l\u2019efficacit\u00e9 et de l\u2019efficience des organismes de l\u2019\u00c9tat. Ce projet, \u00e9labor\u00e9 par le <strong>PNUD<\/strong> en partenariat avec la <strong>KOICA<\/strong>, vise \u00e0 moderniser la Cour et ses capacit\u00e9s dans le secteur du contr\u00f4le des finances publiques, en mettant l\u2019accent sur la digitalisation. Les objectifs sont : pr\u00e9senter de nouveaux concepts et normes d\u2019\u00e9valuation ; \u00e9tablir un syst\u00e8me qualit\u00e9 fond\u00e9 sur des standards internationaux ; renforcer l\u2019ouverture de la Cour des comptes \u00e0 l\u2019\u00e9chelle locale et internationale ; d\u00e9velopper la strat\u00e9gie RH ; et acc\u00e9l\u00e9rer la modernisation des m\u00e9thodes de travail. La coop\u00e9ration se poursuit avec l\u2019appui d\u2019experts pour la mise \u00e0 jour des statuts institutionnels et l\u2019\u00e9largissement des partenariats, notamment avec la Banque mondiale.<\/p>\n<h4 class=\"wp-block-heading\">GIZ<\/h4>\n<p>La Cour des Comptes entretient depuis <strong>1990<\/strong> une coop\u00e9ration durable avec la <strong>GIZ<\/strong> (coop\u00e9ration technique allemande), notamment dans le cadre de la cr\u00e9ation d\u2019une Cour des comptes en Mauritanie. Parmi les actions marquantes : une conf\u00e9rence maghr\u00e9bine (mai 2012) sur <em>l\u2019audit de performance et les politiques publiques<\/em> ; une r\u00e9union en Alg\u00e9rie (avril 2010) sur le r\u00f4le et la responsabilit\u00e9 des intervenants dans la gestion publique ; et un workshop au Maroc (octobre 2009) sur <em>les finances publiques et la bonne gouvernance<\/em>. Actuellement, la GIZ finance le d\u00e9veloppement de deux applications pour la Cour : l\u2019une pour l\u2019analyse des donn\u00e9es financi\u00e8res, l\u2019autre pour la gestion des missions de suivi.<\/p>\n<h4 class=\"wp-block-heading\">Contrat de jumelage<\/h4>\n<p>La Cour des comptes tunisienne a b\u00e9n\u00e9fici\u00e9, dans le cadre du <strong>Programme d\u2019Appui \u00e0 l\u2019Accord d\u2019Association et au Plan d\u2019Action Voisinage (P3AII)<\/strong> conclu avec la Commission europ\u00e9enne, d\u2019un <strong>contrat de jumelage<\/strong> de 30 mois (1,461 M\u20ac) destin\u00e9 au renforcement des capacit\u00e9s institutionnelles. Ce programme s\u2019est achev\u00e9 avec la fin du Cadre unique d\u2019appui 2017\u20132020. Depuis juillet 2023, la coop\u00e9ration s\u2019est renouvel\u00e9e via un <strong>M\u00e9morandum d\u2019entente<\/strong> avec cinq axes prioritaires. Un nouveau programme de <strong>150 M\u20ac<\/strong> approuv\u00e9 en d\u00e9cembre 2023 cible la modernisation de la gestion des finances publiques et du climat des affaires. Les r\u00e9sultats majeurs incluent la revalorisation du contr\u00f4le juridictionnel, le d\u00e9veloppement de l\u2019audit de performance et de l\u2019audit informatique, la red\u00e9finition des missions et l\u2019am\u00e9lioration du syst\u00e8me d\u2019information.<\/p>\n<\/div><\/div><\/div><div id=\"cz_49791\" class=\"cz_49791 cz_title clr cz_title_pos_inline\"><div class=\"cz_title_content\"><div class=\"cz_wpe_content\"><h3 class=\"wp-block-heading\">Coop\u00e9ration bilat\u00e9rale<\/h3>\n<\/div><span class=\"cz_line_side_solo cz_line_side_after\">_<\/span><\/div><\/div><div id=\"cz_82543\" class=\"cz_82543 cz_title clr cz_title_pos_inline\"><div class=\"cz_title_content\"><div class=\"cz_wpe_content\"><h4 class=\"wp-block-heading\">Accords de coop\u00e9ration bilat\u00e9rale avec des institutions amies et s\u0153urs<\/h4>\n<p><em>(Aper\u00e7u historique et perspectives de coop\u00e9ration bilat\u00e9rale)<\/em><br \/>\nL\u2019ouverture de la Cour des comptes tunisienne sur son environnement ne s\u2019est pas limit\u00e9e \u00e0 l\u2019INTOSAI et aux organisations r\u00e9gionales. En effet, l\u2019institution a, depuis plusieurs ann\u00e9es, entrepris de d\u00e9velopper des relations bilat\u00e9rales privil\u00e9gi\u00e9es avec de nombreuses institutions sup\u00e9rieures de contr\u00f4le. Parmi ces partenaires figurent notamment la Cour des comptes de France, la Cour des comptes des Pays-Bas, le National Audit Office du Royaume-Uni, ainsi que la Cour des comptes du Portugal. Ces exemples illustrent la diversit\u00e9 et la richesse des formes de coop\u00e9ration \u00e9tablies par la Cour des comptes tout au long d\u2019une exp\u00e9rience institutionnelle de pr\u00e8s de soixante ans. Plus r\u00e9cemment, des accords de coop\u00e9ration ont \u00e9t\u00e9 sign\u00e9s avec les institutions sup\u00e9rieures de contr\u00f4le de Libye et d\u2019Arabie saoudite, ouvrant de nouvelles perspectives d\u2019\u00e9changes et de partenariat.<\/p>\n<h4 class=\"wp-block-heading\">La Cour des comptes fran\u00e7aise<\/h4>\n<p>La Cour des comptes tunisienne entretient avec son homologue fran\u00e7aise des relations de coop\u00e9ration et d\u2019\u00e9changes traditionnelles qui remontent au d\u00e9but des ann\u00e9es 1970 et qui se sont concr\u00e9tis\u00e9es notamment par : des visites r\u00e9guli\u00e8res des responsables des deux Cours (la derni\u00e8re \u00e9tant celle de M. Philippe S\u00e9guin, Premier Pr\u00e9sident, en mars 2008 \u00e0 l\u2019occasion du 40\u1d49 anniversaire de la Cour tunisienne) ; un programme de formation de magistrats et de greffiers, ainsi que des visites d\u2019\u00e9tudes et d\u2019information ; l\u2019\u00e9change r\u00e9gulier de documentation, notamment la r\u00e9ception par la Cour tunisienne de l\u2019Infolettre \u00ab Article 15 \u00bb et des rapports publics de la Cour des comptes fran\u00e7aise.<\/p>\n<p>Parmi les \u00e9changes notables : la Chambre r\u00e9gionale de Sousse a accueilli en juin et juillet 2009 des experts fran\u00e7ais pour \u00e9tablir le diagnostic du contr\u00f4le judiciaire, dans le cadre du jumelage avec la Chambre r\u00e9gionale Rh\u00f4ne-Alpes. En f\u00e9vrier 2009, la Cour des comptes tunisienne a accueilli la r\u00e9union ordinaire des Cours tunisienne et fran\u00e7aise, sous le haut patronage des pr\u00e9sidents des deux institutions. Cette r\u00e9union, consacr\u00e9e au r\u00f4le de la Cour dans le syst\u00e8me de contr\u00f4le des finances publiques, a donn\u00e9 lieu \u00e0 la signature d\u2019un contrat de jumelage entre la Chambre r\u00e9gionale de Gafsa et celle de Lorraine.<\/p>\n<h4 class=\"wp-block-heading\">Le Bureau du V\u00e9rificateur G\u00e9n\u00e9ral du Canada<\/h4>\n<p>Les relations \u00e9troites de coop\u00e9ration avec le <strong>Bureau du V\u00e9rificateur G\u00e9n\u00e9ral du Canada<\/strong>, le <strong>Bureau du V\u00e9rificateur G\u00e9n\u00e9ral du Qu\u00e9bec<\/strong> et la <strong>Fondation Canadienne pour la V\u00e9rification Int\u00e9gr\u00e9e<\/strong> remontent au d\u00e9but des ann\u00e9es 1980. Ces relations ont port\u00e9 principalement sur : des stages de formation th\u00e9orique et pratique d\u2019une dur\u00e9e de dix mois au profit d\u2019une douzaine de magistrats (1989\u20132002) ; et la participation des v\u00e9rificateurs g\u00e9n\u00e9raux du Canada et du Qu\u00e9bec, de plusieurs experts ainsi que de la Fondation Canadienne, \u00e0 des manifestations scientifiques et professionnelles organis\u00e9es par la Cour des comptes (ateliers de formation, s\u00e9minaires, forums).<\/p>\n<h4 class=\"wp-block-heading\">La Cour des comptes hollandaise<\/h4>\n<p>La Cour des comptes tunisienne a entam\u00e9 des relations de coop\u00e9ration avec la <strong>Netherlands Court of Audit (NCA)<\/strong> en <strong>2009<\/strong> dans le cadre d\u2019un jumelage entre les deux institutions. Ce jumelage, financ\u00e9 par le Minist\u00e8re des Affaires \u00e9trang\u00e8res des Pays-Bas, s\u2019est achev\u00e9 en <strong>2014<\/strong>. Depuis <strong>2022<\/strong>, la coop\u00e9ration s\u2019est renouvel\u00e9e et \u00e9largie dans le cadre du programme <strong>Sharaka II (2022\u20132026)<\/strong>, incluant sept ISC de la r\u00e9gion MENA.<\/p>\n<p>L\u2019objectif principal de cette coop\u00e9ration est de promouvoir la bonne gouvernance et de renforcer la gestion publique en Tunisie et aux Pays-Bas par la mise en place de strat\u00e9gies et de m\u00e9thodes de travail communes. Le programme <strong>Sharaka II<\/strong> se concentre sur des audits de performance parall\u00e8les portant sur les Objectifs de D\u00e9veloppement Durable (ODD) : <strong>ODD 11<\/strong> (villes et communaut\u00e9s durables, 2022\u20132023), <strong>ODD 6<\/strong> (eau propre et assainissement) et <strong>ODD 13<\/strong> (action climatique, 2024\u20132025).<\/p>\n<p>Cette coop\u00e9ration s\u2019est adapt\u00e9e aux contraintes sanitaires gr\u00e2ce \u00e0 l\u2019organisation d\u2019\u00e9changes virtuels et de webinaires. Dans le cadre du programme initial, plusieurs activit\u00e9s notables ont \u00e9t\u00e9 men\u00e9es : une r\u00e9union scientifique en avril 2013 sur le <em>syst\u00e8me d\u2019auto-\u00e9valuation de l\u2019int\u00e9grit\u00e9<\/em> ; la mise en \u0153uvre de la phase de diagnostic du contr\u00f4le des technologies de l\u2019information en juillet 2013 ; et la pr\u00e9paration de missions pilotes pour la cr\u00e9ation d\u2019un syst\u00e8me de contr\u00f4le de qualit\u00e9 des missions d\u2019audit.<\/p>\n<\/div><\/div><\/div>[\/vc_column][vc_column width=\u00a0\u00bb1\/3&Prime;]<div id=\"cz_105862\" data-position=\"top-right\" class=\"cz_105862 cz_image clr cz_image_no_fx\"><div class=\"\" ><div class=\"cz_image_in\" data-tilt><div class=\"cz_main_image\"><img loading=\"lazy\" decoding=\"async\" width=\"330\" height=\"681\" src=\"https:\/\/cdc2025.progresstn.com\/wp-content\/uploads\/2025\/12\/Flag_map_of_Tunisia.png\" class=\"attachment-full\" alt=\"\" title=\"Flag_map_of_Tunisia\" srcset=\"https:\/\/cdc2025.progresstn.com\/wp-content\/uploads\/2025\/12\/Flag_map_of_Tunisia.png 330w, https:\/\/cdc2025.progresstn.com\/wp-content\/uploads\/2025\/12\/Flag_map_of_Tunisia-145x300.png 145w\" sizes=\"auto, (max-width: 330px) 100vw, 330px\" \/><\/div><\/div><\/div><\/div><div id=\"cz_105862\" data-position=\"top-right\" class=\"cz_105862 cz_image clr cz_image_no_fx\"><div class=\"\" ><div class=\"cz_image_in\" data-tilt><div class=\"cz_main_image\"><img loading=\"lazy\" decoding=\"async\" width=\"330\" height=\"681\" src=\"https:\/\/cdc2025.progresstn.com\/wp-content\/uploads\/2025\/12\/Flag_map_of_Tunisia.png\" class=\"attachment-full\" alt=\"\" title=\"Flag_map_of_Tunisia\" srcset=\"https:\/\/cdc2025.progresstn.com\/wp-content\/uploads\/2025\/12\/Flag_map_of_Tunisia.png 330w, https:\/\/cdc2025.progresstn.com\/wp-content\/uploads\/2025\/12\/Flag_map_of_Tunisia-145x300.png 145w\" sizes=\"auto, (max-width: 330px) 100vw, 330px\" \/><\/div><\/div><\/div><\/div><div id=\"cz_105862\" data-position=\"top-right\" class=\"cz_105862 cz_image clr cz_image_no_fx\"><div class=\"\" ><div class=\"cz_image_in\" data-tilt><div class=\"cz_main_image\"><img loading=\"lazy\" decoding=\"async\" width=\"330\" height=\"681\" src=\"https:\/\/cdc2025.progresstn.com\/wp-content\/uploads\/2025\/12\/Flag_map_of_Tunisia.png\" class=\"attachment-full\" alt=\"\" title=\"Flag_map_of_Tunisia\" srcset=\"https:\/\/cdc2025.progresstn.com\/wp-content\/uploads\/2025\/12\/Flag_map_of_Tunisia.png 330w, https:\/\/cdc2025.progresstn.com\/wp-content\/uploads\/2025\/12\/Flag_map_of_Tunisia-145x300.png 145w\" sizes=\"auto, (max-width: 330px) 100vw, 330px\" \/><\/div><\/div><\/div><\/div><div id=\"cz_105862\" data-position=\"top-right\" class=\"cz_105862 cz_image clr cz_image_no_fx\"><div class=\"\" ><div class=\"cz_image_in\" data-tilt><div class=\"cz_main_image\"><img loading=\"lazy\" decoding=\"async\" width=\"330\" height=\"681\" src=\"https:\/\/cdc2025.progresstn.com\/wp-content\/uploads\/2025\/12\/Flag_map_of_Tunisia.png\" class=\"attachment-full\" alt=\"\" title=\"Flag_map_of_Tunisia\" srcset=\"https:\/\/cdc2025.progresstn.com\/wp-content\/uploads\/2025\/12\/Flag_map_of_Tunisia.png 330w, https:\/\/cdc2025.progresstn.com\/wp-content\/uploads\/2025\/12\/Flag_map_of_Tunisia-145x300.png 145w\" sizes=\"auto, (max-width: 330px) 100vw, 330px\" \/><\/div><\/div><\/div><\/div><div id=\"cz_105862\" data-position=\"top-right\" class=\"cz_105862 cz_image clr cz_image_no_fx\"><div class=\"\" ><div class=\"cz_image_in\" data-tilt><div class=\"cz_main_image\"><img loading=\"lazy\" decoding=\"async\" width=\"330\" height=\"681\" src=\"https:\/\/cdc2025.progresstn.com\/wp-content\/uploads\/2025\/12\/Flag_map_of_Tunisia.png\" class=\"attachment-full\" alt=\"\" title=\"Flag_map_of_Tunisia\" srcset=\"https:\/\/cdc2025.progresstn.com\/wp-content\/uploads\/2025\/12\/Flag_map_of_Tunisia.png 330w, https:\/\/cdc2025.progresstn.com\/wp-content\/uploads\/2025\/12\/Flag_map_of_Tunisia-145x300.png 145w\" sizes=\"auto, (max-width: 330px) 100vw, 330px\" \/><\/div><\/div><\/div><\/div>[\/vc_column][\/vc_row][vc_row][vc_column]<div id=\"cz_67502\" class=\"cz_67502 cz_title clr cz_title_pos_inline\"><div class=\"cz_title_content\"><div class=\"cz_wpe_content\"><h3 class=\"wp-block-heading\">Universit\u00e9s et institutions universitaires<\/h3>\n<\/div><span class=\"cz_line_side_solo cz_line_side_after\">_<\/span><\/div><\/div><div id=\"cz_28253\" class=\"cz_28253 cz_title clr cz_title_pos_inline\"><div class=\"cz_title_content\"><div class=\"cz_wpe_content\"><h4 class=\"wp-block-heading\">Facult\u00e9 de droit de Sfax<\/h4>\n<p>La Cour des comptes tunisienne entretient une coop\u00e9ration acad\u00e9mique et scientifique avec la <strong>Facult\u00e9 de droit de Sfax<\/strong>, dans le cadre du d\u00e9veloppement de la recherche universitaire en mati\u00e8re de contr\u00f4le des finances publiques, de transparence et de bonne gouvernance. Cette collaboration vise \u00e0 encourager les \u00e9changes entre magistrats et universitaires, \u00e0 promouvoir la formation sp\u00e9cialis\u00e9e et \u00e0 renforcer le lien entre la pratique juridictionnelle et l\u2019enseignement sup\u00e9rieur.<\/p>\n<\/div><\/div><\/div>[\/vc_column][\/vc_row]<\/p>\n<\/div>","protected":false},"excerpt":{"rendered":"<p>[vc_row][vc_column width=\u00a0\u00bb2\/3&Prime;][\/vc_column][vc_column width=\u00a0\u00bb1\/3&Prime;][\/vc_column][\/vc_row][vc_row][vc_column width=\u00a0\u00bb1\/3&Prime;][\/vc_column][vc_column width=\u00a0\u00bb2\/3&Prime;][\/vc_column][\/vc_row][vc_row][vc_column width=\u00a0\u00bb2\/3&Prime;][\/vc_column][vc_column width=\u00a0\u00bb1\/3&Prime;][\/vc_column][\/vc_row][vc_row][vc_column][\/vc_column][\/vc_row] &#8230; <\/p>\n","protected":false},"author":2,"featured_media":0,"parent":0,"menu_order":0,"comment_status":"closed","ping_status":"closed","template":"","meta":{"footnotes":""},"class_list":["post-1759","page","type-page","status-publish","hentry"],"_links":{"self":[{"href":"https:\/\/cdc2025.progresstn.com\/fr\/wp-json\/wp\/v2\/pages\/1759","targetHints":{"allow":["GET"]}}],"collection":[{"href":"https:\/\/cdc2025.progresstn.com\/fr\/wp-json\/wp\/v2\/pages"}],"about":[{"href":"https:\/\/cdc2025.progresstn.com\/fr\/wp-json\/wp\/v2\/types\/page"}],"author":[{"embeddable":true,"href":"https:\/\/cdc2025.progresstn.com\/fr\/wp-json\/wp\/v2\/users\/2"}],"replies":[{"embeddable":true,"href":"https:\/\/cdc2025.progresstn.com\/fr\/wp-json\/wp\/v2\/comments?post=1759"}],"version-history":[{"count":10,"href":"https:\/\/cdc2025.progresstn.com\/fr\/wp-json\/wp\/v2\/pages\/1759\/revisions"}],"predecessor-version":[{"id":2578,"href":"https:\/\/cdc2025.progresstn.com\/fr\/wp-json\/wp\/v2\/pages\/1759\/revisions\/2578"}],"wp:attachment":[{"href":"https:\/\/cdc2025.progresstn.com\/fr\/wp-json\/wp\/v2\/media?parent=1759"}],"curies":[{"name":"wp","href":"https:\/\/api.w.org\/{rel}","templated":true}]}}