


{"id":1763,"date":"2025-11-26T09:27:26","date_gmt":"2025-11-26T08:27:26","guid":{"rendered":"https:\/\/cdc2025.progresstn.com\/%d8%a7%d9%84%d9%85%d8%b1%d8%a7%d8%ac%d8%b9-%d8%a7%d9%84%d9%82%d8%a7%d9%86%d9%88%d9%86%d9%8a%d8%a9\/"},"modified":"2025-12-09T22:19:16","modified_gmt":"2025-12-09T21:19:16","slug":"reference-legales","status":"publish","type":"page","link":"https:\/\/cdc2025.progresstn.com\/fr\/reference-legales\/","title":{"rendered":"R\u00e9f\u00e9rence L\u00e9gales"},"content":{"rendered":"<div class=\"wpb-content-wrapper\"><p>[vc_row][vc_column width=\u00a0\u00bb1\/4&Prime;]<div class=\"cz_gap clr \" style=\"height: 50px\"><\/div><div id=\"cz_36936\" data-position=\"top-right\" class=\"cz_36936 cz_image clr cz_image_no_fx center_on_mobile\"><div class=\"\" ><div class=\"cz_image_in\" data-tilt><div class=\"cz_main_image\"><img loading=\"lazy\" decoding=\"async\" width=\"250\" height=\"300\" src=\"https:\/\/cdc2025.progresstn.com\/wp-content\/uploads\/2017\/08\/t1-1.jpg\" class=\"attachment-full\" alt=\"\" title=\"t1\" \/><\/div><\/div><\/div><\/div>[\/vc_column][vc_column width=\u00a0\u00bb3\/4&Prime;]<div id=\"cz_17808\" class=\"cz_17808 cz_title clr cz_title_pos_inline\"><div class=\"cz_title_content\"><div class=\"cz_wpe_content\"><h3 class=\"wp-block-heading\">La Constitution<\/h3>\n<\/div><span class=\"cz_line_side_solo cz_line_side_after\">_<\/span><\/div><\/div><div id=\"cz_38568\" class=\"cz_38568 cz_title clr cz_title_pos_inline\"><div class=\"cz_title_content\"><div class=\"cz_wpe_content\"><h4><strong>La Constitution de la R\u00e9publique tunisienne du 25 juillet 2022<\/strong><\/h4>\n<p>Chapitre V \u2013 La fonction juridictionnelle<strong>Art. 117<\/strong>\u00a0\u2013 La magistrature est une fonction ind\u00e9pendante exerc\u00e9e par des magistrats qui ne sont soumis dans l\u2019exercice de leurs fonctions qu\u2019\u00e0 l\u2019autorit\u00e9 de la loi.\u00a0<strong>Art. 118<\/strong>\u00a0\u2013 Les jugements sont rendus au nom du peuple et ex\u00e9cut\u00e9s au nom du Pr\u00e9sident de la R\u00e9publique.\u00a0<strong>Art. 119<\/strong>\u00a0\u2013 La magistrature est compos\u00e9e de la justice judiciaire, administrative et financi\u00e8re. Chacune de ces cat\u00e9gories est supervis\u00e9e par un conseil sup\u00e9rieur. La loi organise chacun des trois conseils susmentionn\u00e9s.<\/p>\n<\/div><\/div><\/div><div id=\"cz_34064\" class=\"cz_34064 cz_title clr cz_title_pos_inline\"><div class=\"cz_title_content\"><div class=\"cz_wpe_content\"><h3 class=\"wp-block-heading\">Lois et d\u00e9crets-lois<\/h3>\n<h4 class=\"wp-block-heading\">La loi relative \u00e0 la cour des comptes<\/h4>\n<\/div><\/div><\/div><ul id=\"cz_44331\" class=\"cz_44331 cz_stylish_list clr cz_sl_icon_hover_zoom_in\"><li class=\"clr\"><div class=\"cz_sl_icon\"><i class=\"fas fa-building-columns mr10\" ><\/i><\/div><div><span>\n    Loi organique n\u00b0 2019-41 du 30 avril 2019 relative \u00e0 la cour des comptes.<\/span><\/div><\/li><\/ul>[\/vc_column][\/vc_row][vc_row][vc_column width=\u00a0\u00bb2\/3&Prime;]<div id=\"cz_98411\" class=\"cz_98411 cz_title clr cz_title_pos_inline\"><div class=\"cz_title_content\"><div class=\"cz_wpe_content\"><h4 class=\"wp-block-heading\">Les autres lois et d\u00e9crets-lois pertinents<\/h4>\n<\/div><\/div><\/div><ul id=\"cz_100101\" class=\"cz_100101 cz_stylish_list clr cz_sl_icon_hover_zoom_in\"><li class=\"clr\"><div class=\"cz_sl_icon\"><i class=\"fas fa-building-columns mr10\" ><\/i><\/div><div><span>Loi organique n\u00b0 2019-15 du 13 f\u00e9vrier 2019, relative \u00e0 la loi organique du budget notamment l\u2019article 41.<\/span><\/div><\/li><li class=\"clr\"><div class=\"cz_sl_icon\"><i class=\"fas fa-building-columns mr10\" ><\/i><\/div><div><span>Code de la comptabilit\u00e9 publique promulgu\u00e9 par la loi n\u00b0 81 du 31 d\u00e9cembre 1973, tel que modifi\u00e9 et mis \u00e0 jour par les textes subs\u00e9quents et notamment la loi n\u00b0 2018-56 du 27 d\u00e9cembre 2018 (amendement de l\u2019article 126).<\/span><\/div><\/li><li class=\"clr\"><div class=\"cz_sl_icon\"><i class=\"fas fa-building-columns mr10\" ><\/i><\/div><div><span>Loi organique n\u00b0 2014-16 du 26 mai 2014, relative aux \u00e9lections et aux r\u00e9f\u00e9rendums, telle que modifi\u00e9e et mise \u00e0 jour par les textes subs\u00e9quents, notamment la loi organique n\u00b0 2024-45 du 28 septembre 2028.<\/span><\/div><\/li><li class=\"clr\"><div class=\"cz_sl_icon\"><i class=\"fas fa-building-columns mr10\" ><\/i><\/div><div><span>D\u00e9cret-loi n\u00b0 2011-88 du 24 septembre 2011, relatif aux associations.<\/span><\/div><\/li><li class=\"clr\"><div class=\"cz_sl_icon\"><i class=\"fas fa-building-columns mr10\" ><\/i><\/div><div><span>D\u00e9cret-loi n\u00b0 2011-87 du 24 septembre 2011 organisant les partis politiques.<\/span><\/div><\/li><li class=\"clr\"><div class=\"cz_sl_icon\"><i class=\"fas fa-building-columns mr10\" ><\/i><\/div><div><span>Code des collectivit\u00e9s locales promulgu\u00e9 par la loi organique n\u00b0 29 du 9 mai 2018. Ses dispositions demeurent applicables en tant qu\u2019elles ne sont pas contraires aux nouvelles dispositions constitutionnelles ni aux textes post\u00e9rieurs, notamment le d\u00e9cret-loi n\u00b0 2023-09 du 8 mars 2023 relatif \u00e0 la dissolution des conseils municipaux.<\/span><\/div><\/li><\/ul>[\/vc_column][vc_column width=\u00a0\u00bb1\/3&Prime;]<div id=\"cz_63513\" data-position=\"top-right\" class=\"cz_63513 cz_image clr cz_image_no_fx center_on_mobile\"><div class=\"\" ><div class=\"cz_image_in\" data-tilt><div class=\"cz_main_image\"><img loading=\"lazy\" decoding=\"async\" width=\"330\" height=\"681\" src=\"https:\/\/cdc2025.progresstn.com\/wp-content\/uploads\/2025\/12\/Flag_map_of_Tunisia.png\" class=\"attachment-full\" alt=\"\" title=\"Flag_map_of_Tunisia\" srcset=\"https:\/\/cdc2025.progresstn.com\/wp-content\/uploads\/2025\/12\/Flag_map_of_Tunisia.png 330w, https:\/\/cdc2025.progresstn.com\/wp-content\/uploads\/2025\/12\/Flag_map_of_Tunisia-145x300.png 145w\" sizes=\"auto, (max-width: 330px) 100vw, 330px\" \/><\/div><\/div><\/div><\/div>[\/vc_column][\/vc_row][vc_row][vc_column]<div id=\"cz_99471\" class=\"cz_99471 cz_title clr cz_title_pos_inline\"><div class=\"cz_title_content\"><div class=\"cz_wpe_content\"><h3 class=\"wp-block-heading\">Textes r\u00e9glementaires<\/h3>\n<\/div><span class=\"cz_line_side_solo cz_line_side_after\">_<\/span><\/div><\/div><ul id=\"cz_63614\" class=\"cz_63614 cz_stylish_list clr cz_sl_icon_hover_zoom_in\"><li class=\"clr\"><div class=\"cz_sl_icon\"><i class=\"fas fa-building-columns mr10\" ><\/i><\/div><div><span>D\u00e9cret n\u00b0 2001-2304 du 2 octobre 2001, portant cr\u00e9ation d\u2019une Chambre r\u00e9gionale relevant de la Cour des comptes \u00e0 Sousse et fixant son cadre territorial.<\/span><\/div><\/li><li class=\"clr\"><div class=\"cz_sl_icon\"><i class=\"fas fa-building-columns mr10\" ><\/i><\/div><div><span>D\u00e9cret n\u00b0 2003-2635 du 23 octobre 2001, portant cr\u00e9ation d\u2019une Chambre r\u00e9gionale relevant de la Cour des comptes \u00e0 Sfax et fixant son cadre territorial.<\/span><\/div><\/li><li class=\"clr\"><div class=\"cz_sl_icon\"><i class=\"fas fa-building-columns mr10\" ><\/i><\/div><div><span>D\u00e9cret n\u00b0 2005-1594 du 23 mai 2005, portant cr\u00e9ation d\u2019une Chambre r\u00e9gionale relevant de la Cour des comptes \u00e0 Gafsa et fixant son cadre territorial.<\/span><\/div><\/li><li class=\"clr\"><div class=\"cz_sl_icon\"><i class=\"fas fa-building-columns mr10\" ><\/i><\/div><div><span>D\u00e9cret n\u00b0 2007-2722 du 31 octobre 2007, portant cr\u00e9ation d\u2019une Chambre r\u00e9gionale relevant de la Cour des comptes \u00e0 Jendouba et fixant son cadre territorial.<\/span><\/div><\/li><li class=\"clr\"><div class=\"cz_sl_icon\"><i class=\"fas fa-building-columns mr10\" ><\/i><\/div><div><span>D\u00e9cision du premier pr\u00e9sident de la Cour des comptes du 24 janvier 2020 relative \u00e0 la fixation du nombre des chambres d\u2019appel, des chambres de premi\u00e8re instance, des chambres r\u00e9gionales, leurs cadres territoriaux, le nombre des sections par chambre, le nombre des assistants des procureurs d\u2019\u00c9tat; publi\u00e9e dans le JORT n\u00b0 12 du 11 f\u00e9vrier 2020.<\/span><\/div><\/li><li class=\"clr\"><div class=\"cz_sl_icon\"><i class=\"fas fa-building-columns mr10\" ><\/i><\/div><div><span>D\u00e9cret n\u00b0 449 du 5 juin 2023 relatif \u00e0 l\u2019organisation du secr\u00e9tariat de la Cour des comptes.<\/span><\/div><\/li><li class=\"clr\"><div class=\"cz_sl_icon\"><i class=\"fas fa-building-columns mr10\" ><\/i><\/div><div><span>D\u00e9crets d\u2019application du code de la comptabilit\u00e9 publique et notamment D\u00e9cret gouvernemental n\u00b0 2020-793 du 23 octobre 2020, portant d\u00e9signation des comptables dont les comptes sont soumis \u00e0 la juridiction de la Cour des comptes.<\/span><\/div><\/li><\/ul>[\/vc_column][\/vc_row]<\/p>\n<\/div>","protected":false},"excerpt":{"rendered":"<p>[vc_row][vc_column width=\u00a0\u00bb1\/4&Prime;][\/vc_column][vc_column width=\u00a0\u00bb3\/4&Prime;][\/vc_column][\/vc_row][vc_row][vc_column width=\u00a0\u00bb2\/3&Prime;][\/vc_column][vc_column width=\u00a0\u00bb1\/3&Prime;][\/vc_column][\/vc_row][vc_row][vc_column][\/vc_column][\/vc_row] &#8230; <\/p>\n","protected":false},"author":2,"featured_media":0,"parent":0,"menu_order":0,"comment_status":"closed","ping_status":"closed","template":"","meta":{"footnotes":""},"class_list":["post-1763","page","type-page","status-publish","hentry"],"_links":{"self":[{"href":"https:\/\/cdc2025.progresstn.com\/fr\/wp-json\/wp\/v2\/pages\/1763","targetHints":{"allow":["GET"]}}],"collection":[{"href":"https:\/\/cdc2025.progresstn.com\/fr\/wp-json\/wp\/v2\/pages"}],"about":[{"href":"https:\/\/cdc2025.progresstn.com\/fr\/wp-json\/wp\/v2\/types\/page"}],"author":[{"embeddable":true,"href":"https:\/\/cdc2025.progresstn.com\/fr\/wp-json\/wp\/v2\/users\/2"}],"replies":[{"embeddable":true,"href":"https:\/\/cdc2025.progresstn.com\/fr\/wp-json\/wp\/v2\/comments?post=1763"}],"version-history":[{"count":10,"href":"https:\/\/cdc2025.progresstn.com\/fr\/wp-json\/wp\/v2\/pages\/1763\/revisions"}],"predecessor-version":[{"id":2586,"href":"https:\/\/cdc2025.progresstn.com\/fr\/wp-json\/wp\/v2\/pages\/1763\/revisions\/2586"}],"wp:attachment":[{"href":"https:\/\/cdc2025.progresstn.com\/fr\/wp-json\/wp\/v2\/media?parent=1763"}],"curies":[{"name":"wp","href":"https:\/\/api.w.org\/{rel}","templated":true}]}}