


{"id":1771,"date":"2025-11-26T09:55:03","date_gmt":"2025-11-26T08:55:03","guid":{"rendered":"https:\/\/cdc2025.progresstn.com\/%d8%a7%d9%84%d9%87%d9%8a%d8%a6%d8%a7%d8%aa-%d8%a7%d9%84%d9%82%d8%b6%d8%a7%d8%a6%d9%8a%d8%a9\/"},"modified":"2025-12-11T14:01:10","modified_gmt":"2025-12-11T13:01:10","slug":"formations-juridictionnelles","status":"publish","type":"page","link":"https:\/\/cdc2025.progresstn.com\/fr\/formations-juridictionnelles\/","title":{"rendered":"Formations juridictionnelles"},"content":{"rendered":"<div class=\"wpb-content-wrapper\"><p>[vc_row][vc_column width=\u00a0\u00bb1\/2&Prime;]<div id=\"cz_26146\" class=\"cz_26146 cz_title clr cz_title_pos_inline\"><div class=\"cz_title_content\"><div class=\"cz_wpe_content\"><h4>Les attributions juridictionnelles de la Cour des comptes<\/h4>\n<\/div><span class=\"cz_line_side_solo cz_line_side_after\">_<\/span><\/div><\/div><div id=\"cz_104041\" class=\"cz_104041 cz_title clr cz_title_pos_inline\"><div class=\"cz_title_content\"><div class=\"cz_wpe_content\"><p>La Cour des comptes exerce sa comp\u00e9tence juridictionnelle en vertu des dispositions de la loi organique n\u00b0 41 de l\u2019ann\u00e9e 2019, dat\u00e9e du 30 avril 2019, relative \u00e0 l\u2019organisation de la Cour des comptes, et notamment de son article 8, aux termes duquel elle :<\/p>\n<p><strong>juge les comptes des comptables publics<\/strong>. Elle peut statuer sur les pourvois en reformation form\u00e9s soit par les parties int\u00e9ress\u00e9es, soit d\u2019office en r\u00e9formation des arr\u00eat\u00e9s administratifs des comptes des \u00e9tablissements publics et des collectivit\u00e9s locales dont le budget annuel ne d\u00e9passe pas un montant fix\u00e9 par d\u00e9cret gouvernemental.<\/p>\n<\/div><\/div><\/div>[\/vc_column][vc_column width=\u00a0\u00bb1\/2&Prime;]<div id=\"cz_93150\" data-position=\"top-right\" class=\"cz_93150 cz_image clr cz_image_no_fx center_on_mobile\"><div class=\"\" ><div class=\"cz_image_in\" data-tilt><div class=\"cz_main_image\"><img loading=\"lazy\" decoding=\"async\" width=\"640\" height=\"411\" src=\"https:\/\/cdc2025.progresstn.com\/wp-content\/uploads\/2025\/12\/loit-ministere.png\" class=\"attachment-full\" alt=\"\" title=\"loit-ministere\" srcset=\"https:\/\/cdc2025.progresstn.com\/wp-content\/uploads\/2025\/12\/loit-ministere.png 640w, https:\/\/cdc2025.progresstn.com\/wp-content\/uploads\/2025\/12\/loit-ministere-300x193.png 300w, https:\/\/cdc2025.progresstn.com\/wp-content\/uploads\/2025\/12\/loit-ministere-600x385.png 600w\" sizes=\"auto, (max-width: 640px) 100vw, 640px\" \/><\/div><\/div><\/div><\/div>[\/vc_column][\/vc_row][vc_row][vc_column width=\u00a0\u00bb1\/3&Prime;]<div id=\"cz_75298\" data-position=\"top-right\" class=\"cz_75298 cz_image clr cz_image_no_fx center_on_mobile\"><div class=\"\" ><div class=\"cz_image_in\" data-tilt><div class=\"cz_main_image\"><img loading=\"lazy\" decoding=\"async\" width=\"330\" height=\"681\" src=\"https:\/\/cdc2025.progresstn.com\/wp-content\/uploads\/2025\/12\/Flag_map_of_Tunisia.png\" class=\"attachment-full\" alt=\"\" title=\"Flag_map_of_Tunisia\" srcset=\"https:\/\/cdc2025.progresstn.com\/wp-content\/uploads\/2025\/12\/Flag_map_of_Tunisia.png 330w, https:\/\/cdc2025.progresstn.com\/wp-content\/uploads\/2025\/12\/Flag_map_of_Tunisia-145x300.png 145w\" sizes=\"auto, (max-width: 330px) 100vw, 330px\" \/><\/div><\/div><\/div><\/div>[\/vc_column][vc_column width=\u00a0\u00bb2\/3&Prime;]<div id=\"cz_27528\" class=\"cz_27528 cz_title clr cz_title_pos_inline\"><div class=\"cz_title_content\"><div class=\"cz_wpe_content\"><p><strong>sanctionne<\/strong>\u00a0les fautes de gestion conform\u00e9ment aux conditions fix\u00e9es par la pr\u00e9sente loi.<\/p>\n<p>Selon l\u2019article 9 de cette m\u00eame loi, La Cour des comptes statue sur les affaires de gestion de fait conform\u00e9ment aux conditions fix\u00e9es par la pr\u00e9sente loi.<\/p>\n<p>Conform\u00e9ment \u00e0 l\u2019article 17, La Cour des comptes prononce des sanctions dans les cas pr\u00e9vus par la pr\u00e9sente loi.<\/p>\n<p>Si la Cour rel\u00e8ve, lors de ses travaux, des fautes susceptibles de constituer un crime ou un d\u00e9lit, le minist\u00e8re public pr\u00e8s la Cour des comptes les transmet au minist\u00e8re public comp\u00e9tent en vue d\u2019engager les poursuites de leurs auteurs devant les tribunaux comp\u00e9tents. (article 15).<\/p>\n<p>D\u2019autres lois organiques sp\u00e9cifiques ont en outre confi\u00e9 \u00e0 la Cour des comptes des attributions juridictionnelles en mati\u00e8re \u00e9lectorale et en mati\u00e8re de contentieux local, qu\u2019elle exerce conform\u00e9ment aux proc\u00e9dures fix\u00e9es par la loi organique n\u00b0 41 de l\u2019ann\u00e9e 2019.<\/p>\n<p>La Cour des comptes tunisienne se conforme aux normes internationales \u00e9mises par l\u2019INTOSAI, notamment la norme internationale INTOSAI P 51, qui d\u00e9finit les standards relatifs aux missions juridictionnelles des institutions sup\u00e9rieures de contr\u00f4le. Cette norme insiste sur :<\/p>\n<p>La n\u00e9cessit\u00e9 d\u2019un \u00e9quilibre entre les missions juridictionnelles et celles de contr\u00f4le, afin de garantir la justice et la transparence.<\/p>\n<p>Le renforcement de l\u2019ind\u00e9pendance de la Cour dans l\u2019exercice de ses fonctions juridictionnelles, \u00e0 l\u2019abri de toute ing\u00e9rence externe.<\/p>\n<p>L\u2019application de proc\u00e9dures comptables et juridictionnelles conformes aux meilleures pratiques internationales.<\/p>\n<\/div><\/div><\/div>[\/vc_column][\/vc_row][vc_row][vc_column]<div id=\"cz_65144\" class=\"cz_65144 cz_title clr cz_title_pos_inline\"><div class=\"cz_title_content\"><div class=\"cz_wpe_content\"><h4>Les formations juridictionnelles de la Cour des comptes et leurs dispositions g\u00e9n\u00e9rales<\/h4>\n<\/div><span class=\"cz_line_side_solo cz_line_side_after\">_<\/span><\/div><\/div><div id=\"cz_15507\" class=\"cz_15507 cz_title clr cz_title_pos_inline\"><div class=\"cz_title_content\"><div class=\"cz_wpe_content\"><p><strong><em>Art. 26<\/em><\/strong><em>\u00a0<\/em>Pour l\u2019exercice de ses comp\u00e9tences juridictionnelles, la Cour des comptes se r\u00e9unit et d\u00e9lib\u00e8re en formations suivantes :<\/p>\n<\/div><\/div><\/div><ul id=\"cz_37355\" class=\"cz_37355 cz_stylish_list clr cz_sl_icon_hover_zoom_in\"><li class=\"clr\"><div class=\"cz_sl_icon\"><i class=\"fas fa-building-columns mr10\" ><\/i><\/div><div><span>la formation de cassation<\/span><\/div><\/li><li class=\"clr\"><div class=\"cz_sl_icon\"><i class=\"fas fa-building-columns mr10\" ><\/i><\/div><div><span>les chambres d\u2019appel<\/span><\/div><\/li><li class=\"clr\"><div class=\"cz_sl_icon\"><i class=\"fas fa-building-columns mr10\" ><\/i><\/div><div><span>les chambres de premi\u00e8re instance centrales et r\u00e9gionales,<\/span><\/div><\/li><li class=\"clr\"><div class=\"cz_sl_icon\"><i class=\"fas fa-building-columns mr10\" ><\/i><\/div><div><span>les sections<\/span><\/div><\/li><\/ul><div id=\"cz_83366\" class=\"cz_83366 cz_title clr cz_title_pos_inline\"><div class=\"cz_title_content\"><div class=\"cz_wpe_content\"><p><strong><em>Art. 69<\/em><\/strong><em>\u00a0<\/em>Les jugements de la Cour des comptes sont rendus au nom du peuple et sont motiv\u00e9s.<\/p>\n<p>En vertu des articles 23 et 33,\u00a0 les jugements rendus en premier ressort\u00a0 peuvent \u00eatre interjet\u00e9s en appel devant les chambres d\u2019appel et faire l\u2019objet de pourvoi en cassation devant la formation de cassation.<\/p>\n<p><strong>Art. 35 \u2013<\/strong>\u00a0 Les d\u00e9lib\u00e9rations des chambres et des sections se d\u00e9roulent selon les modalit\u00e9s pr\u00e9vues par les articles 28 et 30 de la pr\u00e9sente loi.<\/p>\n<p><strong>Art. 28 \u2013<\/strong>\u00a0Les audiences solennelles sont publiques, \u00e0 moins que le Pr\u00e9sident de la formation juridictionnelle ne d\u00e9cide que l\u2019audience aura lieu \u00e0 huis clos, pour sauvegarder l\u2019ordre public.<\/p>\n<p><strong><em>Art. 34 \u2013<\/em><\/strong><em>\u00a0<\/em>Les chambres centrales exercent les comp\u00e9tences d\u00e9volues \u00e0 la Cour des comptes \u00e0 l\u2019\u00e9gard des organismes soumis \u00e0 sa juridiction, son contr\u00f4le ou son appr\u00e9ciation, qui sont r\u00e9partis selon une division fix\u00e9e par le Premier Pr\u00e9sident apr\u00e8s consultation de l\u2019Assembl\u00e9e pl\u00e9ni\u00e8re.<\/p>\n<\/div><\/div><\/div><div id=\"cz_44073\" class=\"cz_44073 cz_title clr cz_title_pos_inline\"><div class=\"cz_title_content\"><div class=\"cz_wpe_content\"><p>Les chambres r\u00e9gionales exercent les comp\u00e9tences d\u00e9volues \u00e0 la Cour des comptes \u00e0 l\u2019\u00e9gard des autorit\u00e9s administratives r\u00e9gionales et locales et des \u00e9tablissements publics et entreprises publiques, ainsi que de tout organisme quelle que soit sa d\u00e9nomination dans lesquels l\u2019Etat, les collectivit\u00e9s locales, les \u00e9tablissements publics et les entreprises publiques d\u00e9tiennent une participation en capital et dont le si\u00e8ge principal ou le lieu d\u2019activit\u00e9 se trouve dans le champ de la comp\u00e9tence territoriale de la chambre r\u00e9gionale. Les chambres r\u00e9gionales exercent, en outre, les comp\u00e9tences pr\u00e9vues \u00e0 l\u2019article 13 de la pr\u00e9sente loi concernant les partis politiques, associations, mutuelles, entreprises et organismes priv\u00e9s quel que soit leur d\u00e9nomination et dont le si\u00e8ge se trouve dans le champ de la comp\u00e9tence territoriale de la chambre r\u00e9gionale.<\/p>\n<p>Les chambres centrales et r\u00e9gionales prononcent, dans le cadre de l\u2019exercice des pouvoirs juridictionnels de la Cour des comptes, des jugements en premier ressort.<\/p>\n<\/div><\/div><\/div><div id=\"cz_106506\" class=\"cz_106506 cz_title clr cz_title_pos_inline\"><div class=\"cz_title_content\"><div class=\"cz_wpe_content\"><p><strong><em>Les chambres d\u2019appel<\/em><\/strong><\/p>\n<p><em>Art. 33 \u2013<\/em>\u00a0Les Chambres d\u2019appel sont comp\u00e9tentes pour statuer sur les appels interjet\u00e9s contre les jugements en premier ressort rendus par les chambres centrales et r\u00e9gionales. Chaque formation de jugement aupr\u00e8s des chambres d\u2019appel se compose du Pr\u00e9sident de la Chambre d\u2019appel et de deux de ses membres.<\/p>\n<p>Aucun membre de la formation d\u2019appel ne doit avoir pr\u00e9c\u00e9demment connu l\u2019affaire en premier ressort, \u00e0 quelque titre que ce soit.<\/p>\n<p>La formation de jugement ne peut se r\u00e9unir qu\u2019en pr\u00e9sence de tous ses membres. Les d\u00e9cisions sont prises \u00e0 la majorit\u00e9 des voix.<\/p>\n<p><strong>la formation de cassation<\/strong><\/p>\n<p><em>Art. 32 \u2013\u00a0<\/em>La formation de cassation statue sur les pourvois dirig\u00e9s contre les jugements rendus en appel. Elle est compos\u00e9e du Premier Pr\u00e9sident de la Cour qui pr\u00e9side ses audiences, du Vice-Pr\u00e9sident, des pr\u00e9sidents des chambres d\u2019appel, et des trois pr\u00e9sidents de chambres les plus anciens dans leurs fonctions, et ce, sans la pr\u00e9sence des membres qui ont pr\u00e9c\u00e9demment connu l\u2019affaire \u00e0 un stade ant\u00e9rieur \u00e0 quelque titre que ce soit.<\/p>\n<p>Le Premier Pr\u00e9sident peut se faire suppl\u00e9er par le Vice-Pr\u00e9sident pour pr\u00e9sider les audiences de la formation de cassation.<\/p>\n<p>La formation de cassation tient ses audiences dans les conditions pr\u00e9vues par l\u2019article 30 de la pr\u00e9sente loi.<\/p>\n<p><strong><em>Art. 91 \u2013<\/em><\/strong><em>\u00a0<\/em>La formation de cassation statue sur tous les griefs et rejette le pourvoi s\u2019il m\u00e9conna\u00eet les r\u00e8gles de forme et de proc\u00e9dure ou s\u2019il n\u2019est pas fond\u00e9.<\/p>\n<p>Lorsque la formation de cassation casse le jugement attaqu\u00e9 avec renvoi, l\u2019affaire est renvoy\u00e9e devant une autre chambre d\u2019appel et, le cas \u00e9ch\u00e9ant, devant la m\u00eame chambre ayant rendu l\u2019arr\u00eat attaqu\u00e9, pour statuer \u00e0 nouveau sur le compte, en une composition diff\u00e9rente.<\/p>\n<p><strong><em>Art. 92 \u2013<\/em><\/strong><em>\u00a0<\/em>Si le pourvoi en cassation est form\u00e9 pour la seconde fois, pour le m\u00eame motif et que la formation de cassation d\u00e9cide \u00e0 nouveau la cassation de l\u2019arr\u00eat attaqu\u00e9, elle statue d\u00e9finitivement sur le fond de l\u2019affaire<\/p>\n<\/div><\/div><\/div>[\/vc_column][\/vc_row][vc_row][vc_column width=\u00a0\u00bb1\/2&Prime;]<div id=\"cz_37751\" class=\"cz_37751 cz_title clr cz_title_pos_inline\"><div class=\"cz_title_content\"><div class=\"cz_wpe_content\"><h4>Le parquet pr\u00e8s la cour des comptes<\/h4>\n<\/div><\/div><\/div><div id=\"cz_73848\" class=\"cz_73848 cz_title clr cz_title_pos_inline\"><div class=\"cz_title_content\"><div class=\"cz_wpe_content\"><p><strong><em>Art. 24 \u2013<\/em><\/strong><strong>\u00a0<\/strong>Le minist\u00e8re public pr\u00e8s la Cour des comptes veille \u00e0 l\u2019application de la loi et exerce ses pr\u00e9rogatives par voie de r\u00e9quisitions, de conclusions ou d\u2019avis.<\/p>\n<p>Le minist\u00e8re public pr\u00e8s la Cour des comptes, est charg\u00e9 d\u2019assurer les relations entre la Cour, d\u2019une part, et les organismes et institutions soumis \u00e0 sa juridiction, \u00e0 son contr\u00f4le ou \u00e0 son appr\u00e9ciation, d\u2019autre part.<\/p>\n<p><strong>Le minist\u00e8re public est charg\u00e9:<\/strong><\/p>\n<\/div><\/div><\/div><div id=\"cz_75298\" data-position=\"top-right\" class=\"cz_75298 cz_image clr cz_image_no_fx center_on_mobile\"><div class=\"\" ><div class=\"cz_image_in\" data-tilt><div class=\"cz_main_image\"><img loading=\"lazy\" decoding=\"async\" width=\"330\" height=\"681\" src=\"https:\/\/cdc2025.progresstn.com\/wp-content\/uploads\/2025\/12\/Flag_map_of_Tunisia.png\" class=\"attachment-full\" alt=\"\" title=\"Flag_map_of_Tunisia\" srcset=\"https:\/\/cdc2025.progresstn.com\/wp-content\/uploads\/2025\/12\/Flag_map_of_Tunisia.png 330w, https:\/\/cdc2025.progresstn.com\/wp-content\/uploads\/2025\/12\/Flag_map_of_Tunisia-145x300.png 145w\" sizes=\"auto, (max-width: 330px) 100vw, 330px\" \/><\/div><\/div><\/div><\/div>[\/vc_column][vc_column width=\u00a0\u00bb1\/2&Prime;]<ul id=\"cz_75835\" class=\"cz_75835 cz_stylish_list clr cz_sl_icon_hover_zoom_in\"><li class=\"clr\"><div class=\"cz_sl_icon\"><i class=\"fas fa-building-columns mr10\" ><\/i><\/div><div><span>De veiller \u00e0 ce que les comptes soient r\u00e9guli\u00e8rement produits.<\/span><\/div><\/li><li class=\"clr\"><div class=\"cz_sl_icon\"><i class=\"fas fa-building-columns mr10\" ><\/i><\/div><div><span>De pr\u00e9senter des conclusions concernant les affaires soumises \u00e0 l\u2019examen de la Cour des comptes<\/span><\/div><\/li><li class=\"clr\"><div class=\"cz_sl_icon\"><i class=\"fas fa-building-columns mr10\" ><\/i><\/div><div><span>D\u2019engager les poursuites en mati\u00e8re de r\u00e9pression des fautes de gestion, d\u2019amendes au titre des jugements des comptes des comptables publics et au titre des attributions conf\u00e9r\u00e9es \u00e0 la Cour des comptes par des textes sp\u00e9ciaux. L\u2019engagement des poursuites est op\u00e9r\u00e9 par voie de r\u00e9quisitoire<\/span><\/div><\/li><li class=\"clr\"><div class=\"cz_sl_icon\"><i class=\"fas fa-building-columns mr10\" ><\/i><\/div><div><span>D\u2019exercer, pour le compte de l\u2019Etat, les recours dirig\u00e9s contre les jugements rendus par la Cour des comptes<\/span><\/div><\/li><li class=\"clr\"><div class=\"cz_sl_icon\"><i class=\"fas fa-building-columns mr10\" ><\/i><\/div><div><span>D\u2019interpeler les autorit\u00e9s administratives sur les irr\u00e9gularit\u00e9s d\u00e9cel\u00e9es au cours de l\u2019examen des comptes ou de la gestion<\/span><\/div><\/li><li class=\"clr\"><div class=\"cz_sl_icon\"><i class=\"fas fa-building-columns mr10\" ><\/i><\/div><div><span>De requ\u00e9rir la d\u00e9claration de gestion de fait et l\u2019application des amendes \u00e0 ce titre<\/span><\/div><\/li><li class=\"clr\"><div class=\"cz_sl_icon\"><i class=\"fas fa-building-columns mr10\" ><\/i><\/div><div><span>De notifier aux comptables et aux autorit\u00e9s administratives les jugements rendus par la Cour des comptes<\/span><\/div><\/li><li class=\"clr\"><div class=\"cz_sl_icon\"><i class=\"fas fa-building-columns mr10\" ><\/i><\/div><div><span>De requ\u00e9rir l\u2019application des amendes dans les cas pr\u00e9vus par la pr\u00e9sente loi<\/span><\/div><\/li><li class=\"clr\"><div class=\"cz_sl_icon\"><i class=\"fas fa-building-columns mr10\" ><\/i><\/div><div><span>De porter \u00e0 la connaissance des repr\u00e9sentants du minist\u00e8re public pr\u00e8s des juridictions de droit commun, tout fait dont la r\u00e9pression rel\u00e8ve de la comp\u00e9tence de ces juridictions et en informer les autorit\u00e9s administratives int\u00e9ress\u00e9es et le Chef du contentieux de l\u2019Etat<\/span><\/div><\/li><\/ul>[\/vc_column][\/vc_row]<\/p>\n<\/div>","protected":false},"excerpt":{"rendered":"<p>[vc_row][vc_column width=\u00a0\u00bb1\/2&Prime;][\/vc_column][vc_column width=\u00a0\u00bb1\/2&Prime;][\/vc_column][\/vc_row][vc_row][vc_column width=\u00a0\u00bb1\/3&Prime;][\/vc_column][vc_column width=\u00a0\u00bb2\/3&Prime;][\/vc_column][\/vc_row][vc_row][vc_column][\/vc_column][\/vc_row][vc_row][vc_column width=\u00a0\u00bb1\/2&Prime;][\/vc_column][vc_column width=\u00a0\u00bb1\/2&Prime;][\/vc_column][\/vc_row] &#8230; <\/p>\n","protected":false},"author":2,"featured_media":0,"parent":0,"menu_order":0,"comment_status":"closed","ping_status":"closed","template":"","meta":{"footnotes":""},"class_list":["post-1771","page","type-page","status-publish","hentry"],"_links":{"self":[{"href":"https:\/\/cdc2025.progresstn.com\/fr\/wp-json\/wp\/v2\/pages\/1771","targetHints":{"allow":["GET"]}}],"collection":[{"href":"https:\/\/cdc2025.progresstn.com\/fr\/wp-json\/wp\/v2\/pages"}],"about":[{"href":"https:\/\/cdc2025.progresstn.com\/fr\/wp-json\/wp\/v2\/types\/page"}],"author":[{"embeddable":true,"href":"https:\/\/cdc2025.progresstn.com\/fr\/wp-json\/wp\/v2\/users\/2"}],"replies":[{"embeddable":true,"href":"https:\/\/cdc2025.progresstn.com\/fr\/wp-json\/wp\/v2\/comments?post=1771"}],"version-history":[{"count":10,"href":"https:\/\/cdc2025.progresstn.com\/fr\/wp-json\/wp\/v2\/pages\/1771\/revisions"}],"predecessor-version":[{"id":2738,"href":"https:\/\/cdc2025.progresstn.com\/fr\/wp-json\/wp\/v2\/pages\/1771\/revisions\/2738"}],"wp:attachment":[{"href":"https:\/\/cdc2025.progresstn.com\/fr\/wp-json\/wp\/v2\/media?parent=1771"}],"curies":[{"name":"wp","href":"https:\/\/api.w.org\/{rel}","templated":true}]}}