


{"id":1774,"date":"2025-11-26T09:57:52","date_gmt":"2025-11-26T08:57:52","guid":{"rendered":"https:\/\/cdc2025.progresstn.com\/%d8%a7%d9%84%d8%af%d8%a7%d8%a6%d8%b1%d8%a9-%d8%a7%d9%84%d9%85%d8%ae%d8%aa%d8%b5%d8%a9-%d8%a8%d8%b2%d8%ac%d8%b1-%d8%a3%d8%ae%d8%b7%d8%a7%d8%a1-%d8%a7%d9%84%d8%aa%d8%b5%d8%b1%d9%81\/"},"modified":"2025-12-10T01:35:50","modified_gmt":"2025-12-10T00:35:50","slug":"la-chambre-competente-en-matiere-de-repression-des-fautes-de-gestion","status":"publish","type":"page","link":"https:\/\/cdc2025.progresstn.com\/fr\/la-chambre-competente-en-matiere-de-repression-des-fautes-de-gestion\/","title":{"rendered":"La chambre comp\u00e9tente en mati\u00e8re de r\u00e9pression des fautes de gestion"},"content":{"rendered":"<div class=\"wpb-content-wrapper\"><p>[vc_row][vc_column width=\u00a0\u00bb1\/2&Prime;]<div id=\"cz_69725\" class=\"cz_69725 cz_title clr cz_title_pos_inline\"><div class=\"cz_title_content\"><div class=\"cz_wpe_content\"><h2 class=\"wp-block-heading\">Aper\u00e7u historique<\/h2>\n<\/div><span class=\"cz_line_side_solo cz_line_side_after\">_<\/span><\/div><\/div><div id=\"cz_109337\" class=\"cz_109337 cz_title clr cz_title_pos_inline\"><div class=\"cz_title_content\"><div class=\"cz_wpe_content\"><p>Avant la promulgation de la loi n\u00b041-2019, la r\u00e9pression des fautes de gestion \u00e9tait du ressort de la Cour de discipline financi\u00e8re. Cette Cour \u00e9tait une juridiction r\u00e9pressive \u00e0 caract\u00e8re financier, appel\u00e9e \u00e0 sanctionner les fautes de gestion commises \u00e0 l\u2019\u00e9gard de l\u2019Etat des \u00e9tablissements publics administratifs des collectivit\u00e9s locales et des entreprises publiques (loi n\u00b0 85-74 du 20 juillet 1985, modifi\u00e9e par la loi n\u00b0 87- 34 du 6 juillet 1987 et compl\u00e9t\u00e9e par la loi n\u00b0 88-54 du 2 juillet 1988).<\/p>\n<\/div><\/div><\/div>[\/vc_column][vc_column width=\u00a0\u00bb1\/2&Prime;]<div id=\"cz_49849\" class=\"cz_49849 cz_title clr cz_title_pos_inline\"><div class=\"cz_title_content\"><div class=\"cz_wpe_content\"><h2 class=\"wp-block-heading\"><strong>La CDF \u00e9tait compos\u00e9e :<\/strong><\/h2>\n<\/div><span class=\"cz_line_side_solo cz_line_side_after\">_<\/span><\/div><\/div><ul id=\"cz_15543\" class=\"cz_15543 cz_stylish_list clr cz_sl_icon_hover_zoom_in\"><li class=\"clr\"><div class=\"cz_sl_icon\"><i class=\"fas fa-building-user mr10\" ><\/i><\/div><div><span>Du Premier Pr\u00e9sident de la Cour des Comptes, pr\u00e9sident<\/span><\/div><\/li><li class=\"clr\"><div class=\"cz_sl_icon\"><i class=\"fas fa-building-user mr10\" ><\/i><\/div><div><span>D\u2019un pr\u00e9sident de chambre du tribunal administratif, vice-pr\u00e9sident <\/span><\/div><\/li><li class=\"clr\"><div class=\"cz_sl_icon\"><i class=\"fas fa-building-user mr10\" ><\/i><\/div><div><span>De deux conseillers \u00e0 la Cour des Comptes <\/span><\/div><\/li><li class=\"clr\"><div class=\"cz_sl_icon\"><i class=\"fas fa-building-user mr10\" ><\/i><\/div><div><span> De deux conseillers au Tribunal Administratif<\/span><\/div><\/li><\/ul>[\/vc_column][\/vc_row][vc_row][vc_column width=\u00a0\u00bb1\/3&Prime;][vc_single_image image=\u00a0\u00bb2589&Prime; img_size=\u00a0\u00bbfull\u00a0\u00bb alignment=\u00a0\u00bbright\u00a0\u00bb css=\u00a0\u00bb\u00a0\u00bb][\/vc_column][vc_column width=\u00a0\u00bb2\/3&Prime;]<div id=\"cz_36680\" class=\"cz_36680 cz_title clr cz_title_pos_inline\"><div class=\"cz_title_content\"><div class=\"cz_wpe_content\"><p>C\u2019est une juridiction financi\u00e8re r\u00e9pressive, mais elle ne s\u2019apparente pas pour autant \u00e0 une juridiction p\u00e9nale.<\/p>\n<p>La Cour de Discipline financi\u00e8re a entam\u00e9 son activit\u00e9 en 1987 par l\u2019enregistrement des premi\u00e8res saisines et a rendu son premier arr\u00eat en janvier 1988. Depuis et jusqu\u2019\u00e0 fin d\u00e9cembre 2011, la juridiction a rendu 356 arr\u00eats, y compris les d\u00e9cisions de classement ainsi que les arr\u00eats statuant sur les recours en r\u00e9vision.<\/p>\n<p>Ladite juridiction a \u00e9labor\u00e9 23 rapports publi\u00e9s au journal officiel faisant \u00e9tat de son activit\u00e9 et un r\u00e9sum\u00e9 de chacun des arr\u00eats et d\u00e9cisions rendus et statuant sur des fautes de gestion.<\/p>\n<\/div><\/div><\/div><div id=\"cz_83205\" class=\"cz_83205 cz_title clr cz_title_pos_inline\"><div class=\"cz_title_content\"><div class=\"cz_wpe_content\"><p>Ces membres doivent \u00eatre en activit\u00e9 et sont nomm\u00e9s pour une dur\u00e9e de cinq ans.<\/p>\n<p>Les fonctions du minist\u00e8re public \u00e9taient exerc\u00e9es par un commissaire du gouvernement assist\u00e9 et suppl\u00e9\u00e9 par un substitut. Tous les deux nomm\u00e9s par d\u00e9cret parmi les membres de la Cour des Comptes.<\/p>\n<p>L\u2019instruction des affaires \u00e9taient confi\u00e9e \u00e0 des rapporteurs d\u00e9sign\u00e9s par le Pr\u00e9sident de la Cour de discipline financi\u00e8re, soit parmi les membres de la Cour des Comptes soit, sur proposition du Premier Pr\u00e9sident du Tribunal Administratif, parmi les magistrats de ce Tribunal.<\/p>\n<p>La CDF si\u00e9geait \u00e0 la Cour des Comptes, et son secr\u00e9tariat \u00e9tait assur\u00e9 par les services de cette derni\u00e8re ; l\u2019un de ses agents assumait les fonctions de greffier aux audiences.<\/p>\n<\/div><\/div><\/div>[\/vc_column][\/vc_row][vc_row][vc_column]<div id=\"cz_68115\" class=\"cz_68115 cz_title clr cz_title_pos_inline\"><div class=\"cz_title_content\"><div class=\"cz_wpe_content\"><h4>Le nouvel ordre de r\u00e9pression des fautes de gestion<\/h4>\n<\/div><\/div><\/div><div id=\"cz_17793\" class=\"cz_17793 cz_title clr cz_title_pos_inline\"><div class=\"cz_title_content\"><div class=\"cz_wpe_content\"><p>La loi organique n\u00b041 de l\u2019ann\u00e9e 2019 du 30 avril 2019, relative \u00e0 la Cour des comptes, a supprim\u00e9 la Chambre de discipline financi\u00e8re et a transf\u00e9r\u00e9 la comp\u00e9tence de r\u00e9pression des fautes de gestion \u00e0 la Cour des comptes, et plus pr\u00e9cis\u00e9ment \u00e0 la chambre comp\u00e9tente en mati\u00e8re de r\u00e9pression des fautes de gestion en son sein. Le syst\u00e8me de r\u00e9pression des fautes de gestion a \u00e9galement connu de nombreuses r\u00e9formes, \u00e0 travers la cons\u00e9cration du principe de la double juridiction et l\u2019\u00e9largissement du champ de responsabilit\u00e9 pour inclure les membres du gouvernement (les ministres), ainsi que les membres des conseils \u00e9lus, au premier rang desquels les pr\u00e9sidents des collectivit\u00e9s locales, concernant les d\u00e9penses budg\u00e9taires engag\u00e9es au profit de ces collectivit\u00e9s locales.<\/p>\n<p>De plus, dans le cadre de ladite loi organique n\u00b041 de 2019, le l\u00e9gislateur a \u00e9largi la comp\u00e9tence pour la saisine devant la Cour des comptes, pour inclure les pr\u00e9sidents des instances constitutionnelles et judiciaires, ainsi que les membres de l\u2019Assembl\u00e9e des repr\u00e9sentants du peuple.<\/p>\n<p>Par ailleurs, le Procureur g\u00e9n\u00e9ral d\u2019\u00c9tat aupr\u00e8s de la Cour des comptes est devenu comp\u00e9tent pour exercer la saisine de sa propre initiative en mati\u00e8re de fautes de gestion.<\/p>\n<p>La chambre comp\u00e9tente en mati\u00e8re de r\u00e9pression des fautes de gestion constitue une chambre centrale de premi\u00e8re instance.<\/p>\n<p>Les jugements de premi\u00e8re instance sont susceptibles d\u2019appel et de cassation selon les conditions et proc\u00e9dures fix\u00e9es par la loi.<\/p>\n<\/div><\/div><\/div>[\/vc_column][\/vc_row]<\/p>\n<\/div>","protected":false},"excerpt":{"rendered":"<p>[vc_row][vc_column width=\u00a0\u00bb1\/2&Prime;][\/vc_column][vc_column width=\u00a0\u00bb1\/2&Prime;][\/vc_column][\/vc_row][vc_row][vc_column width=\u00a0\u00bb1\/3&Prime;][vc_single_image image=\u00a0\u00bb2589&Prime; img_size=\u00a0\u00bbfull\u00a0\u00bb alignment=\u00a0\u00bbright\u00a0\u00bb css=\u00a0\u00bb\u00a0\u00bb][\/vc_column][vc_column width=\u00a0\u00bb2\/3&Prime;][\/vc_column][\/vc_row][vc_row][vc_column][\/vc_column][\/vc_row] &#8230; <\/p>\n","protected":false},"author":2,"featured_media":0,"parent":0,"menu_order":0,"comment_status":"closed","ping_status":"closed","template":"","meta":{"footnotes":""},"class_list":["post-1774","page","type-page","status-publish","hentry"],"_links":{"self":[{"href":"https:\/\/cdc2025.progresstn.com\/fr\/wp-json\/wp\/v2\/pages\/1774","targetHints":{"allow":["GET"]}}],"collection":[{"href":"https:\/\/cdc2025.progresstn.com\/fr\/wp-json\/wp\/v2\/pages"}],"about":[{"href":"https:\/\/cdc2025.progresstn.com\/fr\/wp-json\/wp\/v2\/types\/page"}],"author":[{"embeddable":true,"href":"https:\/\/cdc2025.progresstn.com\/fr\/wp-json\/wp\/v2\/users\/2"}],"replies":[{"embeddable":true,"href":"https:\/\/cdc2025.progresstn.com\/fr\/wp-json\/wp\/v2\/comments?post=1774"}],"version-history":[{"count":13,"href":"https:\/\/cdc2025.progresstn.com\/fr\/wp-json\/wp\/v2\/pages\/1774\/revisions"}],"predecessor-version":[{"id":2607,"href":"https:\/\/cdc2025.progresstn.com\/fr\/wp-json\/wp\/v2\/pages\/1774\/revisions\/2607"}],"wp:attachment":[{"href":"https:\/\/cdc2025.progresstn.com\/fr\/wp-json\/wp\/v2\/media?parent=1774"}],"curies":[{"name":"wp","href":"https:\/\/api.w.org\/{rel}","templated":true}]}}