


{"id":1778,"date":"2025-11-26T09:58:22","date_gmt":"2025-11-26T08:58:22","guid":{"rendered":"https:\/\/cdc2025.progresstn.com\/%d8%a3%d8%ae%d8%b7%d8%a7%d8%a1-%d8%a7%d9%84%d8%aa%d8%b5%d8%b1%d9%81\/"},"modified":"2025-12-10T01:43:04","modified_gmt":"2025-12-10T00:43:04","slug":"des-fautes-de-gestion","status":"publish","type":"page","link":"https:\/\/cdc2025.progresstn.com\/fr\/des-fautes-de-gestion\/","title":{"rendered":"Des fautes de gestion"},"content":{"rendered":"<div class=\"wpb-content-wrapper\"><p>[vc_row rtl_reverse=\u00a0\u00bbyes\u00a0\u00bb css=\u00a0\u00bb.vc_custom_1764959020475{background-position: 0 0 !important;background-repeat: no-repeat !important;}\u00a0\u00bb][vc_column width=\u00a0\u00bb2\/3&Prime;]<div id=\"cz_51614\" class=\"cz_51614 cz_title clr cz_title_pos_inline\"><div class=\"cz_title_content\"><div class=\"cz_wpe_content\"><h4>Au sens de la loi n\u00b041-2019, Sont consid\u00e9r\u00e9es fautes de gestion :<\/h4>\n<\/div><\/div><\/div><ul id=\"cz_15836\" class=\"cz_15836 cz_stylish_list clr cz_sl_icon_hover_zoom_in\"><li class=\"clr\"><div class=\"cz_sl_icon\"><i class=\"fa czico-193-checked mr10\" ><\/i><\/div><div><span>Tout acte de gestion ayant pour cons\u00e9quence le d\u00e9faut de liquidation ou d\u2019encaissement des recettes et sommes dues ou leur d\u00e9faut de d\u00e9p\u00f4t au tr\u00e9sor public au profit des structures vis\u00e9es \u00e0 l\u2019article 7 de la pr\u00e9sente loi.<\/span><\/div><\/li><li class=\"clr\"><div class=\"cz_sl_icon\"><i class=\"fa czico-193-checked mr10\" ><\/i><\/div><div><span>Tout acte de gestion qui n\u2019aurait pas satisfait aux conditions de contr\u00f4le auxquelles il est soumis conform\u00e9ment aux lois et r\u00e8glements en vigueur.<\/span><\/div><\/li><li class=\"clr\"><div class=\"cz_sl_icon\"><i class=\"fa czico-193-checked mr10\" ><\/i><\/div><div><span>Tout acte de gestion pass\u00e9 par une personne qui, sans en avoir re\u00e7u d\u00e9l\u00e9gation r\u00e9guli\u00e8re, aura engag\u00e9 l\u2019un des organismes \u00e9num\u00e9r\u00e9s \u00e0 l\u2019article 7 de la pr\u00e9sente loi.<\/span><\/div><\/li><li class=\"clr\"><div class=\"cz_sl_icon\"><i class=\"fa czico-193-checked mr10\" ><\/i><\/div><div><span>L\u2019octroi d\u2019avances en dehors des cas express\u00e9ment pr\u00e9vus par la loi.<\/span><\/div><\/li><li class=\"clr\"><div class=\"cz_sl_icon\"><i class=\"fa czico-193-checked mr10\" ><\/i><\/div><div><span>La violation des dispositions l\u00e9gislatives et r\u00e8glementaires relatives au recrutement et \u00e0 la gestion du personnel dans les organismes \u00e9num\u00e9r\u00e9s \u00e0 l\u2019article 111 de la pr\u00e9sente loi.<\/span><\/div><\/li><li class=\"clr\"><div class=\"cz_sl_icon\"><i class=\"fa czico-193-checked mr10\" ><\/i><\/div><div><span>La violation des dispositions l\u00e9gislatives et r\u00e8glementaires relatives aux march\u00e9s publics, aux concessions et autres contrats conclus par les organismes pr\u00e9vus \u00e0 l\u2019article 111 de la pr\u00e9sente loi.<\/span><\/div><\/li><li class=\"clr\"><div class=\"cz_sl_icon\"><i class=\"fa czico-193-checked mr10\" ><\/i><\/div><div><span>L\u2019inobservation des r\u00e8gles de gestion des biens publics.<\/span><\/div><\/li><\/ul><div id=\"cz_86089\" class=\"cz_86089 cz_title clr cz_title_pos_inline\"><div class=\"cz_title_content\"><div class=\"cz_wpe_content\"><p>Outre les cas susmentionn\u00e9s, est consid\u00e9r\u00e9 faute de gestion tout acte ayant pour effet la violation des lois, r\u00e8glements, r\u00e8gles et proc\u00e9dures applicables \u00e0 la gestion des organismes \u00e9num\u00e9r\u00e9s \u00e0 l\u2019article 111 de la pr\u00e9sente loi et ayant entrain\u00e9 un pr\u00e9judice financier \u00e0 ces organismes ou abouti \u00e0 l\u2019octroi de privil\u00e8ges ou avantages en nature indus.<\/p>\n<\/div><\/div><\/div>[\/vc_column][vc_column width=\u00a0\u00bb1\/3&Prime;]<div id=\"cz_104811\" data-position=\"top-right\" class=\"cz_104811 cz_image clr cz_image_no_fx center_on_mobile\"><div class=\"\" ><div class=\"cz_image_in\" data-tilt><div class=\"cz_main_image\"><img loading=\"lazy\" decoding=\"async\" width=\"330\" height=\"681\" src=\"https:\/\/cdc2025.progresstn.com\/wp-content\/uploads\/2025\/12\/Flag_map_of_Tunisia.png\" class=\"attachment-full\" alt=\"\" title=\"Flag_map_of_Tunisia\" srcset=\"https:\/\/cdc2025.progresstn.com\/wp-content\/uploads\/2025\/12\/Flag_map_of_Tunisia.png 330w, https:\/\/cdc2025.progresstn.com\/wp-content\/uploads\/2025\/12\/Flag_map_of_Tunisia-145x300.png 145w\" sizes=\"auto, (max-width: 330px) 100vw, 330px\" \/><\/div><\/div><\/div><\/div>[\/vc_column][\/vc_row]<\/p>\n<\/div>","protected":false},"excerpt":{"rendered":"<p>[vc_row rtl_reverse=\u00a0\u00bbyes\u00a0\u00bb css=\u00a0\u00bb.vc_custom_1764959020475{background-position: 0 0 !important;background-repeat: no-repeat !important;}\u00a0\u00bb][vc_column width=\u00a0\u00bb2\/3&Prime;][\/vc_column][vc_column width=\u00a0\u00bb1\/3&Prime;][\/vc_column][\/vc_row] &#8230; <\/p>\n","protected":false},"author":2,"featured_media":0,"parent":0,"menu_order":0,"comment_status":"closed","ping_status":"closed","template":"","meta":{"footnotes":""},"class_list":["post-1778","page","type-page","status-publish","hentry"],"_links":{"self":[{"href":"https:\/\/cdc2025.progresstn.com\/fr\/wp-json\/wp\/v2\/pages\/1778","targetHints":{"allow":["GET"]}}],"collection":[{"href":"https:\/\/cdc2025.progresstn.com\/fr\/wp-json\/wp\/v2\/pages"}],"about":[{"href":"https:\/\/cdc2025.progresstn.com\/fr\/wp-json\/wp\/v2\/types\/page"}],"author":[{"embeddable":true,"href":"https:\/\/cdc2025.progresstn.com\/fr\/wp-json\/wp\/v2\/users\/2"}],"replies":[{"embeddable":true,"href":"https:\/\/cdc2025.progresstn.com\/fr\/wp-json\/wp\/v2\/comments?post=1778"}],"version-history":[{"count":6,"href":"https:\/\/cdc2025.progresstn.com\/fr\/wp-json\/wp\/v2\/pages\/1778\/revisions"}],"predecessor-version":[{"id":2611,"href":"https:\/\/cdc2025.progresstn.com\/fr\/wp-json\/wp\/v2\/pages\/1778\/revisions\/2611"}],"wp:attachment":[{"href":"https:\/\/cdc2025.progresstn.com\/fr\/wp-json\/wp\/v2\/media?parent=1778"}],"curies":[{"name":"wp","href":"https:\/\/api.w.org\/{rel}","templated":true}]}}