


{"id":1782,"date":"2025-11-26T09:58:50","date_gmt":"2025-11-26T08:58:50","guid":{"rendered":"https:\/\/cdc2025.progresstn.com\/les-personnes-soumises-a-la-juridiction-de-la-cour-des-comptes-en-matiere-de-repression-des-fautes-de-gestion\/"},"modified":"2025-12-10T01:47:24","modified_gmt":"2025-12-10T00:47:24","slug":"les-personnes-soumises-a-la-juridiction-de-la-cour-des-comptes-en-matiere-de-repression-des-fautes-de-gestion","status":"publish","type":"page","link":"https:\/\/cdc2025.progresstn.com\/fr\/les-personnes-soumises-a-la-juridiction-de-la-cour-des-comptes-en-matiere-de-repression-des-fautes-de-gestion\/","title":{"rendered":"Des justiciables de la Cour des comptes en mati\u00e8re de sanction des fautes de gestion"},"content":{"rendered":"<div class=\"wpb-content-wrapper\"><p>[vc_row rtl_reverse=\u00a0\u00bbyes\u00a0\u00bb css=\u00a0\u00bb.vc_custom_1764949489060{background-position: 0 0 !important;background-repeat: no-repeat !important;}\u00a0\u00bb][vc_column]<div id=\"cz_92756\" class=\"cz_92756 cz_title clr cz_mobile_text_center cz_title_pos_inline\"><div class=\"cz_title_content\"><div class=\"cz_wpe_content\"><div class=\"clearfix title-center\">\n<div class=\"clearfix title-left\">\n<h4 class=\"codevz-section-title \">Des justiciables de la Cour des comptes en mati\u00e8re de sanction des fautes de gestion<\/h4>\n<\/div>\n<\/div>\n<\/div><span class=\"cz_line_side_solo cz_line_side_after\">_<\/span><\/div><\/div><div id=\"cz_107687\" class=\"cz_107687 cz_title clr cz_title_pos_inline\"><div class=\"cz_title_content\"><div class=\"cz_wpe_content\"><p>La Cour des comptes sanctionne les fautes de gestion commises par les agents de l\u2019Etat, des \u00e9tablissements publics et entreprises publiques, des collectivit\u00e9s locales et par les agents, administrateurs ou repr\u00e9sentants des \u00e9tablissements dans lesquels l\u2019Etat ou les collectivit\u00e9s locales d\u00e9tiennent, directement ou indirectement une participation en capital \u00e9gale ou sup\u00e9rieure \u00e0 50%. Elle sanctionne \u00e9galement les fautes de gestion commises par les pr\u00e9sidents et agents des instances constitutionnelles ind\u00e9pendantes, et toutes autres instances publiques ind\u00e9pendantes et instances de r\u00e9gulation.<\/p>\n<p>Sont aussi justiciables de la Cour des comptes en mati\u00e8re de sanction des fautes de gestion les ordonnateurs de l\u2019Etat, des \u00e9tablissements publics et des collectivit\u00e9s locales.<\/p>\n<p>\u00a0<\/p>\n<\/div><\/div><\/div><div id=\"cz_99558\" data-position=\"top-right\" class=\"cz_99558 cz_image clr cz_image_no_fx center_on_mobile\"><div class=\"\" ><div class=\"cz_image_in\" data-tilt><div class=\"cz_main_image\"><img loading=\"lazy\" decoding=\"async\" width=\"1280\" height=\"1273\" src=\"https:\/\/cdc2025.progresstn.com\/wp-content\/uploads\/2025\/12\/cours-des-comptes.jpg\" class=\"attachment-full\" alt=\"\" title=\"cours-des-comptes\" srcset=\"https:\/\/cdc2025.progresstn.com\/wp-content\/uploads\/2025\/12\/cours-des-comptes.jpg 1280w, https:\/\/cdc2025.progresstn.com\/wp-content\/uploads\/2025\/12\/cours-des-comptes-300x298.jpg 300w, https:\/\/cdc2025.progresstn.com\/wp-content\/uploads\/2025\/12\/cours-des-comptes-1024x1018.jpg 1024w, https:\/\/cdc2025.progresstn.com\/wp-content\/uploads\/2025\/12\/cours-des-comptes-150x150.jpg 150w, https:\/\/cdc2025.progresstn.com\/wp-content\/uploads\/2025\/12\/cours-des-comptes-768x764.jpg 768w, https:\/\/cdc2025.progresstn.com\/wp-content\/uploads\/2025\/12\/cours-des-comptes-600x597.jpg 600w\" sizes=\"auto, (max-width: 1280px) 100vw, 1280px\" \/><\/div><\/div><div class=\"cz_image_caption mt10 cz_wpe_content\"><p><strong><span style=\"color: #ffffff; font-size: 24px;\">\u0645\u062d\u0643\u0645\u0629 \u0627\u0644\u0645\u062d\u0627\u0633\u0628\u0627\u062a<\/span><\/strong><\/p>\n<\/div><\/div><\/div>[\/vc_column][\/vc_row]<\/p><\/div>","protected":false},"excerpt":{"rendered":"<p>[vc_row rtl_reverse=\u00a0\u00bbyes\u00a0\u00bb css=\u00a0\u00bb.vc_custom_1764949489060{background-position: 0 0 !important;background-repeat: no-repeat !important;}\u00a0\u00bb][vc_column][\/vc_column][\/vc_row] &#8230; <\/p>\n","protected":false},"author":2,"featured_media":0,"parent":0,"menu_order":0,"comment_status":"closed","ping_status":"closed","template":"","meta":{"footnotes":""},"class_list":["post-1782","page","type-page","status-publish","hentry"],"_links":{"self":[{"href":"https:\/\/cdc2025.progresstn.com\/fr\/wp-json\/wp\/v2\/pages\/1782","targetHints":{"allow":["GET"]}}],"collection":[{"href":"https:\/\/cdc2025.progresstn.com\/fr\/wp-json\/wp\/v2\/pages"}],"about":[{"href":"https:\/\/cdc2025.progresstn.com\/fr\/wp-json\/wp\/v2\/types\/page"}],"author":[{"embeddable":true,"href":"https:\/\/cdc2025.progresstn.com\/fr\/wp-json\/wp\/v2\/users\/2"}],"replies":[{"embeddable":true,"href":"https:\/\/cdc2025.progresstn.com\/fr\/wp-json\/wp\/v2\/comments?post=1782"}],"version-history":[{"count":4,"href":"https:\/\/cdc2025.progresstn.com\/fr\/wp-json\/wp\/v2\/pages\/1782\/revisions"}],"predecessor-version":[{"id":2613,"href":"https:\/\/cdc2025.progresstn.com\/fr\/wp-json\/wp\/v2\/pages\/1782\/revisions\/2613"}],"wp:attachment":[{"href":"https:\/\/cdc2025.progresstn.com\/fr\/wp-json\/wp\/v2\/media?parent=1782"}],"curies":[{"name":"wp","href":"https:\/\/api.w.org\/{rel}","templated":true}]}}