


{"id":1786,"date":"2025-11-26T09:59:14","date_gmt":"2025-11-26T08:59:14","guid":{"rendered":"https:\/\/cdc2025.progresstn.com\/%d8%b1%d9%81%d8%b9-%d8%a7%d9%84%d8%af%d8%b9%d9%88%d9%89\/"},"modified":"2025-12-10T01:51:44","modified_gmt":"2025-12-10T00:51:44","slug":"de-la-saisine","status":"publish","type":"page","link":"https:\/\/cdc2025.progresstn.com\/fr\/de-la-saisine\/","title":{"rendered":"De la saisine"},"content":{"rendered":"<div class=\"wpb-content-wrapper\"><p>[vc_row rtl_reverse=\u00a0\u00bbyes\u00a0\u00bb css=\u00a0\u00bb.vc_custom_1764959020475{background-position: 0 0 !important;background-repeat: no-repeat !important;}\u00a0\u00bb][vc_column width=\u00a0\u00bb2\/3&Prime;]<div id=\"cz_68141\" class=\"cz_68141 cz_title clr cz_mobile_text_center cz_title_pos_inline\"><div class=\"cz_title_content\"><div class=\"cz_wpe_content\"><div class=\"clearfix title-left\">\n<h2 class=\"codevz-section-title \">De la saisine<\/h2>\n<\/div>\n<\/div><span class=\"cz_line_side_solo cz_line_side_after\">_<\/span><\/div><\/div><div id=\"cz_52814\" class=\"cz_52814 cz_title clr cz_title_pos_inline\"><div class=\"cz_title_content\"><div class=\"cz_wpe_content\"><p>La Cour des comptes est saisie pour statuer sur les fautes de gestion par le minist\u00e8re public soit de sa propre initiative soit \u00e0 la demande de l\u2019une des chambres de la Cour des comptes.<\/p>\n<p>Ont \u00e9galement qualit\u00e9 pour saisir la Cour des comptes les personnes d\u00e9sign\u00e9es ci-apr\u00e8s :<\/p>\n<\/div><\/div><\/div><ul id=\"cz_79883\" class=\"cz_79883 cz_stylish_list clr cz_sl_icon_hover_zoom_in\"><li class=\"clr\"><div class=\"cz_sl_icon\"><i class=\"fas fa-building-columns mr10\" ><\/i><\/div><div><span>Le Pr\u00e9sident de la R\u00e9publique.<\/span><\/div><\/li><li class=\"clr\"><div class=\"cz_sl_icon\"><i class=\"fas fa-building-columns mr10\" ><\/i><\/div><div><span>Le Pr\u00e9sident ou un membre de l\u2019Assembl\u00e9e des repr\u00e9sentants du peuple.<\/span><\/div><\/li><li class=\"clr\"><div class=\"cz_sl_icon\"><i class=\"fas fa-building-columns mr10\" ><\/i><\/div><div><span>Le Chef du Gouvernement.<\/span><\/div><\/li><li class=\"clr\"><div class=\"cz_sl_icon\"><i class=\"fas fa-building-columns mr10\" ><\/i><\/div><div><span>Le ministre charg\u00e9 des finances.<\/span><\/div><\/li><li class=\"clr\"><div class=\"cz_sl_icon\"><i class=\"fas fa-building-columns mr10\" ><\/i><\/div><div><span>Les ministres pour les faits relev\u00e9s \u00e0 la charge des agents plac\u00e9s sous leur autorit\u00e9 ou relevant des organismes sous Tutelle.<\/span><\/div><\/li><li class=\"clr\"><div class=\"cz_sl_icon\"><i class=\"fas fa-building-columns mr10\" ><\/i><\/div><div><span>Les pr\u00e9sidents des conseils des collectivit\u00e9s locales.<\/span><\/div><\/li><li class=\"clr\"><div class=\"cz_sl_icon\"><i class=\"fas fa-building-columns mr10\" ><\/i><\/div><div><span>Les pr\u00e9sidents des instances constitutionnelles ind\u00e9pendantes.<\/span><\/div><\/li><li class=\"clr\"><div class=\"cz_sl_icon\"><i class=\"fas fa-building-columns mr10\" ><\/i><\/div><div><span>Les pr\u00e9sidents des instances de r\u00e9gulation.<\/span><\/div><\/li><\/ul>[\/vc_column][vc_column width=\u00a0\u00bb1\/3&Prime;]<div class=\"cz_gap clr \" style=\"height: 50px\"><\/div><div class=\"cz_gap clr \" style=\"height: 50px\"><\/div><div id=\"cz_12930\" data-position=\"top-right\" class=\"cz_12930 cz_image clr cz_image_no_fx center_on_mobile\"><div class=\"\" ><div class=\"cz_image_in\" data-tilt><div class=\"cz_main_image\"><img loading=\"lazy\" decoding=\"async\" width=\"190\" height=\"259\" src=\"https:\/\/cdc2025.progresstn.com\/wp-content\/uploads\/2025\/12\/droit.jpeg\" class=\"attachment-full\" alt=\"\" title=\"droit\" \/><\/div><\/div><\/div><\/div>[\/vc_column][\/vc_row][vc_row][vc_column width=\u00a0\u00bb1\/3&Prime;]<div id=\"cz_15690\" data-position=\"top-right\" class=\"cz_15690 cz_image clr cz_image_no_fx center_on_mobile\"><div class=\"\" ><div class=\"cz_image_in\" data-tilt><div class=\"cz_main_image\"><img loading=\"lazy\" decoding=\"async\" width=\"330\" height=\"681\" src=\"https:\/\/cdc2025.progresstn.com\/wp-content\/uploads\/2025\/12\/Flag_map_of_Tunisia.png\" class=\"attachment-full\" alt=\"\" title=\"Flag_map_of_Tunisia\" srcset=\"https:\/\/cdc2025.progresstn.com\/wp-content\/uploads\/2025\/12\/Flag_map_of_Tunisia.png 330w, https:\/\/cdc2025.progresstn.com\/wp-content\/uploads\/2025\/12\/Flag_map_of_Tunisia-145x300.png 145w\" sizes=\"auto, (max-width: 330px) 100vw, 330px\" \/><\/div><\/div><\/div><\/div>[\/vc_column][vc_column width=\u00a0\u00bb2\/3&Prime;]<div id=\"cz_15889\" class=\"cz_15889 cz_title clr cz_title_pos_inline\"><div class=\"cz_title_content\"><div class=\"cz_wpe_content\"><p>La requ\u00eate doit \u00eatre appuy\u00e9e des pi\u00e8ces justificatives n\u00e9cessaires.<\/p>\n<p>Les requ\u00eates sont adress\u00e9es directement au minist\u00e8re public pr\u00e8s la Cour des comptes par lettre recommand\u00e9e avec accus\u00e9 de r\u00e9ception ou directement d\u00e9pos\u00e9es au greffe de la Cour contre r\u00e9c\u00e9piss\u00e9.<\/p>\n<p>La requ\u00eate doit comporter, obligatoirement, le nom et pr\u00e9nom du justiciable, le num\u00e9ro de sa carte d\u2019identit\u00e9 nationale, son adresse personnelle et sa qualit\u00e9 ainsi que la description des faits qui lui sont imput\u00e9s et leur qualification juridique. La requ\u00eate doit \u00eatre accompagn\u00e9e des preuves et justificatifs des faits objet de la poursuite et, le cas \u00e9ch\u00e9ant, des noms des t\u00e9moins.<\/p>\n<p>La requ\u00eate doit \u00eatre pr\u00e9sent\u00e9e en quatre exemplaires dont trois sont transmis \u00e0 la chambre comp\u00e9tente en mati\u00e8re de sanctions des fautes de gestion.<\/p>\n<p>La Cour des comptes ne peut \u00eatre saisie apr\u00e8s l\u2019expiration d\u2019un d\u00e9lai de cinq ann\u00e9es \u00e0 compter du jour o\u00f9 la faute de gestion a \u00e9t\u00e9 commise.<\/p>\n<p>Ce d\u00e9lai est prorog\u00e9 jusqu\u2019\u00e0 la date de promulgation de la loi de r\u00e8glement du budget ou la date d\u2019approbation des comptes, lorsque le r\u00e8glement du budget ou l\u2019approbation des comptes auxquels se rattache la faute de gestion commise intervient apr\u00e8s l\u2019expiration du d\u00e9lai de cinq ans.<\/p>\n<p>Le minist\u00e8re public est l\u2019autorit\u00e9 de poursuite en mati\u00e8re de sanction des fautes de gestion. Il peut proc\u00e9der au classement du dossier par d\u00e9cision motiv\u00e9e, laquelle est notifi\u00e9e \u00e0 l\u2019int\u00e9ress\u00e9 et \u00e0 l\u2019auteur de la requ\u00eate qui peut, dans un d\u00e9lai de deux mois, former opposition \u00e0 la d\u00e9cision de classement aupr\u00e8s du Premier Pr\u00e9sident de la Cour, qui statue dans un d\u00e9lai de dix jours. Le minist\u00e8re public peut revenir sur la d\u00e9cision de classement de sa propre initiative ou \u00e0 la demande des parties int\u00e9ress\u00e9es suite \u00e0 l\u2019apparition d\u2019\u00e9l\u00e9ments nouveaux concernant l\u2019affaire.<\/p>\n<\/div><\/div><\/div>[\/vc_column][\/vc_row]<\/p>\n<\/div>","protected":false},"excerpt":{"rendered":"<p>[vc_row rtl_reverse=\u00a0\u00bbyes\u00a0\u00bb css=\u00a0\u00bb.vc_custom_1764959020475{background-position: 0 0 !important;background-repeat: no-repeat !important;}\u00a0\u00bb][vc_column width=\u00a0\u00bb2\/3&Prime;][\/vc_column][vc_column width=\u00a0\u00bb1\/3&Prime;][\/vc_column][\/vc_row][vc_row][vc_column width=\u00a0\u00bb1\/3&Prime;][\/vc_column][vc_column &#8230; <\/p>\n","protected":false},"author":2,"featured_media":0,"parent":0,"menu_order":0,"comment_status":"closed","ping_status":"closed","template":"","meta":{"footnotes":""},"class_list":["post-1786","page","type-page","status-publish","hentry"],"_links":{"self":[{"href":"https:\/\/cdc2025.progresstn.com\/fr\/wp-json\/wp\/v2\/pages\/1786","targetHints":{"allow":["GET"]}}],"collection":[{"href":"https:\/\/cdc2025.progresstn.com\/fr\/wp-json\/wp\/v2\/pages"}],"about":[{"href":"https:\/\/cdc2025.progresstn.com\/fr\/wp-json\/wp\/v2\/types\/page"}],"author":[{"embeddable":true,"href":"https:\/\/cdc2025.progresstn.com\/fr\/wp-json\/wp\/v2\/users\/2"}],"replies":[{"embeddable":true,"href":"https:\/\/cdc2025.progresstn.com\/fr\/wp-json\/wp\/v2\/comments?post=1786"}],"version-history":[{"count":7,"href":"https:\/\/cdc2025.progresstn.com\/fr\/wp-json\/wp\/v2\/pages\/1786\/revisions"}],"predecessor-version":[{"id":2619,"href":"https:\/\/cdc2025.progresstn.com\/fr\/wp-json\/wp\/v2\/pages\/1786\/revisions\/2619"}],"wp:attachment":[{"href":"https:\/\/cdc2025.progresstn.com\/fr\/wp-json\/wp\/v2\/media?parent=1786"}],"curies":[{"name":"wp","href":"https:\/\/api.w.org\/{rel}","templated":true}]}}