


{"id":1852,"date":"2025-11-26T14:26:52","date_gmt":"2025-11-26T13:26:52","guid":{"rendered":"https:\/\/cdc2025.progresstn.com\/normes-daudit\/"},"modified":"2025-12-14T18:45:56","modified_gmt":"2025-12-14T17:45:56","slug":"normes-daudit","status":"publish","type":"page","link":"https:\/\/cdc2025.progresstn.com\/fr\/normes-daudit\/","title":{"rendered":"Normes d\u2019audit"},"content":{"rendered":"<div class=\"wpb-content-wrapper\"><p>[vc_row rtl_reverse=\u00a0\u00bbyes\u00a0\u00bb css=\u00a0\u00bb.vc_custom_1764960931344{background-position: 0 0 !important;background-repeat: no-repeat !important;}\u00a0\u00bb][vc_column width=\u00a0\u00bb1\/6&Prime;]<div class=\"cz_gap clr \" style=\"height: 80px\"><\/div><div id=\"cz_41357\" data-position=\"top-right\" class=\"cz_41357 cz_image clr cz_image_no_fx\"><div class=\"\" ><div class=\"cz_image_in\" data-tilt><div class=\"cz_main_image\"><img loading=\"lazy\" decoding=\"async\" width=\"190\" height=\"259\" src=\"https:\/\/cdc2025.progresstn.com\/wp-content\/uploads\/2025\/12\/droit.jpeg\" class=\"attachment-full\" alt=\"\" title=\"droit\" \/><\/div><\/div><\/div><\/div>[\/vc_column][vc_column width=\u00a0\u00bb5\/6&Prime;]<div id=\"cz_27191\" class=\"cz_27191 cz_title clr cz_mobile_text_center cz_title_pos_inline\"><div class=\"cz_title_content\"><div class=\"cz_wpe_content\"><div class=\"clearfix title-center\">\n<div class=\"clearfix title-left\">\n<h2 class=\"col-title\">Normes d\u2019audit<\/h2>\n<\/div>\n<\/div>\n<\/div><span class=\"cz_line_side_solo cz_line_side_after\">_<\/span><\/div><\/div><div id=\"cz_92703\" class=\"cz_92703 cz_title clr cz_mobile_text_center cz_title_pos_inline\"><div class=\"cz_title_content\"><div class=\"cz_wpe_content\"><p>Les normes de l\u2019INTOSAI (Organisation internationale des institutions sup\u00e9rieures de contr\u00f4le des finances publiques) mettent \u00e0 disposition un ensemble d\u2019orientations professionnelles avanc\u00e9es, destin\u00e9es \u00e0 renforcer l\u2019efficacit\u00e9 et l\u2019efficience des institutions sup\u00e9rieures de contr\u00f4le dans les diff\u00e9rents \u00c9tats membres. Ces orientations couvrent plusieurs domaines, parmi lesquels :<\/p>\n<\/div><\/div><\/div><ul id=\"cz_45247\" class=\"cz_45247 cz_stylish_list clr cz_sl_icon_hover_zoom_in\"><li class=\"clr\"><div class=\"cz_sl_icon\"><i class=\"fa czico-072-check-mark mr10\" ><\/i><\/div><div><span>l\u2019audit environnemental, qui permet d\u2019\u00e9valuer le respect par les institutions des normes environnementales et de veiller \u00e0 la protection des ressources naturelles.<\/span><\/div><\/li><li class=\"clr\"><div class=\"cz_sl_icon\"><i class=\"fa czico-072-check-mark mr10\" ><\/i><\/div><div><span>l\u2019audit des technologies de l\u2019information, qui permet aux organes de contr\u00f4le d\u2019examiner les syst\u00e8mes d\u2019information et de v\u00e9rifier leur int\u00e9grit\u00e9 et leur s\u00e9curit\u00e9.<\/span><\/div><\/li><li class=\"clr\"><div class=\"cz_sl_icon\"><i class=\"fa czico-072-check-mark mr10\" ><\/i><\/div><div><span>ainsi que d\u2019autres domaines, tels que l\u2019audit de performance, l\u2019audit financier et l\u2019audit des objectifs de d\u00e9veloppement durable.<\/span><\/div><\/li><\/ul><div id=\"cz_73950\" class=\"cz_73950 cz_title clr cz_mobile_text_center cz_title_pos_inline\"><div class=\"cz_title_content\"><div class=\"cz_wpe_content\"><p>Ces normes contribuent ainsi \u00e0 renforcer la transparence et la reddition des comptes dans la gestion des finances publiques.<\/p>\n<\/div><\/div><\/div>[\/vc_column][\/vc_row][vc_row rtl_reverse=\u00a0\u00bbyes\u00a0\u00bb css=\u00a0\u00bb.vc_custom_1764960710138{background-position: 0 0 !important;background-repeat: no-repeat !important;}\u00a0\u00bb][vc_column width=\u00a0\u00bb5\/6&Prime;]<div id=\"cz_51077\" class=\"cz_51077 cz_title clr cz_mobile_text_center cz_title_pos_inline\"><div class=\"cz_title_content\"><div class=\"cz_wpe_content\"><div class=\"clearfix title-center\">\n<div class=\"clearfix title-left\">\n<h4 class=\"wp-block-heading\">Le processus d\u2019audit selon les normes internationales<\/h4>\n<\/div>\n<\/div>\n<\/div><span class=\"cz_line_side_solo cz_line_side_after\">_<\/span><\/div><\/div><div id=\"cz_55579\" class=\"cz_55579 cz_title clr cz_mobile_text_center cz_title_pos_inline\"><div class=\"cz_title_content\"><div class=\"cz_wpe_content\"><h4 class=\"wp-block-heading\"><strong>ISSAI 100 \u2013 Principes fondamentaux de l\u2019audit du secteur public<\/strong><\/h4>\n<p>Le standard ISSAI 100 d\u00e9finit les principes encadrant le processus d\u2019audit, lequel comprend les \u00e9tapes essentielles devant \u00eatre respect\u00e9es afin de garantir l\u2019objectivit\u00e9 et la qualit\u00e9 des travaux. Ce processus est con\u00e7u comme un cycle r\u00e9current (<em>audit cycle<\/em>), comprenant :<\/p>\n<\/div><\/div><\/div><ul id=\"cz_33857\" class=\"cz_33857 cz_stylish_list clr cz_sl_icon_hover_zoom_in\"><li class=\"clr\"><div class=\"cz_sl_icon\"><i class=\"fa czico-072-check-mark mr10\" ><\/i><\/div><div><span>La planification de l\u2019audit<small>Le contr\u00f4leur d\u00e9finit l\u2019objet, le champ, les objectifs et les crit\u00e8res de l\u2019audit, les m\u00e9thodes de collecte des preuves, ainsi que la r\u00e9partition des ressources, des t\u00e2ches et des d\u00e9lais. Il proc\u00e8de \u00e9galement \u00e0 l\u2019\u00e9valuation des risques potentiels (\u00e9carts, fraudes, erreurs) et arr\u00eate les strat\u00e9gies pour y faire face. La clart\u00e9 des r\u00f4les et responsabilit\u00e9s entre l\u2019auditeur et l\u2019entit\u00e9 audit\u00e9e est essentielle, notamment quant \u00e0 l\u2019acc\u00e8s aux documents et informations n\u00e9cessaires.<\/small><\/span><\/div><\/li><li class=\"clr\"><div class=\"cz_sl_icon\"><i class=\"fa czico-072-check-mark mr10\" ><\/i><\/div><div><span>La r\u00e9alisation de l\u2019audit<small>L\u2019auditeur ex\u00e9cute les proc\u00e9dures pr\u00e9vues afin de recueillir des \u00e9l\u00e9ments probants suffisants et appropri\u00e9s (documents financiers ou op\u00e9rationnels, observations, confirmations externes, analyses de donn\u00e9es). Il adapte, le cas \u00e9ch\u00e9ant, ses plans en fonction des risques identifi\u00e9s.<\/small><\/span><\/div><\/li><li class=\"clr\"><div class=\"cz_sl_icon\"><i class=\"fa czico-072-check-mark mr10\" ><\/i><\/div><div><span>Le rapport d\u2019audit<small>\u00c0 l\u2019issue de l\u2019analyse des preuves, l\u2019auditeur \u00e9tablit un rapport exposant les r\u00e9sultats, indiquant si les crit\u00e8res de contr\u00f4le sont respect\u00e9s et mettant en \u00e9vidence les \u00e9ventuels \u00e9carts, assortis de recommandations. Le rapport doit \u00eatre objectif, clair, fond\u00e9 sur des preuves, et pr\u00e9ciser, le cas \u00e9ch\u00e9ant, les limites rencontr\u00e9es ou les raisons d\u2019une modification d\u2019opinion.<\/small><\/span><\/div><\/li><li class=\"clr\"><div class=\"cz_sl_icon\"><i class=\"fa czico-072-check-mark mr10\" ><\/i><\/div><div><span>Le suivi<small>La mission de contr\u00f4le ne s\u2019ach\u00e8ve pas avec la remise du rapport : elle se poursuit par le suivi de la mise en \u0153uvre des recommandations par l\u2019entit\u00e9 audit\u00e9e. L\u2019objectif est de s\u2019assurer de leur adoption et de corriger les insuffisances relev\u00e9es. Dans certains cas, un rapport suppl\u00e9mentaire peut \u00eatre publi\u00e9.<\/small><\/span><\/div><\/li><\/ul><div id=\"cz_78103\" class=\"cz_78103 cz_title clr cz_mobile_text_center cz_title_pos_inline\"><div class=\"cz_title_content\"><div class=\"cz_wpe_content\"><h4 class=\"wp-block-heading\"><strong>Les normes internationales relatives \u00e0 l\u2019audit financier, \u00e0 l\u2019audit de conformit\u00e9 et \u00e0 l\u2019audit de performance (ISSAI 200, ISSAI 300 et ISSAI 400)<\/strong><\/h4>\n<p>Chacune de ces trois normes est consacr\u00e9e \u00e0 un type sp\u00e9cifique d\u2019audit et \u00e9nonce des principes d\u00e9taill\u00e9s ainsi que des orientations professionnelles permettant \u00e0 l\u2019auditeur de mettre en \u0153uvre, de mani\u00e8re pratique, rigoureuse et adapt\u00e9e, la m\u00e9thodologie g\u00e9n\u00e9rale d\u00e9finie par l\u2019ISSAI 100.<\/p>\n<p>Les normes internationales ISSAI 200, ISSAI 300 et ISSAI 400 s\u2019articulent ainsi avec l\u2019ISSAI 100, dont elles constituent le prolongement, chacune apportant des compl\u00e9ments propres au d\u00e9roulement du processus d\u2019audit.<\/p>\n<\/div><\/div><\/div>[\/vc_column][vc_column width=\u00a0\u00bb1\/6&Prime;]<div class=\"cz_gap clr \" style=\"height: 50px\"><\/div><div id=\"cz_88241\" data-position=\"top-right\" class=\"cz_88241 cz_image clr cz_image_no_fx center_on_mobile\"><div class=\"\" ><div class=\"cz_image_in\" data-tilt><div class=\"cz_main_image\"><img loading=\"lazy\" decoding=\"async\" width=\"330\" height=\"681\" src=\"https:\/\/cdc2025.progresstn.com\/wp-content\/uploads\/2025\/12\/Flag_map_of_Tunisia.png\" class=\"attachment-full\" alt=\"\" title=\"Flag_map_of_Tunisia\" srcset=\"https:\/\/cdc2025.progresstn.com\/wp-content\/uploads\/2025\/12\/Flag_map_of_Tunisia.png 330w, https:\/\/cdc2025.progresstn.com\/wp-content\/uploads\/2025\/12\/Flag_map_of_Tunisia-145x300.png 145w\" sizes=\"auto, (max-width: 330px) 100vw, 330px\" \/><\/div><\/div><\/div><\/div><div id=\"cz_88241\" data-position=\"top-right\" class=\"cz_88241 cz_image clr cz_image_no_fx center_on_mobile\"><div class=\"\" ><div class=\"cz_image_in\" data-tilt><div class=\"cz_main_image\"><img loading=\"lazy\" decoding=\"async\" width=\"330\" height=\"681\" src=\"https:\/\/cdc2025.progresstn.com\/wp-content\/uploads\/2025\/12\/Flag_map_of_Tunisia.png\" class=\"attachment-full\" alt=\"\" title=\"Flag_map_of_Tunisia\" srcset=\"https:\/\/cdc2025.progresstn.com\/wp-content\/uploads\/2025\/12\/Flag_map_of_Tunisia.png 330w, https:\/\/cdc2025.progresstn.com\/wp-content\/uploads\/2025\/12\/Flag_map_of_Tunisia-145x300.png 145w\" sizes=\"auto, (max-width: 330px) 100vw, 330px\" \/><\/div><\/div><\/div><\/div><div id=\"cz_88241\" data-position=\"top-right\" class=\"cz_88241 cz_image clr cz_image_no_fx center_on_mobile\"><div class=\"\" ><div class=\"cz_image_in\" data-tilt><div class=\"cz_main_image\"><img loading=\"lazy\" decoding=\"async\" width=\"330\" height=\"681\" src=\"https:\/\/cdc2025.progresstn.com\/wp-content\/uploads\/2025\/12\/Flag_map_of_Tunisia.png\" class=\"attachment-full\" alt=\"\" title=\"Flag_map_of_Tunisia\" srcset=\"https:\/\/cdc2025.progresstn.com\/wp-content\/uploads\/2025\/12\/Flag_map_of_Tunisia.png 330w, https:\/\/cdc2025.progresstn.com\/wp-content\/uploads\/2025\/12\/Flag_map_of_Tunisia-145x300.png 145w\" sizes=\"auto, (max-width: 330px) 100vw, 330px\" \/><\/div><\/div><\/div><\/div>[\/vc_column][\/vc_row][vc_row rtl_reverse=\u00a0\u00bbyes\u00a0\u00bb css=\u00a0\u00bb.vc_custom_1764960598403{background-position: 0 0 !important;background-repeat: no-repeat !important;}\u00a0\u00bb][vc_column width=\u00a0\u00bb1\/3&Prime;]<div id=\"cz_88241\" data-position=\"top-right\" class=\"cz_88241 cz_image clr cz_image_no_fx center_on_mobile\"><div class=\"\" ><div class=\"cz_image_in\" data-tilt><div class=\"cz_main_image\"><img loading=\"lazy\" decoding=\"async\" width=\"330\" height=\"681\" src=\"https:\/\/cdc2025.progresstn.com\/wp-content\/uploads\/2025\/12\/Flag_map_of_Tunisia.png\" class=\"attachment-full\" alt=\"\" title=\"Flag_map_of_Tunisia\" srcset=\"https:\/\/cdc2025.progresstn.com\/wp-content\/uploads\/2025\/12\/Flag_map_of_Tunisia.png 330w, https:\/\/cdc2025.progresstn.com\/wp-content\/uploads\/2025\/12\/Flag_map_of_Tunisia-145x300.png 145w\" sizes=\"auto, (max-width: 330px) 100vw, 330px\" \/><\/div><\/div><\/div><\/div>[\/vc_column][vc_column width=\u00a0\u00bb2\/3&Prime;]<div id=\"cz_86965\" class=\"cz_86965 cz_title clr cz_mobile_text_center cz_title_pos_inline\"><div class=\"cz_title_content\"><div class=\"cz_wpe_content\"><div class=\"clearfix title-center\">\n<div class=\"clearfix title-left\">\n<p class=\"wp-block-heading\"><strong>ISSAI 200 \u2013 Principes fondamentaux de l\u2019audit financier<br \/>\n<\/strong>Porte sur l\u2019audit des \u00e9tats financiers produits par les entit\u00e9s publiques.<br \/>\nIl pr\u00e9cise notamment :<\/p>\n<ul class=\"wp-block-list\">\n<li>l\u2019\u00e9valuation des risques,<\/li>\n<li>la compr\u00e9hension de l\u2019environnement de contr\u00f4le et du cadre comptable,<\/li>\n<li>la conception des proc\u00e9dures permettant d\u2019obtenir des preuves suffisantes et appropri\u00e9es.<br \/>\nCe standard \u00e9tablit le cadre d\u2019expression de l\u2019opinion de l\u2019auditeur sur la r\u00e9gularit\u00e9 et la sinc\u00e9rit\u00e9 des \u00e9tats financiers, en conformit\u00e9 avec les r\u00e9f\u00e9rentiels comptables admis, et s\u2019aligne largement sur les normes internationales d\u2019audit (ISA) de l\u2019IFAC.<\/li>\n<\/ul>\n<\/div>\n<\/div>\n<\/div><span class=\"cz_line_side_solo cz_line_side_after\">_<\/span><\/div><\/div><div id=\"cz_107997\" class=\"cz_107997 cz_title clr cz_mobile_text_center cz_title_pos_inline\"><div class=\"cz_title_content\"><div class=\"cz_wpe_content\"><div class=\"clearfix title-center\">\n<div class=\"clearfix title-left\">\n<p class=\"wp-block-heading\"><strong>ISSAI 300 \u2013 Principes fondamentaux de l\u2019audit de performance<\/strong><\/p>\n<ul class=\"wp-block-list\">\n<li>Vise \u00e0 appr\u00e9cier l\u2019efficacit\u00e9, l\u2019efficience et l\u2019\u00e9conomie de la gestion publique.<\/li>\n<\/ul>\n<p>Il d\u00e9finit les objectifs de l\u2019audit de performance autour de questions telles que :<\/p>\n<ul class=\"wp-block-list\">\n<li>Les programmes publics atteignent-ils leurs objectifs ?\n<ul class=\"wp-block-list\">\n<li>Les ressources sont-elles g\u00e9r\u00e9es efficacement ?<\/li>\n<li>Est-il possible d\u2019obtenir de meilleurs r\u00e9sultats avec moins de moyens ?<br \/>\nCe standard met l\u2019accent sur l\u2019analyse syst\u00e9matique, la collecte d\u2019\u00e9l\u00e9ments probants multiples, la souplesse m\u00e9thodologique et l\u2019innovation dans les outils d\u2019\u00e9valuation. L\u2019audit de performance contribue ainsi \u00e0 am\u00e9liorer la gestion publique et la prise de d\u00e9cision, au-del\u00e0 de la simple d\u00e9tection d\u2019irr\u00e9gularit\u00e9s.<\/li>\n<\/ul>\n<\/li>\n<\/ul>\n<\/div>\n<\/div>\n<\/div><span class=\"cz_line_side_solo cz_line_side_after\">_<\/span><\/div><\/div>[\/vc_column][\/vc_row][vc_row][vc_column width=\u00a0\u00bb3\/4&Prime;]<div id=\"cz_87010\" class=\"cz_87010 cz_title clr cz_mobile_text_center cz_title_pos_inline\"><div class=\"cz_title_content\"><div class=\"cz_wpe_content\"><div class=\"clearfix title-center\">\n<div class=\"clearfix title-left\">\n<p class=\"wp-block-heading\"><strong>ISSAI 400 \u2013 Principes fondamentaux de l\u2019audit de conformit\u00e9<\/strong><\/p>\n<ul class=\"wp-block-list\">\n<li>Concerne la v\u00e9rification du respect par les entit\u00e9s publiques des lois, r\u00e8glements, contrats et conventions.<br \/>\nIl distingue :<\/p>\n<ul class=\"wp-block-list\">\n<li>l\u2019audit de conformit\u00e9 li\u00e9 \u00e0 l\u2019audit financier,<\/li>\n<li>l\u2019audit de conformit\u00e9 autonome<\/li>\n<li>\u00a0Il expose \u00e9galement la mani\u00e8re de traiter les irr\u00e9gularit\u00e9s juridiques et d\u2019en tirer les conclusions appropri\u00e9es.<\/li>\n<\/ul>\n<\/li>\n<\/ul>\n<\/div>\n<\/div>\n<\/div><span class=\"cz_line_side_solo cz_line_side_after\">_<\/span><\/div><\/div><div id=\"cz_46770\" class=\"cz_46770 cz_title clr cz_title_pos_inline\"><div class=\"cz_title_content\"><div class=\"cz_wpe_content\"><p>Pour consulter l\u2019ensemble des principes, normes et orientations publi\u00e9s par l\u2019INTOSAI, il est possible de se r\u00e9f\u00e9rer directement \u00e0 ses documents officiels accessibles via\u00a0<a href=\"https:\/\/www.issai.org\/professional-pronouncements\/\">son site web.<\/a><\/p>\n<\/div><\/div><\/div>[\/vc_column][vc_column width=\u00a0\u00bb1\/4&Prime;]<div id=\"cz_88241\" data-position=\"top-right\" class=\"cz_88241 cz_image clr cz_image_no_fx center_on_mobile\"><div class=\"\" ><div class=\"cz_image_in\" data-tilt><div class=\"cz_main_image\"><img loading=\"lazy\" decoding=\"async\" width=\"330\" height=\"681\" src=\"https:\/\/cdc2025.progresstn.com\/wp-content\/uploads\/2025\/12\/Flag_map_of_Tunisia.png\" class=\"attachment-full\" alt=\"\" title=\"Flag_map_of_Tunisia\" srcset=\"https:\/\/cdc2025.progresstn.com\/wp-content\/uploads\/2025\/12\/Flag_map_of_Tunisia.png 330w, https:\/\/cdc2025.progresstn.com\/wp-content\/uploads\/2025\/12\/Flag_map_of_Tunisia-145x300.png 145w\" sizes=\"auto, (max-width: 330px) 100vw, 330px\" \/><\/div><\/div><\/div><\/div>[\/vc_column][\/vc_row]<\/p>\n<\/div>","protected":false},"excerpt":{"rendered":"<p>[vc_row rtl_reverse=\u00a0\u00bbyes\u00a0\u00bb css=\u00a0\u00bb.vc_custom_1764960931344{background-position: 0 0 !important;background-repeat: no-repeat !important;}\u00a0\u00bb][vc_column width=\u00a0\u00bb1\/6&Prime;][\/vc_column][vc_column width=\u00a0\u00bb5\/6&Prime;][\/vc_column][\/vc_row][vc_row rtl_reverse=\u00a0\u00bbyes\u00a0\u00bb &#8230; <\/p>\n","protected":false},"author":2,"featured_media":0,"parent":0,"menu_order":0,"comment_status":"closed","ping_status":"closed","template":"","meta":{"footnotes":""},"class_list":["post-1852","page","type-page","status-publish","hentry"],"_links":{"self":[{"href":"https:\/\/cdc2025.progresstn.com\/fr\/wp-json\/wp\/v2\/pages\/1852","targetHints":{"allow":["GET"]}}],"collection":[{"href":"https:\/\/cdc2025.progresstn.com\/fr\/wp-json\/wp\/v2\/pages"}],"about":[{"href":"https:\/\/cdc2025.progresstn.com\/fr\/wp-json\/wp\/v2\/types\/page"}],"author":[{"embeddable":true,"href":"https:\/\/cdc2025.progresstn.com\/fr\/wp-json\/wp\/v2\/users\/2"}],"replies":[{"embeddable":true,"href":"https:\/\/cdc2025.progresstn.com\/fr\/wp-json\/wp\/v2\/comments?post=1852"}],"version-history":[{"count":17,"href":"https:\/\/cdc2025.progresstn.com\/fr\/wp-json\/wp\/v2\/pages\/1852\/revisions"}],"predecessor-version":[{"id":2981,"href":"https:\/\/cdc2025.progresstn.com\/fr\/wp-json\/wp\/v2\/pages\/1852\/revisions\/2981"}],"wp:attachment":[{"href":"https:\/\/cdc2025.progresstn.com\/fr\/wp-json\/wp\/v2\/media?parent=1852"}],"curies":[{"name":"wp","href":"https:\/\/api.w.org\/{rel}","templated":true}]}}