


{"id":2546,"date":"2024-06-09T07:34:18","date_gmt":"2024-06-09T05:34:18","guid":{"rendered":"https:\/\/cdc2025.progresstn.com\/%d8%a7%d9%84%d8%a3%d9%86%d8%b4%d8%b7%d8%a9-%d9%88-%d8%a7%d9%84%d9%85%d9%87%d8%a7%d9%85\/"},"modified":"2025-12-09T20:03:14","modified_gmt":"2025-12-09T19:03:14","slug":"activites-et-attributions","status":"publish","type":"page","link":"https:\/\/cdc2025.progresstn.com\/fr\/activites-et-attributions\/","title":{"rendered":"Activit\u00e9s et Attributions"},"content":{"rendered":"<div class=\"wpb-content-wrapper\"><p>[vc_row rtl_reverse=\u00a0\u00bbyes\u00a0\u00bb css=\u00a0\u00bb.vc_custom_1764719392753{background-position: 0 0 !important;background-repeat: no-repeat !important;}\u00a0\u00bb][vc_column]<div id=\"cz_31137\" class=\"cz_31137 cz_title clr cz_mobile_text_center cz_title_pos_inline\"><div class=\"cz_title_content\"><div class=\"cz_wpe_content\"><div class=\"clearfix title-center\">\n<div class=\"clearfix title-left\">\n<h2 class=\"col-title\">Activit\u00e9s et Attributions<\/h2>\n<\/div>\n<\/div>\n<\/div><span class=\"cz_line_side_solo cz_line_side_after\">_<\/span><\/div><\/div><div id=\"cz_12094\" class=\"cz_12094 cz_title clr cz_mobile_text_center cz_title_pos_inline\"><div class=\"cz_title_content\"><div class=\"cz_wpe_content\"><p>Dot\u00e9e d\u2019un pouvoir de juridiction et d\u2019un pouvoir de contr\u00f4le, la Cour des comptes rend des jugements et \u00e9tablit des rapports, et ce, dans le respect des principes de l\u00e9galit\u00e9, d\u2019efficacit\u00e9, de transparence, de redevabilit\u00e9 et d\u2019int\u00e9grit\u00e9, en vertu des dispositions de l\u2019article 2 de la loi organique n\u00b0 2019-41 du 30 avril 2019 relative \u00e0 la Cour des comptes. Cette loi a permis, d\u2019une part, de confirmer la vision de la Cour des comptes et son positionnement, et d\u2019autre part, d\u2019\u00e9largir ses comp\u00e9tences, notamment ses attributions juridictionnelles. La composition des formations de la Cour ainsi que ses proc\u00e9dures ont \u00e9t\u00e9 revues afin de r\u00e9pondre aux exigences d\u2019efficacit\u00e9 et des garanties du proc\u00e8s \u00e9quitable. Il est ainsi reconnu \u00e0 la Cour des Comptes un champ d\u2019intervention plus \u00e9tendu.<\/p>\n<\/div><\/div><\/div><div id=\"cz_99042\" class=\"cz_99042 cz_title clr cz_mobile_text_center cz_title_pos_inline\"><div class=\"cz_title_content\"><div class=\"cz_wpe_content\"><div class=\"clearfix title-center\">\n<div class=\"clearfix title-left\">\n<h4><strong>En vertu des dispositions qui la r\u00e9gissent, la Cour des Comptes :<\/strong><\/h4>\n<\/div>\n<\/div>\n<\/div><span class=\"cz_line_side_solo cz_line_side_after\">_<\/span><\/div><\/div><ul id=\"cz_29298\" class=\"cz_29298 cz_stylish_list clr cz_sl_icon_hover_zoom_in\"><li class=\"clr\"><div class=\"cz_sl_icon\"><i class=\"fa czico-072-check-mark mr10\" ><\/i><\/div><div><span>Juge les comptes des comptables publics, statue sur les affaires de gestion de fait, peut statuer sur les pourvois en r\u00e9formation des arr\u00eat\u00e9s administratifs des comptes et \u00e9voquer les comptes dont l\u2019apurement rel\u00e8ve de l\u2019autorit\u00e9 administrative.<\/span><\/div><\/li><li class=\"clr\"><div class=\"cz_sl_icon\"><i class=\"fa czico-072-check-mark mr10\" ><\/i><\/div><div><span>Sanctionne les fautes de gestion.<\/span><\/div><\/li><li class=\"clr\"><div class=\"cz_sl_icon\"><i class=\"fa czico-072-check-mark mr10\" ><\/i><\/div><div><span>Exerce un pouvoir de contr\u00f4le sur les comptes et la gestion des organismes, notamment l\u2019\u00c9tat, les \u00e9tablissements publics dont le budget est rattach\u00e9 pour ordre au budget de l\u2019\u00c9tat, et les collectivit\u00e9s locales, les \u00e9tablissements publics \u00e0 caract\u00e8re non administratif et les entreprises publiques.<\/span><\/div><\/li><li class=\"clr\"><div class=\"cz_sl_icon\"><i class=\"fa czico-072-check-mark mr10\" ><\/i><\/div><div><span>\u00c9tablit une d\u00e9claration g\u00e9n\u00e9rale de conformit\u00e9 entre les comptes des comptables publics et le compte g\u00e9n\u00e9ral de l\u2019\u00c9tat. Elle \u00e9met un avis sur les \u00e9tats financiers annuels de l\u2019\u00c9tat.<\/span><\/div><\/li><li class=\"clr\"><div class=\"cz_sl_icon\"><i class=\"fa czico-072-check-mark mr10\" ><\/i><\/div><div><span>Contribue \u00e0 l\u2019\u00e9valuation des politiques et programmes publics.<\/span><\/div><\/li><li class=\"clr\"><div class=\"cz_sl_icon\"><i class=\"fa czico-072-check-mark mr10\" ><\/i><\/div><div><span>Assiste les pouvoirs l\u00e9gislatif et ex\u00e9cutif dans le contr\u00f4le de l\u2019ex\u00e9cution des lois de finances et du r\u00e8glement du budget.<\/span><\/div><\/li><li class=\"clr\"><div class=\"cz_sl_icon\"><i class=\"fa czico-072-check-mark mr10\" ><\/i><\/div><div><span>Proc\u00e8de \u00e0 l\u2019appr\u00e9ciation des r\u00e9sultats de l\u2019aide \u00e9conomique ou financi\u00e8re, quelle que soit sa forme, que les organismes \u00e9num\u00e9r\u00e9s \u00e0 l\u2019article 7 de la loi relative \u00e0 la Cour des comptes accordent aux partis politiques, associations, mutuelles, entreprises et organismes priv\u00e9s, notamment celles rev\u00eatant la forme de subventions, d\u2019exon\u00e9rations fiscales, de garanties ou de monopoles.<\/span><\/div><\/li><li class=\"clr\"><div class=\"cz_sl_icon\"><i class=\"fa czico-072-check-mark mr10\" ><\/i><\/div><div><span>Contr\u00f4le les concessionnaires et entreprises charg\u00e9s de la r\u00e9alisation de projets publics ou de la gestion de services publics dans le cadre de partenariats public-priv\u00e9, afin de s\u2019assurer qu\u2019ils se sont acquitt\u00e9s de leurs obligations.<\/span><\/div><\/li><li class=\"clr\"><div class=\"cz_sl_icon\"><i class=\"fa czico-072-check-mark mr10\" ><\/i><\/div><div><span>Assure le suivi des r\u00e9sultats de ses travaux et la mise en \u0153uvre de ses recommandations conform\u00e9ment aux modalit\u00e9s pr\u00e9vues pour le contr\u00f4le de gestion.<\/span><\/div><\/li><li class=\"clr\"><div class=\"cz_sl_icon\"><i class=\"fa czico-072-check-mark mr10\" ><\/i><\/div><div><span>Exerce son contr\u00f4le sur les partis politiques, associations, mutuelles, entreprises et organismes priv\u00e9s ayant b\u00e9n\u00e9fici\u00e9 de l\u2019aide publique.<\/span><\/div><\/li><li class=\"clr\"><div class=\"cz_sl_icon\"><i class=\"fa czico-072-check-mark mr10\" ><\/i><\/div><div><span>Peut mener des missions d\u2019audit des comptes des organismes ou des organisations internationales conform\u00e9ment aux proc\u00e9dures fix\u00e9es par les conventions conclues \u00e0 cet effet.<\/span><\/div><\/li><li class=\"clr\"><div class=\"cz_sl_icon\"><i class=\"fa czico-072-check-mark mr10\" ><\/i><\/div><div><span>Exerce un contr\u00f4le sur le financement des campagnes \u00e9lectorales pr\u00e9sidentielles, l\u00e9gislatives, municipales et r\u00e9gionales.<\/span><\/div><\/li><\/ul>[\/vc_column][\/vc_row][vc_row rtl_reverse=\u00a0\u00bbyes\u00a0\u00bb css=\u00a0\u00bb.vc_custom_1764804766212{background-position: 0 0 !important;background-repeat: no-repeat !important;}\u00a0\u00bb][vc_column]<div id=\"cz_90184\" class=\"cz_90184 cz_title clr cz_mobile_text_center cz_title_pos_inline\"><div class=\"cz_title_content\"><div class=\"cz_wpe_content\"><div class=\"clearfix title-center\">\n<div class=\"clearfix title-left\">\n<h4 class=\"wp-block-heading\"><strong>Les chambres et formations de la Cour des comptes<\/strong><\/h4>\n<\/div>\n<\/div>\n<\/div><span class=\"cz_line_side_solo cz_line_side_after\">_<\/span><\/div><\/div><div id=\"cz_101064\" class=\"cz_101064 cz_title clr cz_mobile_text_center cz_title_pos_inline\"><div class=\"cz_title_content\"><div class=\"cz_wpe_content\"><p style=\"text-align: justify; line-height: 1.8;\">Selon l\u2019article 27 de la loi organique n\u00b0 2019-41, sont fix\u00e9s par arr\u00eat\u00e9 du Premier Pr\u00e9sident de la Cour des comptes, sur avis conforme du Conseil de la justice financi\u00e8re :<\/p>\n<\/div><\/div><\/div><ul id=\"cz_95955\" class=\"cz_95955 cz_stylish_list clr cz_sl_icon_hover_zoom_in\"><li class=\"clr\"><div class=\"cz_sl_icon\"><i class=\"fa czico-072-check-mark mr10\" ><\/i><\/div><div><span>Le nombre de chambres d\u2019appel<\/span><\/div><\/li><li class=\"clr\"><div class=\"cz_sl_icon\"><i class=\"fa czico-072-check-mark mr10\" ><\/i><\/div><div><span>Le nombre de chambres centrales<\/span><\/div><\/li><li class=\"clr\"><div class=\"cz_sl_icon\"><i class=\"fa czico-072-check-mark mr10\" ><\/i><\/div><div><span>Le nombre de chambres r\u00e9gionales et la comp\u00e9tence territoriale de chacune d\u2019elles<\/span><\/div><\/li><li class=\"clr\"><div class=\"cz_sl_icon\"><i class=\"fa czico-072-check-mark mr10\" ><\/i><\/div><div><span>Le nombre de sections au sein de chaque chambre<\/span><\/div><\/li><li class=\"clr\"><div class=\"cz_sl_icon\"><i class=\"fa czico-072-check-mark mr10\" ><\/i><\/div><div><span>Le nombre de procureurs d\u2019\u00c9tat et de procureurs d\u2019\u00c9tat adjoints au sein du Parquet<\/span><\/div><\/li><\/ul><div id=\"cz_27767\" class=\"cz_27767 cz_title clr cz_mobile_text_center cz_title_pos_inline\"><div class=\"cz_title_content\"><div class=\"cz_wpe_content\"><p>Les Chambres d\u2019appel sont comp\u00e9tentes pour statuer sur les appels interjet\u00e9s contre les jugements rendus en premier ressort par les chambres centrales et r\u00e9gionales. Les chambres centrales exercent les comp\u00e9tences d\u00e9volues \u00e0 la Cour des comptes \u00e0 l\u2019\u00e9gard des organismes soumis \u00e0 sa juridiction, \u00e0 son contr\u00f4le ou \u00e0 son appr\u00e9ciation, selon une division fix\u00e9e par le Premier Pr\u00e9sident apr\u00e8s consultation de l\u2019Assembl\u00e9e pl\u00e9ni\u00e8re. Les chambres r\u00e9gionales exercent les comp\u00e9tences d\u00e9volues \u00e0 la Cour des comptes \u00e0 l\u2019\u00e9gard des autorit\u00e9s administratives r\u00e9gionales et locales, des \u00e9tablissements publics et entreprises publiques, ainsi que de tout organisme, quelle que soit sa d\u00e9nomination, dans lesquels l\u2019\u00c9tat, les collectivit\u00e9s locales, les \u00e9tablissements publics ou les entreprises publiques d\u00e9tiennent une participation en capital, et dont le si\u00e8ge principal ou le lieu d\u2019activit\u00e9 se trouve dans le champ de comp\u00e9tence territoriale de la chambre r\u00e9gionale. Les chambres r\u00e9gionales exercent, en outre, les comp\u00e9tences pr\u00e9vues \u00e0 l\u2019article 13 de la loi relative \u00e0 la Cour des comptes concernant les partis politiques, associations, mutuelles, entreprises et organismes priv\u00e9s dont le si\u00e8ge se trouve dans leur champ territorial. Les chambres centrales et r\u00e9gionales prononcent, dans le cadre de l\u2019exercice des pouvoirs juridictionnels de la Cour des comptes, des jugements en premier ressort.<\/p>\n<\/div><\/div><\/div>[\/vc_column][\/vc_row][vc_row][vc_column]<div id=\"cz_68092\" data-position=\"top-right\" class=\"cz_68092 cz_image clr cz_image_no_fx center_on_mobile\"><div class=\"\" ><div class=\"cz_image_in\" data-tilt><div class=\"cz_main_image\"><img loading=\"lazy\" decoding=\"async\" width=\"1280\" height=\"1273\" src=\"https:\/\/cdc2025.progresstn.com\/wp-content\/uploads\/2025\/12\/cours-des-comptes.jpg\" class=\"attachment-full\" alt=\"\" title=\"cours-des-comptes\" srcset=\"https:\/\/cdc2025.progresstn.com\/wp-content\/uploads\/2025\/12\/cours-des-comptes.jpg 1280w, https:\/\/cdc2025.progresstn.com\/wp-content\/uploads\/2025\/12\/cours-des-comptes-300x298.jpg 300w, https:\/\/cdc2025.progresstn.com\/wp-content\/uploads\/2025\/12\/cours-des-comptes-1024x1018.jpg 1024w, https:\/\/cdc2025.progresstn.com\/wp-content\/uploads\/2025\/12\/cours-des-comptes-150x150.jpg 150w, https:\/\/cdc2025.progresstn.com\/wp-content\/uploads\/2025\/12\/cours-des-comptes-768x764.jpg 768w, https:\/\/cdc2025.progresstn.com\/wp-content\/uploads\/2025\/12\/cours-des-comptes-600x597.jpg 600w\" sizes=\"auto, (max-width: 1280px) 100vw, 1280px\" \/><\/div><\/div><div class=\"cz_image_caption mt10 cz_wpe_content\"><p style=\"text-align: center;\"><strong><span style=\"font-size: 24px;\">\u0645\u062d\u0643\u0645\u0629 \u0627\u0644\u0645\u062d\u0627\u0633\u0628\u0627\u062a<\/span><\/strong><\/p>\n<\/div><\/div><\/div><div class=\"cz_gap clr  hide_on_mobile\" style=\"height: 60px\"><\/div><div class=\"cz_gap show_on_mobile clr\" style=\"height: 40px\"><\/div><div id=\"cz_23601\" class=\"cz_23601 cz_2_btn cz_2_btn_center\"><a class=\"cz_btn btn1\"  href=\"https:\/\/cdc2025.progresstn.com\/fr\/portail-du-citoyen\/\" title=\"Portail du citoyen\" aria-label=\"Portail du citoyen\"><strong>Portail du citoyen<\/strong><\/a><div class=\"cz_2_btn_sep style4\"><i><span>ou<\/span><\/i><\/div><a class=\"cz_btn btn2\"  href=\"https:\/\/cdc2025.progresstn.com\/contact\/\" title=\"Free Consultation\" aria-label=\"Free Consultation\"><strong>Nous contacter<\/strong><\/a><\/div><div class=\"clr\"><\/div>[\/vc_column][\/vc_row]<\/p>\n<\/div>","protected":false},"excerpt":{"rendered":"<p>[vc_row rtl_reverse=\u00a0\u00bbyes\u00a0\u00bb css=\u00a0\u00bb.vc_custom_1764719392753{background-position: 0 0 !important;background-repeat: no-repeat !important;}\u00a0\u00bb][vc_column][\/vc_column][\/vc_row][vc_row rtl_reverse=\u00a0\u00bbyes\u00a0\u00bb css=\u00a0\u00bb.vc_custom_1764804766212{background-position: 0 &#8230; <\/p>\n","protected":false},"author":1,"featured_media":0,"parent":0,"menu_order":0,"comment_status":"closed","ping_status":"closed","template":"","meta":{"footnotes":""},"class_list":["post-2546","page","type-page","status-publish","hentry"],"_links":{"self":[{"href":"https:\/\/cdc2025.progresstn.com\/fr\/wp-json\/wp\/v2\/pages\/2546","targetHints":{"allow":["GET"]}}],"collection":[{"href":"https:\/\/cdc2025.progresstn.com\/fr\/wp-json\/wp\/v2\/pages"}],"about":[{"href":"https:\/\/cdc2025.progresstn.com\/fr\/wp-json\/wp\/v2\/types\/page"}],"author":[{"embeddable":true,"href":"https:\/\/cdc2025.progresstn.com\/fr\/wp-json\/wp\/v2\/users\/1"}],"replies":[{"embeddable":true,"href":"https:\/\/cdc2025.progresstn.com\/fr\/wp-json\/wp\/v2\/comments?post=2546"}],"version-history":[{"count":11,"href":"https:\/\/cdc2025.progresstn.com\/fr\/wp-json\/wp\/v2\/pages\/2546\/revisions"}],"predecessor-version":[{"id":2562,"href":"https:\/\/cdc2025.progresstn.com\/fr\/wp-json\/wp\/v2\/pages\/2546\/revisions\/2562"}],"wp:attachment":[{"href":"https:\/\/cdc2025.progresstn.com\/fr\/wp-json\/wp\/v2\/media?parent=2546"}],"curies":[{"name":"wp","href":"https:\/\/api.w.org\/{rel}","templated":true}]}}