


{"id":2748,"date":"2025-12-04T00:52:35","date_gmt":"2025-12-03T23:52:35","guid":{"rendered":"https:\/\/cdc2025.progresstn.com\/donnees-ouvertes\/"},"modified":"2025-12-11T20:35:57","modified_gmt":"2025-12-11T19:35:57","slug":"open-data","status":"publish","type":"page","link":"https:\/\/cdc2025.progresstn.com\/fr\/open-data\/","title":{"rendered":"Open Data"},"content":{"rendered":"<div class=\"wpb-content-wrapper\"><p>[vc_row][vc_column width=\u00a0\u00bb3\/4&Prime;]<div id=\"cz_26453\" class=\"cz_26453 cz_title clr cz_title_pos_inline\"><div class=\"cz_title_content\"><div class=\"cz_wpe_content\"><div class=\"lefter\">\n<h2 class=\"codevz-section-title \">Open Data<\/h2>\n<\/div>\n<\/div><\/div><\/div><div id=\"cz_42469\" class=\"cz_42469 cz_title clr cz_title_pos_inline\"><div class=\"cz_title_content\"><div class=\"cz_wpe_content\"><p style=\"text-align: left;\">En application des dispositions de la Loi organique n\u00b0 2016-22 du 24 mars 2016 relative au droit d\u2019acc\u00e8s \u00e0 l\u2019information, La Cour des Comptes met, sur son site WEB, \u00e0 la disposition du public les informations et les documents administratifs dont l\u2019acc\u00e8s est libre<br \/>\nCette mesure d\u2019acc\u00e8s aux documents administratifs consacre la politique de la transparence et le respect du droit de chaque personne physique et morale d\u2019acc\u00e9der aux donn\u00e9es et documents conserv\u00e9s par les services publics<br \/>\nD\u2019autre documents administratifs non prot\u00e9g\u00e9s peuvent \u00eatre \u00e9galement accessibles et ce sur pr\u00e9sentation <a style=\"color: #9e691b;\" href=\"#\">d\u2019une demande \u00e9crite selon un mod\u00e8le con\u00e7u \u00e0 cet effet<\/a><\/p>\n<\/div><\/div><\/div>[\/vc_column][vc_column width=\u00a0\u00bb1\/4&Prime;]<div id=\"cz_19787\" data-position=\"top-right\" class=\"cz_19787 cz_image clr cz_image_no_fx center_on_mobile\"><div class=\"\" ><div class=\"cz_image_in\" data-tilt><div class=\"cz_main_image\"><img loading=\"lazy\" decoding=\"async\" width=\"300\" height=\"134\" src=\"https:\/\/cdc2025.progresstn.com\/wp-content\/uploads\/2025\/12\/OPEN-DATA.jpg\" class=\"attachment-full\" alt=\"\" title=\"OPEN-DATA\" \/><\/div><\/div><\/div><\/div>[\/vc_column][\/vc_row][vc_row][vc_column]<div id=\"cz_46257\" class=\"cz_46257 cz_title clr cz_title_pos_inline\"><div class=\"cz_title_content\"><div class=\"cz_wpe_content\"><h4 style=\"text-align: left;\">Les jeux de donn\u00e9es sont disponibles en format word et pdf<\/h4>\n<\/div><\/div><\/div><ul id=\"cz_52958\" class=\"cz_52958 cz_stylish_list clr cz_sl_icon_hover_zoom_in\"><li class=\"clr\"><a href=\"https:\/\/drive.google.com\/drive\/folders\/14zS_D8ijy_bCSunbAjkyVCe9aJWJlSwv\" target=\"_blank\"><div class=\"cz_sl_icon\"><i class=\"fas fa-file-word mr10\" ><\/i><\/div><div><span>Les rapports de missions de contr\u00f4le\nDonn\u00e9es ouvertes : Les rapports de missions de contr\u00f4le class\u00e9s par rapports annuels   <\/span><\/div><\/a><\/li><li class=\"clr\"><a href=\"https:\/\/drive.google.com\/drive\/folders\/1D3ZyQZjAuWBwB6mJ1SPbihgJ0IMPdSWd\" target=\"_blank\"><div class=\"cz_sl_icon\"><i class=\"fas fa-file-word mr10\" ><\/i><\/div><div><span>Audit financier des communes\nDonn\u00e9es ouvertes : Les rapports d\u2019audit financier des communes class\u00e9s par gestion  <\/span><\/div><\/a><\/li><li class=\"clr\"><a href=\"https:\/\/drive.google.com\/drive\/folders\/14uQOyB8HL2p48jZaFnzYbnk0lmzDMQpu\" target=\"_blank\"><div class=\"cz_sl_icon\"><i class=\"fas fa-file-word mr10\" ><\/i><\/div><div><span>Les lois de r\u00e8glement du budget\nDonn\u00e9es ouvertes : Les rapports de r\u00e8glement du budget class\u00e9s par gestion<\/span><\/div><\/a><\/li><li class=\"clr\"><a href=\"https:\/\/drive.google.com\/drive\/folders\/1dqev0mYHKH5-wJvGR8tYsOKqRPiL6GhS\" target=\"_blank\"><div class=\"cz_sl_icon\"><i class=\"fas fa-file-word mr10\" ><\/i><\/div><div><span>Les manuels de proc\u00e9dures\nDonn\u00e9es ouvertes : Les manuels de proc\u00e9dures des greffiers de la cour   <\/span><\/div><\/a><\/li><li class=\"clr\"><a href=\"#\"><div class=\"cz_sl_icon\"><i class=\"fas fa-file-word mr10\" ><\/i><\/div><div><span>Le rapport d\u2019audit citoyen\nDonn\u00e9es ouvertes : Le rapport d\u2019audit citoyen <\/span><\/div><\/a><\/li><li class=\"clr\"><a href=\"https:\/\/drive.google.com\/drive\/folders\/1aJtcxi65c-gwwS2aUlIbF9Y2enGn13BE\" target=\"_blank\"><div class=\"cz_sl_icon\"><i class=\"fas fa-file-word mr10\" ><\/i><\/div><div><span>Le plan strat\u00e9gique de la CdC\nDonn\u00e9es ouvertes : Les documents relatifs au plan strat\u00e9gique <\/span><\/div><\/a><\/li><li class=\"clr\"><a href=\"https:\/\/drive.google.com\/drive\/folders\/1LX0Ck8ABK3CEac717ejDkZnD7g4DhthS\" target=\"_blank\"><div class=\"cz_sl_icon\"><i class=\"fas fa-file-word mr10\" ><\/i><\/div><div><span>Les notes du Premier Pr\u00e9sident\nDonn\u00e9es ouvertes : Les notes du premier pr\u00e9sident relatifs au d\u00e9roulement des missions de contr\u00f4le<\/span><\/div><\/a><\/li><\/ul><div id=\"cz_91771\" data-position=\"top-right\" class=\"cz_91771 cz_image clr cz_image_no_fx center_on_mobile\"><div class=\"\" ><div class=\"cz_image_in\" data-tilt><div class=\"cz_main_image\"><img loading=\"lazy\" decoding=\"async\" width=\"1280\" height=\"1273\" src=\"https:\/\/cdc2025.progresstn.com\/wp-content\/uploads\/2025\/12\/cours-des-comptes.jpg\" class=\"attachment-full\" alt=\"\" title=\"cours-des-comptes\" srcset=\"https:\/\/cdc2025.progresstn.com\/wp-content\/uploads\/2025\/12\/cours-des-comptes.jpg 1280w, https:\/\/cdc2025.progresstn.com\/wp-content\/uploads\/2025\/12\/cours-des-comptes-300x298.jpg 300w, https:\/\/cdc2025.progresstn.com\/wp-content\/uploads\/2025\/12\/cours-des-comptes-1024x1018.jpg 1024w, https:\/\/cdc2025.progresstn.com\/wp-content\/uploads\/2025\/12\/cours-des-comptes-150x150.jpg 150w, https:\/\/cdc2025.progresstn.com\/wp-content\/uploads\/2025\/12\/cours-des-comptes-768x764.jpg 768w, https:\/\/cdc2025.progresstn.com\/wp-content\/uploads\/2025\/12\/cours-des-comptes-600x597.jpg 600w\" sizes=\"auto, (max-width: 1280px) 100vw, 1280px\" \/><\/div><\/div><div class=\"cz_image_caption mt10 cz_wpe_content\"><p><strong><span style=\"color: #ffffff; font-size: 24px;\">La Cour des comptes<\/span><\/strong><\/p>\n<\/div><\/div><\/div>[\/vc_column][\/vc_row]<\/p>\n<\/div>","protected":false},"excerpt":{"rendered":"<p>[vc_row][vc_column width=\u00a0\u00bb3\/4&Prime;][\/vc_column][vc_column width=\u00a0\u00bb1\/4&Prime;][\/vc_column][\/vc_row][vc_row][vc_column][\/vc_column][\/vc_row] &#8230; <\/p>\n","protected":false},"author":1,"featured_media":0,"parent":0,"menu_order":0,"comment_status":"closed","ping_status":"closed","template":"","meta":{"footnotes":""},"class_list":["post-2748","page","type-page","status-publish","hentry"],"_links":{"self":[{"href":"https:\/\/cdc2025.progresstn.com\/fr\/wp-json\/wp\/v2\/pages\/2748","targetHints":{"allow":["GET"]}}],"collection":[{"href":"https:\/\/cdc2025.progresstn.com\/fr\/wp-json\/wp\/v2\/pages"}],"about":[{"href":"https:\/\/cdc2025.progresstn.com\/fr\/wp-json\/wp\/v2\/types\/page"}],"author":[{"embeddable":true,"href":"https:\/\/cdc2025.progresstn.com\/fr\/wp-json\/wp\/v2\/users\/1"}],"replies":[{"embeddable":true,"href":"https:\/\/cdc2025.progresstn.com\/fr\/wp-json\/wp\/v2\/comments?post=2748"}],"version-history":[{"count":5,"href":"https:\/\/cdc2025.progresstn.com\/fr\/wp-json\/wp\/v2\/pages\/2748\/revisions"}],"predecessor-version":[{"id":2809,"href":"https:\/\/cdc2025.progresstn.com\/fr\/wp-json\/wp\/v2\/pages\/2748\/revisions\/2809"}],"wp:attachment":[{"href":"https:\/\/cdc2025.progresstn.com\/fr\/wp-json\/wp\/v2\/media?parent=2748"}],"curies":[{"name":"wp","href":"https:\/\/api.w.org\/{rel}","templated":true}]}}