


{"id":2752,"date":"2025-12-04T14:14:51","date_gmt":"2025-12-04T13:14:51","guid":{"rendered":"https:\/\/cdc2025.progresstn.com\/reclamation-denonciation\/"},"modified":"2025-12-11T20:36:28","modified_gmt":"2025-12-11T19:36:28","slug":"denonciations-plaintes","status":"publish","type":"page","link":"https:\/\/cdc2025.progresstn.com\/fr\/denonciations-plaintes\/","title":{"rendered":"D\u00e9nonciations &#038; plaintes"},"content":{"rendered":"<div class=\"wpb-content-wrapper\"><p>[vc_row][vc_column]<div id=\"cz_11674\" class=\"cz_11674 cz_title clr cz_title_pos_inline\"><div class=\"cz_title_content\"><div class=\"cz_wpe_content\"><h2 style=\"text-align: left;\">R\u00e9clamation &amp; D\u00e9nonciation<\/h2>\n<\/div><\/div><\/div><div id=\"cz_52003\" class=\"cz_52003 cz_title clr cz_title_pos_inline\"><div class=\"cz_title_content\"><div class=\"cz_wpe_content\"><p>L\u2019objectif principal de la planification participative est d\u2019am\u00e9liorer la programmation par le biais des connaissances techniques et d\u2019informations fournies par des acteurs externes permettant de recevoir des propositions sur les entit\u00e9s et les programmes \u00e0 auditer ou des plaintes citoyennes pour alerter aux sujets de fraudes, de gaspillages, d\u2019abus, de mauvaise gestion des fonds publics ou des irr\u00e9gularit\u00e9s pr\u00e9sum\u00e9es au sein des organismes publics et qui pourraient \u00eatre potentiellement int\u00e9gr\u00e9es dans le plan annuel de v\u00e9rification qui est arr\u00eat\u00e9 par les membres de la Cour, coll\u00e9gialement et en toute ind\u00e9pendance, selon des crit\u00e8res objectifs.<br \/>\nLe m\u00e9canisme de cette contribution peut aider \u00e0 orienter le processus de planification vers les secteurs o\u00f9 des activit\u00e9s inappropri\u00e9es sont d\u00e9tect\u00e9es, et \u00e0 orienter ainsi le programme de contr\u00f4le pour mieux refl\u00e9ter les la soci\u00e9t\u00e9.<\/p>\n<p>Afin de nous faire parvenir vos plaintes ou nous alerter au sujet de la gestion des deniers publics veuillez remplir le formulaire ci-joint en ligne. Votre demande sera adress\u00e9e \u00e0 qui de droit et une r\u00e9ponse vous parviendra dans les meilleurs d\u00e9lais. <\/p>\n<\/div><\/div><\/div>[\/vc_column][\/vc_row][vc_row][vc_column css=\u00a0\u00bb.vc_custom_1764853890183{margin-top: 20px !important;}\u00a0\u00bb][vc_raw_html css=\u00a0\u00bb\u00a0\u00bb]PGZvcm0gZW5jdHlwZT0ibXVsdGlwYXJ0L2Zvcm0tZGF0YSIgbWV0aG9kPSJwb3N0IiBjbGFzcz0iZnJtLXNob3ctZm9ybSI+CiAgICA8ZGl2IGNsYXNzPSJmcm1fZm9ybV9maWVsZHMgIj4KICAgICAgICA8ZmllbGRzZXQ+CiAgICAgICAgICAgIDxsZWdlbmQgY2xhc3M9ImZybV9zY3JlZW5fcmVhZGVyIj5QbGFpbnRlcyAmYW1wOyBEw6lub25jaWF0aW9uPC9sZWdlbmQ+CgogICAgICAgICAgICA8ZGl2IGNsYXNzPSJmcm1fZmllbGRzX2NvbnRhaW5lciI+CiAgICAgICAgICAgICAgICA8aW5wdXQgdHlwZT0iaGlkZGVuIiBuYW1lPSJmcm1fYWN0aW9uIiB2YWx1ZT0iY3JlYXRlIj4KICAgICAgICAgICAgICAgIDxpbnB1dCB0eXBlPSJoaWRkZW4iIG5hbWU9ImZvcm1faWQiIHZhbHVlPSIzIj4KICAgICAgICAgICAgICAgIDxpbnB1dCB0eXBlPSJoaWRkZW4iIG5hbWU9ImZybV9oaWRlX2ZpZWxkc18zIiBpZD0iZnJtX2hpZGVfZmllbGRzXzMiIHZhbHVlPSIiPgogICAgICAgICAgICAgICAgPGlucHV0IHR5cGU9ImhpZGRlbiIgbmFtZT0iZm9ybV9rZXkiIHZhbHVlPSJjb250YWN0LWZvcm0yIj4KICAgICAgICAgICAgICAgIDxpbnB1dCB0eXBlPSJoaWRkZW4iIG5hbWU9Iml0ZW1fbWV0YVswXSIgdmFsdWU9IiI+CiAgICAgICAgICAgICAgICA8aW5wdXQgdHlwZT0iaGlkZGVuIiBpZD0iZnJtX3N1Ym1pdF9lbnRyeV8zIiBuYW1lPSJmcm1fc3VibWl0X2VudHJ5XzMiIHZhbHVlPSJlMTk4NGExNTkyIj48aW5wdXQgdHlwZT0iaGlkZGVuIiBuYW1lPSJfd3BfaHR0cF9yZWZlcmVyIiB2YWx1ZT0iIyI+CiAgICAgICAgICAgICAgICA8aDQgY2xhc3M9InNpbXBsZS1wYWdlLXRpdGxlIj5Gb3JtdWxhaXJlIGRlIGTDqW5vbmNpYXRpb24gOjwvaDQ+CiAgICAgICAgICAgICAgICA8cD48c3Ryb25nPgogICAgICAgICAgICAgICAgICAgICAgICA8c21hbGw+TGEgY291ciBkZXMgY29tcHRlcyBnYXJhbnRpdCBsYSBub24gZGl2dWxnYXRpb24gZGVzIGlkZW50aXTDqXMgZGVzIGTDqW5vbmNpYXRldXJzLgpQYXIgYWlsbGV1cnMgY2VzIGRlcm5pZXJzIHNvbnQgcHJvdMOpZ8OpcyBwYXIgbGEgbG9pIG9yZ2FuaXF1ZSBuwrAyMDE3LTEwIGR1IDcgbWFycyAyMDE3LApyZWxhdGl2ZSDDoCBsYSBkw6lub25jaWF0aW9uIGRlIGxhIGNvcnJ1cHRpb24gZXQgbGEgcHJvdGVjdGlvbiBkZXMgZMOpbm9uY2lhdGV1cnMuPC9zbWFsbD4KICAgICAgICAgICAgICAgICAgICA8L3N0cm9uZz4KICAgICAgICAgICAgICAgIDxoNSBjbGFzcz0iZm9ybS10aXRsZSI+IFZvcyBjb29yZG9ubsOpczwvaDU+CgogICAgICAgICAgICAgICAgPGRpdj4KICAgICAgICAgICAgICAgICAgICA8ZGl2PlJhZGlvIEJ1dHRvbgo8c3BhbiBjbGFzcz0iZnJtX3JlcXVpcmVkIj4qPC9zcGFuPgogICAgICAgICAgICAgICAgICAgIDwvZGl2PgogICAgICAgICAgICAgICAgICAgIDxkaXYgY2xhc3M9ImZybV9vcHRfY29udGFpbmVyIiBhcmlhLWxhYmVsbGVkYnk9ImZpZWxkX3hqb201Ml9sYWJlbCIgcm9sZT0iZ3JvdXAiPgogICAgICAgICAgICAgICAgICAgICAgICA8ZGl2IGNsYXNzPSJmcm1fcmFkaW8iIGlkPSJmcm1fcmFkaW9fMTUtMCI+CiAgICAgICAgICAgICAgICAgICAgICAgICAgICA8bGFiZWw+CiAgICAgICAgICAgICAgICAgICAgICAgICAgICAgICAgPGlucHV0IHR5cGU9InJhZGlvIiBuYW1lPSJpdGVtX21ldGFbMTVdIiBpZD0iZmllbGRfeGpvbTUyLTAiIHZhbHVlPSJNb25zaWV1ciIgZGF0YS1yZXFtc2c9IkNlIGNoYW1wIG5lIHBldXQgcGFzIMOqdHJlIHZpZGUiIGFyaWEtcmVxdWlyZWQ9InRydWUiIGRhdGEtaW52bXNnPSJSYWRpbyBCdXR0b24gZXN0IG5vbiB2YWxpZGUiIGFyaWEtaW52YWxpZD0iZmFsc2UiPgogTW9uc2lldXI8L2xhYmVsPgogICAgICAgICAgICAgICAgICAgICAgICA8L2Rpdj4KICAgICAgICAgICAgICAgICAgICAgICAgPGRpdiBjbGFzcz0iZnJtX3JhZGlvIiBpZD0iZnJtX3JhZGlvXzE1LTEiPgogICAgICAgICAgICAgICAgICAgICAgICAgICAgPGxhYmVsPgogICAgICAgICAgICAgICAgICAgICAgICAgICAgICAgIDxpbnB1dCB0eXBlPSJyYWRpbyIgbmFtZT0iaXRlbV9tZXRhWzE1XSIgaWQ9ImZpZWxkX3hqb201Mi0xIiB2YWx1ZT0iTWFkYW1lIiBkYXRhLXJlcW1zZz0iQ2UgY2hhbXAgbmUgcGV1dCBwYXMgw6p0cmUgdmlkZSIgYXJpYS1yZXF1aXJlZD0idHJ1ZSIgZGF0YS1pbnZtc2c9IlJhZGlvIEJ1dHRvbiBlc3Qgbm9uIHZhbGlkZSIgYXJpYS1pbnZhbGlkPSJmYWxzZSI+CiBNYWRhbWU8L2xhYmVsPgogICAgICAgICAgICAgICAgICAgICAgICA8L2Rpdj4KICAgICAgICAgICAgICAgICAgICA8L2Rpdj4KICAgICAgICAgICAgICAgIDwvZGl2PgoKICAgICAgICAgICAgICAgIDxkaXY+CiAgICAgICAgICAgICAgICAgICAgPGxhYmVsPk5vbQo8c3BhbiBjbGFzcz0iZnJtX3JlcXVpcmVkIj4qPC9zcGFuPgogICAgICAgICAgICAgICAgICAgIDwvbGFiZWw+CiAgICAgICAgICAgICAgICAgICAgPGlucHV0IHR5cGU9InRleHQiPgogICAgICAgICAgICAgICAgPC9kaXY+CgogICAgICAgICAgICAgICAgPGRpdj4KICAgICAgICAgICAgICAgICAgICA8bGFiZWw+UHLDqW5vbQo8c3BhbiBjbGFzcz0iZnJtX3JlcXVpcmVkIj4qPC9zcGFuPgogICAgICAgICAgICAgICAgICAgIDwvbGFiZWw+CiAgICAgICAgICAgICAgICAgICAgPGlucHV0IHR5cGU9InRleHQiPgogICAgICAgICAgICAgICAgPC9kaXY+CgogICAgICAgICAgICAgICAgPGRpdj4KICAgICAgICAgICAgICAgICAgICA8bGFiZWw+RW1haWwKICAgICAgICAgICAgICAgICAgICAgICAgPHNwYW4gY2xhc3M9ImZybV9yZXF1aXJlZCI+PC9zcGFuPgogICAgICAgICAgICAgICAgICAgIDwvbGFiZWw+CiAgICAgICAgICAgICAgICAgICAgPGlucHV0IHR5cGU9ImVtYWlsIj4KICAgICAgICAgICAgICAgIDwvZGl2PgoKICAgICAgICAgICAgICAgIDxkaXY+CiAgICAgICAgICAgICAgICAgICAgPGxhYmVsPlByb2ZpbAo8c3BhbiBjbGFzcz0iZnJtX3JlcXVpcmVkIj4qPC9zcGFuPgogICAgICAgICAgICAgICAgICAgIDwvbGFiZWw+CiAgICAgICAgICAgICAgICAgICAgPHNwYW4+CiAgICAgICAgICAgICAgICAgICAgICAgIDxzZWxlY3QgcGxhY2Vob2xkZXI9IlNlbGVjdGlvbm5leiIgZGF0YS1yZXFtc2c9IkNlIGNoYW1wIG5lIHBldXQgcGFzIMOqdHJlIHZpZGUiIGFyaWEtcmVxdWlyZWQ9InRydWUiIGRhdGEtaW52bXNnPSJQcm9maWwgZXN0IG5vbiB2YWxpZGUiIGFyaWEtaW52YWxpZD0iZmFsc2UiPgogICAgICAgICAgICAgICAgICAgICAgICAgICAgPG9wdGlvbiB2YWx1ZT0iIj5TZWxlY3Rpb25uZXo8L29wdGlvbj4KICAgICAgICAgICAgICAgICAgICAgICAgICAgIDxvcHRpb24gdmFsdWU9IkNvbXB0YWJsZSBwdWJsaWMiPkNvbXB0YWJsZSBwdWJsaWM8L29wdGlvbj4KICAgICAgICAgICAgICAgICAgICAgICAgICAgIDxvcHRpb24gdmFsdWU9IkZvbmN0aW9ubmFpcmUiPkZvbmN0aW9ubmFpcmU8L29wdGlvbj4KICAgICAgICAgICAgICAgICAgICAgICAgICAgIDxvcHRpb24gdmFsdWU9IlVuaXZlcnNpdGFpcmUiPlVuaXZlcnNpdGFpcmU8L29wdGlvbj4KICAgICAgICAgICAgICAgICAgICAgICAgICAgIDxvcHRpb24gdmFsdWU9IkVsdSI+RWx1PC9vcHRpb24+CiAgICAgICAgICAgICAgICAgICAgICAgICAgICA8b3B0aW9uIHZhbHVlPSJBdXRyZXMiPkF1dHJlczwvb3B0aW9uPgogICAgICAgICAgICAgICAgICAgICAgICA8L3NlbGVjdD4KICAgICAgICAgICAgICAgICAgICA8L3NwYW4+CiAgICAgICAgICAgICAgICA8L2Rpdj4KCiAgICAgICAgICAgICAgICA8ZGl2IGlkPSJmcm1fZmllbGRfMTlfY29udGFpbmVyIiBjbGFzcz0iZnJtX2Zvcm1fZmllbGQgZnJtX2h0bWxfY29udGFpbmVyIGZvcm0tZmllbGQiPgogICAgICAgICAgICAgICAgICAgIDxoMiBjbGFzcz0iZm9ybS10aXRsZSI+IFZvdHJlIG1lc3NhZ2U8L2gyPgogICAgICAgICAgICAgICAgPC9kaXY+CgogICAgICAgICAgICAgICAgPGRpdj4KICAgICAgICAgICAgICAgICAgICA8bGFiZWw+T2JqZXQKPHNwYW4gY2xhc3M9ImZybV9yZXF1aXJlZCI+Kjwvc3Bhbj4KICAgICAgICAgICAgICAgICAgICA8L2xhYmVsPgogICAgICAgICAgICAgICAgICAgIDxzcGFuPgogICAgICAgICAgICAgICAgICAgICAgICA8c2VsZWN0IGRhdGEtZnJtdmFsPSJWb3VzIHJlbmNvbnRyZXogZGVzIGRpZmZpY3VsdMOpcyBwb3VyIHRyb3V2ZXIgdW5lIHB1YmxpY2F0aW9uIiBkYXRhLXJlcW1zZz0iQ2UgY2hhbXAgbmUgcGV1dCBwYXMgw6p0cmUgdmlkZSIgYXJpYS1yZXF1aXJlZD0idHJ1ZSIgZGF0YS1pbnZtc2c9Ik9iamV0IGVzdCBub24gdmFsaWRlIiBhcmlhLWludmFsaWQ9ImZhbHNlIiBjbGFzcz0iamNmLXJlc2V0LWFwcGVhcmFuY2UiPgoJCSAgICAgICAgICAgICAgICAgICAgICAgIDxvcHRpb24gdmFsdWU9IlZvdXMgcmVuY29udHJleiBkZXMgZGlmZmljdWx0w6lzIHBvdXIgdHJvdXZlciB1bmUgcHVibGljYXRpb24iIHNlbGVjdGVkPlZvdXMgcmVuY29udHJleiBkZXMgZGlmZmljdWx0w6lzIHBvdXIgdHJvdXZlciB1bmUgcHVibGljYXRpb248L29wdGlvbj4KPG9wdGlvbiB2YWx1ZT0iVm91cyBzb3VoYWl0ZXogZGVzIHJlbnNlaWduZW1lbnRzIHN1ciBsYSBDb3VyIG91IGxlcyBjaGFtYnJlcyI+Vm91cyBzb3VoYWl0ZXogZGVzIHJlbnNlaWduZW1lbnRzIHN1ciBsYSBDb3VyIG91IGxlcyBjaGFtYnJlczwvb3B0aW9uPgo8b3B0aW9uIHZhbHVlPSJWb3VzIHNvdWhhaXRleiBkZW1hbmRlciB1biBzdGFnZSAiPlZvdXMgc291aGFpdGV6IGRlbWFuZGVyIHVuIHN0YWdlIDwvb3B0aW9uPgo8b3B0aW9uIHZhbHVlPSJBdXRyZXMiPkF1dHJlczwvb3B0aW9uPgogICAgICAgICAgICAgICAgICAgICAgICA8L3NlbGVjdD4KICAgICAgICAgICAgICAgIDwvZGl2PgoKICAgICAgICAgICAgICAgIDxkaXY+CiAgICAgICAgICAgICAgICAgICAgPGxhYmVsPk1lc3NhZ2UgPHNwYW4gY2xhc3M9ImZybV9yZXF1aXJlZCI+Kjwvc3Bhbj48L2xhYmVsPgogICAgICAgICAgICAgICAgICAgIDx0ZXh0YXJlYSByb3dzPSI1IiBkYXRhLXJlcW1zZz0iQ2UgY2hhbXAgbmUgcGV1dCBwYXMgw6p0cmUgdmlkZSIgYXJpYS1yZXF1aXJlZD0idHJ1ZSIgZGF0YS1pbnZtc2c9Ik1lc3NhZ2UgZXN0IG5vbiB2YWxpZGUiIGFyaWEtaW52YWxpZD0iZmFsc2UiPgogICAgICAgICAgICAgICAgICAgIDwvdGV4dGFyZWE+CiAgICAgICAgICAgICAgICA8L2Rpdj4KCiAgICAgICAgICAgICAgICA8ZGl2PgogICAgICAgICAgICAgICAgICAgIDxsYWJlbD5Kb2luZHJlIHVuIGZpY2hpZXI8L2xhYmVsPgogICAgICAgICAgICAgICAgICAgIDxpbnB1dCB0eXBlPSJmaWxlIiB2YWx1ZT0iSm9pbmRyZSB1biBmaWNoaWVyIj4KICAgICAgICAgICAgICAgIDwvZGl2Pgo8YnI+PGJyPiAgICAgICAgICAgICAgICA8ZGl2PgogICAgICAgICAgICAgICAgICAgIDxidXR0b24gY2xhc3M9ImJ0biAiIHR5cGU9InN1Ym1pdCIgc3R5bGU9ImJhY2tncm91bmQtY29sb3I6ICNjYzg4MDA7IGNvbG9yOiAjZmZmOyI+CiBFTlZPWUVSIFZPVFJFIE1FU1NBR0UKICAgICAgICAgICAgICAgICAgICA8L2J1dHRvbj4KICAgICAgICAgICAgICAgIDwvZGl2PgogICAgICAgICAgICA8L2Rpdj4KICAgICAgICA8L2ZpZWxkc2V0PgogICAgPC9kaXY+CjwvZm9ybT4=[\/vc_raw_html][\/vc_column][\/vc_row]<\/p>\n<\/div>","protected":false},"excerpt":{"rendered":"<p>[vc_row][vc_column][\/vc_column][\/vc_row][vc_row][vc_column css=\u00a0\u00bb.vc_custom_1764853890183{margin-top: 20px !important;}\u00a0\u00bb][vc_raw_html css=\u00a0\u00bb\u00a0\u00bb]PGZvcm0gZW5jdHlwZT0ibXVsdGlwYXJ0L2Zvcm0tZGF0YSIgbWV0aG9kPSJwb3N0IiBjbGFzcz0iZnJtLXNob3ctZm9ybSI+CiAgICA8ZGl2IGNsYXNzPSJmcm1fZm9ybV9maWVsZHMgIj4KICAgICAgICA8ZmllbGRzZXQ+CiAgICAgICAgICAgIDxsZWdlbmQgY2xhc3M9ImZybV9zY3JlZW5fcmVhZGVyIj5QbGFpbnRlcyAmYW1wOyBEw6lub25jaWF0aW9uPC9sZWdlbmQ+CgogICAgICAgICAgICA8ZGl2IGNsYXNzPSJmcm1fZmllbGRzX2NvbnRhaW5lciI+CiAgICAgICAgICAgICAgICA8aW5wdXQgdHlwZT0iaGlkZGVuIiBuYW1lPSJmcm1fYWN0aW9uIiB2YWx1ZT0iY3JlYXRlIj4KICAgICAgICAgICAgICAgIDxpbnB1dCB0eXBlPSJoaWRkZW4iIG5hbWU9ImZvcm1faWQiIHZhbHVlPSIzIj4KICAgICAgICAgICAgICAgIDxpbnB1dCB0eXBlPSJoaWRkZW4iIG5hbWU9ImZybV9oaWRlX2ZpZWxkc18zIiBpZD0iZnJtX2hpZGVfZmllbGRzXzMiIHZhbHVlPSIiPgogICAgICAgICAgICAgICAgPGlucHV0IHR5cGU9ImhpZGRlbiIgbmFtZT0iZm9ybV9rZXkiIHZhbHVlPSJjb250YWN0LWZvcm0yIj4KICAgICAgICAgICAgICAgIDxpbnB1dCB0eXBlPSJoaWRkZW4iIG5hbWU9Iml0ZW1fbWV0YVswXSIgdmFsdWU9IiI+CiAgICAgICAgICAgICAgICA8aW5wdXQgdHlwZT0iaGlkZGVuIiBpZD0iZnJtX3N1Ym1pdF9lbnRyeV8zIiBuYW1lPSJmcm1fc3VibWl0X2VudHJ5XzMiIHZhbHVlPSJlMTk4NGExNTkyIj48aW5wdXQgdHlwZT0iaGlkZGVuIiBuYW1lPSJfd3BfaHR0cF9yZWZlcmVyIiB2YWx1ZT0iIyI+CiAgICAgICAgICAgICAgICA8aDQgY2xhc3M9InNpbXBsZS1wYWdlLXRpdGxlIj5Gb3JtdWxhaXJlIGRlIGTDqW5vbmNpYXRpb24gOjwvaDQ+CiAgICAgICAgICAgICAgICA8cD48c3Ryb25nPgogICAgICAgICAgICAgICAgICAgICAgICA8c21hbGw+TGEgY291ciBkZXMgY29tcHRlcyBnYXJhbnRpdCBsYSBub24gZGl2dWxnYXRpb24gZGVzIGlkZW50aXTDqXMgZGVzIGTDqW5vbmNpYXRldXJzLgpQYXIgYWlsbGV1cnMgY2VzIGRlcm5pZXJzIHNvbnQgcHJvdMOpZ8OpcyBwYXIgbGEgbG9pIG9yZ2FuaXF1ZSBuwrAyMDE3LTEwIGR1IDcgbWFycyAyMDE3LApyZWxhdGl2ZSDDoCBsYSBkw6lub25jaWF0aW9uIGRlIGxhIGNvcnJ1cHRpb24gZXQgbGEgcHJvdGVjdGlvbiBkZXMgZMOpbm9uY2lhdGV1cnMuPC9zbWFsbD4KICAgICAgICAgICAgICAgICAgICA8L3N0cm9uZz4KICAgICAgICAgICAgICAgIDxoNSBjbGFzcz0iZm9ybS10aXRsZSI+IFZvcyBjb29yZG9ubsOpczwvaDU+CgogICAgICAgICAgICAgICAgPGRpdj4KICAgICAgICAgICAgICAgICAgICA8ZGl2PlJhZGlvIEJ1dHRvbgo8c3BhbiBjbGFzcz0iZnJtX3JlcXVpcmVkIj4qPC9zcGFuPgogICAgICAgICAgICAgICAgICAgIDwvZGl2PgogICAgICAgICAgICAgICAgICAgIDxkaXYgY2xhc3M9ImZybV9vcHRfY29udGFpbmVyIiBhcmlhLWxhYmVsbGVkYnk9ImZpZWxkX3hqb201Ml9sYWJlbCIgcm9sZT0iZ3JvdXAiPgogICAgICAgICAgICAgICAgICAgICAgICA8ZGl2IGNsYXNzPSJmcm1fcmFkaW8iIGlkPSJmcm1fcmFkaW9fMTUtMCI+CiAgICAgICAgICAgICAgICAgICAgICAgICAgICA8bGFiZWw+CiAgICAgICAgICAgICAgICAgICAgICAgICAgICAgICAgPGlucHV0IHR5cGU9InJhZGlvIiBuYW1lPSJpdGVtX21ldGFbMTVdIiBpZD0iZmllbGRfeGpvbTUyLTAiIHZhbHVlPSJNb25zaWV1ciIgZGF0YS1yZXFtc2c9IkNlIGNoYW1wIG5lIHBldXQgcGFzIMOqdHJlIHZpZGUiIGFyaWEtcmVxdWlyZWQ9InRydWUiIGRhdGEtaW52bXNnPSJSYWRpbyBCdXR0b24gZXN0IG5vbiB2YWxpZGUiIGFyaWEtaW52YWxpZD0iZmFsc2UiPgogTW9uc2lldXI8L2xhYmVsPgogICAgICAgICAgICAgICAgICAgICAgICA8L2Rpdj4KICAgICAgICAgICAgICAgICAgICAgICAgPGRpdiBjbGFzcz0iZnJtX3JhZGlvIiBpZD0iZnJtX3JhZGlvXzE1LTEiPgogICAgICAgICAgICAgICAgICAgICAgICAgICAgPGxhYmVsPgogICAgICAgICAgICAgICAgICAgICAgICAgICAgICAgIDxpbnB1dCB0eXBlPSJyYWRpbyIgbmFtZT0iaXRlbV9tZXRhWzE1XSIgaWQ9ImZpZWxkX3hqb201Mi0xIiB2YWx1ZT0iTWFkYW1lIiBkYXRhLXJlcW1zZz0iQ2UgY2hhbXAgbmUgcGV1dCBwYXMgw6p0cmUgdmlkZSIgYXJpYS1yZXF1aXJlZD0idHJ1ZSIgZGF0YS1pbnZtc2c9IlJhZGlvIEJ1dHRvbiBlc3Qgbm9uIHZhbGlkZSIgYXJpYS1pbnZhbGlkPSJmYWxzZSI+CiBNYWRhbWU8L2xhYmVsPgogICAgICAgICAgICAgICAgICAgICAgICA8L2Rpdj4KICAgICAgICAgICAgICAgICAgICA8L2Rpdj4KICAgICAgICAgICAgICAgIDwvZGl2PgoKICAgICAgICAgICAgICAgIDxkaXY+CiAgICAgICAgICAgICAgICAgICAgPGxhYmVsPk5vbQo8c3BhbiBjbGFzcz0iZnJtX3JlcXVpcmVkIj4qPC9zcGFuPgogICAgICAgICAgICAgICAgICAgIDwvbGFiZWw+CiAgICAgICAgICAgICAgICAgICAgPGlucHV0IHR5cGU9InRleHQiPgogICAgICAgICAgICAgICAgPC9kaXY+CgogICAgICAgICAgICAgICAgPGRpdj4KICAgICAgICAgICAgICAgICAgICA8bGFiZWw+UHLDqW5vbQo8c3BhbiBjbGFzcz0iZnJtX3JlcXVpcmVkIj4qPC9zcGFuPgogICAgICAgICAgICAgICAgICAgIDwvbGFiZWw+CiAgICAgICAgICAgICAgICAgICAgPGlucHV0IHR5cGU9InRleHQiPgogICAgICAgICAgICAgICAgPC9kaXY+CgogICAgICAgICAgICAgICAgPGRpdj4KICAgICAgICAgICAgICAgICAgICA8bGFiZWw+RW1haWwKICAgICAgICAgICAgICAgICAgICAgICAgPHNwYW4gY2xhc3M9ImZybV9yZXF1aXJlZCI+PC9zcGFuPgogICAgICAgICAgICAgICAgICAgIDwvbGFiZWw+CiAgICAgICAgICAgICAgICAgICAgPGlucHV0IHR5cGU9ImVtYWlsIj4KICAgICAgICAgICAgICAgIDwvZGl2PgoKICAgICAgICAgICAgICAgIDxkaXY+CiAgICAgICAgICAgICAgICAgICAgPGxhYmVsPlByb2ZpbAo8c3BhbiBjbGFzcz0iZnJtX3JlcXVpcmVkIj4qPC9zcGFuPgogICAgICAgICAgICAgICAgICAgIDwvbGFiZWw+CiAgICAgICAgICAgICAgICAgICAgPHNwYW4+CiAgICAgICAgICAgICAgICAgICAgICAgIDxzZWxlY3QgcGxhY2Vob2xkZXI9IlNlbGVjdGlvbm5leiIgZGF0YS1yZXFtc2c9IkNlIGNoYW1wIG5lIHBldXQgcGFzIMOqdHJlIHZpZGUiIGFyaWEtcmVxdWlyZWQ9InRydWUiIGRhdGEtaW52bXNnPSJQcm9maWwgZXN0IG5vbiB2YWxpZGUiIGFyaWEtaW52YWxpZD0iZmFsc2UiPgogICAgICAgICAgICAgICAgICAgICAgICAgICAgPG9wdGlvbiB2YWx1ZT0iIj5TZWxlY3Rpb25uZXo8L29wdGlvbj4KICAgICAgICAgICAgICAgICAgICAgICAgICAgIDxvcHRpb24gdmFsdWU9IkNvbXB0YWJsZSBwdWJsaWMiPkNvbXB0YWJsZSBwdWJsaWM8L29wdGlvbj4KICAgICAgICAgICAgICAgICAgICAgICAgICAgIDxvcHRpb24gdmFsdWU9IkZvbmN0aW9ubmFpcmUiPkZvbmN0aW9ubmFpcmU8L29wdGlvbj4KICAgICAgICAgICAgICAgICAgICAgICAgICAgIDxvcHRpb24gdmFsdWU9IlVuaXZlcnNpdGFpcmUiPlVuaXZlcnNpdGFpcmU8L29wdGlvbj4KICAgICAgICAgICAgICAgICAgICAgICAgICAgIDxvcHRpb24gdmFsdWU9IkVsdSI+RWx1PC9vcHRpb24+CiAgICAgICAgICAgICAgICAgICAgICAgICAgICA8b3B0aW9uIHZhbHVlPSJBdXRyZXMiPkF1dHJlczwvb3B0aW9uPgogICAgICAgICAgICAgICAgICAgICAgICA8L3NlbGVjdD4KICAgICAgICAgICAgICAgICAgICA8L3NwYW4+CiAgICAgICAgICAgICAgICA8L2Rpdj4KCiAgICAgICAgICAgICAgICA8ZGl2IGlkPSJmcm1fZmllbGRfMTlfY29udGFpbmVyIiBjbGFzcz0iZnJtX2Zvcm1fZmllbGQgZnJtX2h0bWxfY29udGFpbmVyIGZvcm0tZmllbGQiPgogICAgICAgICAgICAgICAgICAgIDxoMiBjbGFzcz0iZm9ybS10aXRsZSI+IFZvdHJlIG1lc3NhZ2U8L2gyPgogICAgICAgICAgICAgICAgPC9kaXY+CgogICAgICAgICAgICAgICAgPGRpdj4KICAgICAgICAgICAgICAgICAgICA8bGFiZWw+T2JqZXQKPHNwYW4gY2xhc3M9ImZybV9yZXF1aXJlZCI+Kjwvc3Bhbj4KICAgICAgICAgICAgICAgICAgICA8L2xhYmVsPgogICAgICAgICAgICAgICAgICAgIDxzcGFuPgogICAgICAgICAgICAgICAgICAgICAgICA8c2VsZWN0IGRhdGEtZnJtdmFsPSJWb3VzIHJlbmNvbnRyZXogZGVzIGRpZmZpY3VsdMOpcyBwb3VyIHRyb3V2ZXIgdW5lIHB1YmxpY2F0aW9uIiBkYXRhLXJlcW1zZz0iQ2UgY2hhbXAgbmUgcGV1dCBwYXMgw6p0cmUgdmlkZSIgYXJpYS1yZXF1aXJlZD0idHJ1ZSIgZGF0YS1pbnZtc2c9Ik9iamV0IGVzdCBub24gdmFsaWRlIiBhcmlhLWludmFsaWQ9ImZhbHNlIiBjbGFzcz0iamNmLXJlc2V0LWFwcGVhcmFuY2UiPgoJCSAgICAgICAgICAgICAgICAgICAgICAgIDxvcHRpb24gdmFsdWU9IlZvdXMgcmVuY29udHJleiBkZXMgZGlmZmljdWx0w6lzIHBvdXIgdHJvdXZlciB1bmUgcHVibGljYXRpb24iIHNlbGVjdGVkPlZvdXMgcmVuY29udHJleiBkZXMgZGlmZmljdWx0w6lzIHBvdXIgdHJvdXZlciB1bmUgcHVibGljYXRpb248L29wdGlvbj4KPG9wdGlvbiB2YWx1ZT0iVm91cyBzb3VoYWl0ZXogZGVzIHJlbnNlaWduZW1lbnRzIHN1ciBsYSBDb3VyIG91IGxlcyBjaGFtYnJlcyI+Vm91cyBzb3VoYWl0ZXogZGVzIHJlbnNlaWduZW1lbnRzIHN1ciBsYSBDb3VyIG91IGxlcyBjaGFtYnJlczwvb3B0aW9uPgo8b3B0aW9uIHZhbHVlPSJWb3VzIHNvdWhhaXRleiBkZW1hbmRlciB1biBzdGFnZSAiPlZvdXMgc291aGFpdGV6IGRlbWFuZGVyIHVuIHN0YWdlIDwvb3B0aW9uPgo8b3B0aW9uIHZhbHVlPSJBdXRyZXMiPkF1dHJlczwvb3B0aW9uPgogICAgICAgICAgICAgICAgICAgICAgICA8L3NlbGVjdD4KICAgICAgICAgICAgICAgIDwvZGl2PgoKICAgICAgICAgICAgICAgIDxkaXY+CiAgICAgICAgICAgICAgICAgICAgPGxhYmVsPk1lc3NhZ2UgPHNwYW4gY2xhc3M9ImZybV9yZXF1aXJlZCI+Kjwvc3Bhbj48L2xhYmVsPgogICAgICAgICAgICAgICAgICAgIDx0ZXh0YXJlYSByb3dzPSI1IiBkYXRhLXJlcW1zZz0iQ2UgY2hhbXAgbmUgcGV1dCBwYXMgw6p0cmUgdmlkZSIgYXJpYS1yZXF1aXJlZD0idHJ1ZSIgZGF0YS1pbnZtc2c9Ik1lc3NhZ2UgZXN0IG5vbiB2YWxpZGUiIGFyaWEtaW52YWxpZD0iZmFsc2UiPgogICAgICAgICAgICAgICAgICAgIDwvdGV4dGFyZWE+CiAgICAgICAgICAgICAgICA8L2Rpdj4KCiAgICAgICAgICAgICAgICA8ZGl2PgogICAgICAgICAgICAgICAgICAgIDxsYWJlbD5Kb2luZHJlIHVuIGZpY2hpZXI8L2xhYmVsPgogICAgICAgICAgICAgICAgICAgIDxpbnB1dCB0eXBlPSJmaWxlIiB2YWx1ZT0iSm9pbmRyZSB1biBmaWNoaWVyIj4KICAgICAgICAgICAgICAgIDwvZGl2Pgo8YnI+PGJyPiAgICAgICAgICAgICAgICA8ZGl2PgogICAgICAgICAgICAgICAgICAgIDxidXR0b24gY2xhc3M9ImJ0biAiIHR5cGU9InN1Ym1pdCIgc3R5bGU9ImJhY2tncm91bmQtY29sb3I6ICNjYzg4MDA7IGNvbG9yOiAjZmZmOyI+CiBFTlZPWUVSIFZPVFJFIE1FU1NBR0UKICAgICAgICAgICAgICAgICAgICA8L2J1dHRvbj4KICAgICAgICAgICAgICAgIDwvZGl2PgogICAgICAgICAgICA8L2Rpdj4KICAgICAgICA8L2ZpZWxkc2V0PgogICAgPC9kaXY+CjwvZm9ybT4=[\/vc_raw_html][\/vc_column][\/vc_row] &#8230; <\/p>\n","protected":false},"author":1,"featured_media":0,"parent":0,"menu_order":0,"comment_status":"closed","ping_status":"closed","template":"","meta":{"footnotes":""},"class_list":["post-2752","page","type-page","status-publish","hentry"],"_links":{"self":[{"href":"https:\/\/cdc2025.progresstn.com\/fr\/wp-json\/wp\/v2\/pages\/2752","targetHints":{"allow":["GET"]}}],"collection":[{"href":"https:\/\/cdc2025.progresstn.com\/fr\/wp-json\/wp\/v2\/pages"}],"about":[{"href":"https:\/\/cdc2025.progresstn.com\/fr\/wp-json\/wp\/v2\/types\/page"}],"author":[{"embeddable":true,"href":"https:\/\/cdc2025.progresstn.com\/fr\/wp-json\/wp\/v2\/users\/1"}],"replies":[{"embeddable":true,"href":"https:\/\/cdc2025.progresstn.com\/fr\/wp-json\/wp\/v2\/comments?post=2752"}],"version-history":[{"count":7,"href":"https:\/\/cdc2025.progresstn.com\/fr\/wp-json\/wp\/v2\/pages\/2752\/revisions"}],"predecessor-version":[{"id":2811,"href":"https:\/\/cdc2025.progresstn.com\/fr\/wp-json\/wp\/v2\/pages\/2752\/revisions\/2811"}],"wp:attachment":[{"href":"https:\/\/cdc2025.progresstn.com\/fr\/wp-json\/wp\/v2\/media?parent=2752"}],"curies":[{"name":"wp","href":"https:\/\/api.w.org\/{rel}","templated":true}]}}