


{"id":2787,"date":"2025-12-04T14:04:10","date_gmt":"2025-12-04T13:04:10","guid":{"rendered":"https:\/\/cdc2025.progresstn.com\/?page_id=2787"},"modified":"2025-12-11T20:23:02","modified_gmt":"2025-12-11T19:23:02","slug":"acces-a-linformation","status":"publish","type":"page","link":"https:\/\/cdc2025.progresstn.com\/fr\/acces-a-linformation\/","title":{"rendered":"Acc\u00e9s \u00e0 l&rsquo;information"},"content":{"rendered":"<div class=\"wpb-content-wrapper\"><p>[vc_row][vc_column]<div id=\"cz_67774\" class=\"cz_67774 cz_title clr cz_title_pos_inline\"><div class=\"cz_title_content\"><div class=\"cz_wpe_content\"><h4 style=\"text-align: left;\">Acc\u00e9s aux documents administratifs<\/h4>\n<\/div><\/div><\/div><div id=\"cz_100700\" class=\"cz_100700 cz_title clr cz_title_pos_inline\"><div class=\"cz_title_content\"><div class=\"cz_wpe_content\"><p>Dans le cadre de la cons\u00e9cration des droits d\u2019Acc\u00e8s \u00e0 l\u2019Information, la Cour des Comptes met en ligne un espace d\u00e9di\u00e9 \u00e0 la mise en \u0153uvre et aux conditions d\u2019acc\u00e8s aux documents administratifs (Art.7 de la loi organique n\u00b02016-22 du 24 mars 2016 relative au droit d\u2019Acc\u00e8s \u00e0 l\u2019Information).<\/p>\n<p>Vous pouvez acc\u00e9der aux documents administratifs produits ou re\u00e7us par les organismes publics dans le cadre de leur mission de service public sous r\u00e9serve des exceptions indiqu\u00e9es dans les textes en vigueur et ce en remplissant le formulaire ci-dessous et en l\u2019envoyant par voie postale au si\u00e8ge de la Cour des Comptes :<br \/>\n<strong>\u00ab\u00a0La Cour des Comptes, Centre Urbain Nord, rue Ahmed Snoussi,Immeuble B4 \u00ab\u00a0<\/strong><\/p>\n<\/div><\/div><\/div><ul id=\"cz_75907\" class=\"cz_75907 cz_stylish_list clr cz_sl_icon_hover_zoom_in\"><li class=\"clr\"><a href=\"\/wp-content\/uploads\/2025\/12\/2018acces_document_administratif.pdf\" target=\"_blank\"><div class=\"cz_sl_icon\"><i class=\"fas fa-file-pdf mr10\" ><\/i><\/div><div><span>Demande d\u2019acc\u00e8s aux documents administratifs.<\/span><\/div><\/a><\/li><li class=\"clr\"><a href=\"\/wp-content\/uploads\/2025\/12\/grief-dacces-aux-documents-administratifs-2018.pdf\" target=\"_blank\"><div class=\"cz_sl_icon\"><i class=\"fas fa-file-pdf mr10\" ><\/i><\/div><div><span>Grief aupr\u00e8s du Premier Pr\u00e9sident <\/span><\/div><\/a><\/li><\/ul>[\/vc_column][\/vc_row][vc_row][vc_column]<div id=\"cz_66104\" class=\"cz_66104 cz_title clr cz_title_pos_inline\"><div class=\"cz_title_content\"><div class=\"cz_wpe_content\"><h4 style=\"text-align: left;\">R\u00e9f\u00e9rences juridiques<\/h4>\n<\/div><\/div><\/div><div id=\"cz_20920\" class=\"cz_20920 cz_title clr cz_title_pos_inline\"><div class=\"cz_title_content\"><div class=\"cz_wpe_content\"><p>L\u2019acc\u00e8s aux documents administratifs est r\u00e9gi par les textes suivants:<\/p>\n<\/div><\/div><\/div><ul id=\"cz_19791\" class=\"cz_19791 cz_stylish_list clr cz_sl_icon_hover_zoom_in\"><li class=\"clr\"><a href=\"#\"><div class=\"cz_sl_icon\"><i class=\"far fa-file-pdf mr10\" ><\/i><\/div><div><span>Circulaire du Pr\u00e9sident du gouvernement n\u00b0 25 du 5 mai 2012 relatif \u00e0 l\u2019acc\u00e8s aux documents administratifs des organismes publics <\/span><\/div><\/a><\/li><li class=\"clr\"><div class=\"cz_sl_icon\"><i class=\"far fa-file-pdf mr10\" ><\/i><\/div><div><span> \u00a0Circulaire du Pr\u00e9sident du gouvernement n\u00b016 du 27 Mars 2012 relatif \u00e0 la Cons\u00e9cration de la transparence, de la bonne gouvernance et de la lutte contre la corruption <\/span><\/div><\/li><li class=\"clr\"><div class=\"cz_sl_icon\"><i class=\"far fa-file-pdf mr10\" ><\/i><\/div><div><span>Loi organique n\u00b0 2016-22 du 24 mars 2016  relative au droit d\u2019acc\u00e8s \u00e0 l\u2019information <\/span><\/div><\/li><\/ul>[\/vc_column][\/vc_row][vc_row][vc_column]<div id=\"cz_106567\" class=\"cz_106567 cz_title clr cz_title_pos_inline\"><div class=\"cz_title_content\"><div class=\"cz_wpe_content\"><h4 style=\"text-align: left;\">Responsable de l\u2019acc\u00e9s \u00e0 l\u2019information<\/h4>\n<\/div><\/div><\/div><div id=\"cz_11943\" class=\"cz_11943 cz_title clr cz_title_pos_inline\"><div class=\"cz_title_content\"><div class=\"cz_wpe_content\"><table class=\"tftable\" border=\"1\">\n<tbody>\n<tr>\n<th>Nom et pr\u00e9nom<\/th>\n<th><\/th>\n<\/tr>\n<tr>\n<th>T\u00e9l\u00e9phone<\/th>\n<th>70 258 300<\/th>\n<\/tr>\n<tr>\n<th>Fax<\/th>\n<th>71 949 913<\/th>\n<\/tr>\n<tr>\n<th>Email<\/th>\n<th>accesinfo@courdescomptes.nat.tn<\/th>\n<\/tr>\n<\/tbody>\n<\/table>\n<\/div><\/div><\/div>[\/vc_column][\/vc_row][vc_row][vc_column css=\u00a0\u00bb.vc_custom_1764853890183{margin-top: 20px !important;}\u00a0\u00bb]<div id=\"cz_85664\" class=\"cz_85664 cz_title clr cz_title_pos_inline\"><div class=\"cz_title_content\"><div class=\"cz_wpe_content\"><h4 style=\"text-align: left;\">Imprim\u00e9s en ligne<\/h4>\n<\/div><\/div><\/div><ul id=\"cz_32295\" class=\"cz_32295 cz_stylish_list clr cz_sl_icon_hover_zoom_in\"><li class=\"clr\"><a href=\"\/wp-content\/uploads\/2025\/12\/etat-recap.pdf\" target=\"_blank\"><div class=\"cz_sl_icon\"><i class=\"far fa-file-pdf mr10\" ><\/i><\/div><div><span> Etat r\u00e9capitulatif des d\u00e9penses et   recettes(financement de la compagne des \u00e9lections municipales 2018 <\/span><\/div><\/a><\/li><li class=\"clr\"><a href=\"\/wp-content\/uploads\/2025\/12\/compte-financier.pdf\" target=\"_blank\"><div class=\"cz_sl_icon\"><i class=\"far fa-file-pdf mr10\" ><\/i><\/div><div><span> Compte financier(financement de la compagne des \u00e9lections municipales 2018 <\/span><\/div><\/a><\/li><\/ul>[\/vc_column][\/vc_row]<\/p>\n<\/div>","protected":false},"excerpt":{"rendered":"<p>[vc_row][vc_column][\/vc_column][\/vc_row][vc_row][vc_column][\/vc_column][\/vc_row][vc_row][vc_column][\/vc_column][\/vc_row][vc_row][vc_column css=\u00a0\u00bb.vc_custom_1764853890183{margin-top: 20px !important;}\u00a0\u00bb][\/vc_column][\/vc_row] &#8230; <\/p>\n","protected":false},"author":1,"featured_media":0,"parent":0,"menu_order":0,"comment_status":"closed","ping_status":"closed","template":"","meta":{"footnotes":""},"class_list":["post-2787","page","type-page","status-publish","hentry"],"_links":{"self":[{"href":"https:\/\/cdc2025.progresstn.com\/fr\/wp-json\/wp\/v2\/pages\/2787","targetHints":{"allow":["GET"]}}],"collection":[{"href":"https:\/\/cdc2025.progresstn.com\/fr\/wp-json\/wp\/v2\/pages"}],"about":[{"href":"https:\/\/cdc2025.progresstn.com\/fr\/wp-json\/wp\/v2\/types\/page"}],"author":[{"embeddable":true,"href":"https:\/\/cdc2025.progresstn.com\/fr\/wp-json\/wp\/v2\/users\/1"}],"replies":[{"embeddable":true,"href":"https:\/\/cdc2025.progresstn.com\/fr\/wp-json\/wp\/v2\/comments?post=2787"}],"version-history":[{"count":2,"href":"https:\/\/cdc2025.progresstn.com\/fr\/wp-json\/wp\/v2\/pages\/2787\/revisions"}],"predecessor-version":[{"id":2800,"href":"https:\/\/cdc2025.progresstn.com\/fr\/wp-json\/wp\/v2\/pages\/2787\/revisions\/2800"}],"wp:attachment":[{"href":"https:\/\/cdc2025.progresstn.com\/fr\/wp-json\/wp\/v2\/media?parent=2787"}],"curies":[{"name":"wp","href":"https:\/\/api.w.org\/{rel}","templated":true}]}}