


{"id":2789,"date":"2025-12-04T01:14:13","date_gmt":"2025-12-04T00:14:13","guid":{"rendered":"https:\/\/cdc2025.progresstn.com\/?page_id=2789"},"modified":"2025-12-11T20:36:06","modified_gmt":"2025-12-11T19:36:06","slug":"revue-de-presse-publications-scientifiques","status":"publish","type":"page","link":"https:\/\/cdc2025.progresstn.com\/fr\/revue-de-presse-publications-scientifiques\/","title":{"rendered":"Revue de presse, publications scientifiques"},"content":{"rendered":"<div class=\"wpb-content-wrapper\"><p>[vc_row][vc_column]<div id=\"cz_72033\" class=\"cz_72033 cz_title clr cz_title_pos_inline\"><div class=\"cz_title_content\"><div class=\"cz_wpe_content\"><h2>Revue de presse, publications scientifiques<\/h2>\n<\/div><\/div><\/div><div id=\"cz_96373\" class=\"cz_96373 cz_title clr cz_title_pos_inline\"><div class=\"cz_title_content\"><div class=\"cz_wpe_content\"><p>La Cour des comptes est une juridiction, \u00e0 l\u2019instar du Tribunal administratif et des Cours p\u00e9nales. Elle contr\u00f4le et juge les comptes et la gestion des minist\u00e8res, des collectivit\u00e9s locales, des entreprises publiques et de tout organisme qui b\u00e9n\u00e9ficie directement ou indirectement de deniers publics tels les associations et les partis politiques. La Cour se trouve \u00e0 Tunis et dans les gouvernorats de Sousse, de Sfax, de Jendouba et de Gafsa. Elle est organis\u00e9e en Chambres centrales et r\u00e9gionales dont les attributions couvrent les finances publiques et les finances locales et tous les secteurs de d\u00e9veloppement tels la sant\u00e9, l\u2019\u00e9ducation, la s\u00e9curit\u00e9 sociale, le transport et l\u2019environnement. Elle est dot\u00e9e d\u2019un Minist\u00e8re public qui veille \u00e0 la bonne application de la Loi et au droit des justiciables de la Cour \u00e0 un proc\u00e8s \u00e9quitable. Le personnel de la Cour est compos\u00e9 de magistrats et de greffiers. La qualit\u00e9 de ses travaux juridictionnels et de contr\u00f4le est garantie par le respect des normes professionnelles, la coll\u00e9gialit\u00e9 et la contradiction. La Cour produit des rapports qui sont publics et prononce des jugements. <b>Pour en savoir plus, nous vous invitons \u00e0 regarder cette vid\u00e9o qui a \u00e9t\u00e9 pr\u00e9par\u00e9e par BarrElAmen \u00e0 l\u2019occasion de la comm\u00e9moration du cinquanti\u00e8me anniversaire.<\/b><\/p>\n<\/div><\/div><\/div>[vc_video link=\u00a0\u00bbhttps:\/\/www.youtube.com\/watch?v=6mw0iEhLc6I\u00a0\u00bb align=\u00a0\u00bbcenter\u00a0\u00bb css=\u00a0\u00bb.vc_custom_1764807309851{margin-top: 20px !important;}\u00a0\u00bb title=\u00a0\u00bbCour des Comptes &#8211; 50e anniversaire &#8211; \u062f\u0627\u0626\u0631\u0629 \u0627\u0644\u0645\u062d\u0627\u0633\u0628\u0627\u062a 50 \u0633\u0646\u0629\u00a0\u00bb][\/vc_column][\/vc_row]<\/p>\n<\/div>","protected":false},"excerpt":{"rendered":"<p>[vc_row][vc_column][vc_video link=\u00a0\u00bbhttps:\/\/www.youtube.com\/watch?v=6mw0iEhLc6I\u00a0\u00bb align=\u00a0\u00bbcenter\u00a0\u00bb css=\u00a0\u00bb.vc_custom_1764807309851{margin-top: 20px !important;}\u00a0\u00bb title=\u00a0\u00bbCour des Comptes &#8211; 50e &#8230; <\/p>\n","protected":false},"author":1,"featured_media":0,"parent":0,"menu_order":0,"comment_status":"closed","ping_status":"closed","template":"","meta":{"footnotes":""},"class_list":["post-2789","page","type-page","status-publish","hentry"],"_links":{"self":[{"href":"https:\/\/cdc2025.progresstn.com\/fr\/wp-json\/wp\/v2\/pages\/2789","targetHints":{"allow":["GET"]}}],"collection":[{"href":"https:\/\/cdc2025.progresstn.com\/fr\/wp-json\/wp\/v2\/pages"}],"about":[{"href":"https:\/\/cdc2025.progresstn.com\/fr\/wp-json\/wp\/v2\/types\/page"}],"author":[{"embeddable":true,"href":"https:\/\/cdc2025.progresstn.com\/fr\/wp-json\/wp\/v2\/users\/1"}],"replies":[{"embeddable":true,"href":"https:\/\/cdc2025.progresstn.com\/fr\/wp-json\/wp\/v2\/comments?post=2789"}],"version-history":[{"count":3,"href":"https:\/\/cdc2025.progresstn.com\/fr\/wp-json\/wp\/v2\/pages\/2789\/revisions"}],"predecessor-version":[{"id":2810,"href":"https:\/\/cdc2025.progresstn.com\/fr\/wp-json\/wp\/v2\/pages\/2789\/revisions\/2810"}],"wp:attachment":[{"href":"https:\/\/cdc2025.progresstn.com\/fr\/wp-json\/wp\/v2\/media?parent=2789"}],"curies":[{"name":"wp","href":"https:\/\/api.w.org\/{rel}","templated":true}]}}