


{"id":2835,"date":"2025-12-09T14:47:08","date_gmt":"2025-12-09T13:47:08","guid":{"rendered":"https:\/\/cdc2025.progresstn.com\/notre-mission-notre-vision-nos-valeurs\/"},"modified":"2025-12-12T13:42:59","modified_gmt":"2025-12-12T12:42:59","slug":"notre-mission-notre-vision-nos-valeurs","status":"publish","type":"page","link":"https:\/\/cdc2025.progresstn.com\/fr\/notre-mission-notre-vision-nos-valeurs\/","title":{"rendered":"Notre mission, notre vision, nos valeurs"},"content":{"rendered":"<div class=\"wpb-content-wrapper\"><p>[vc_row][vc_column]<div id=\"cz_50822\" class=\"cz_50822 cz_title clr cz_title_pos_inline\"><div class=\"cz_title_content\"><div class=\"cz_wpe_content\"><h4>Notre mission<\/h4>\n<\/div><span class=\"cz_line_side_solo cz_line_side_after\">_<\/span><\/div><\/div><div id=\"cz_49327\" class=\"cz_49327 cz_title clr cz_title_pos_inline\"><div class=\"cz_title_content\"><div class=\"cz_wpe_content\"><p>Notre mission est d\u2019exercer un contr\u00f4le ind\u00e9pendant et efficace sur la gestion des fonds publics, conform\u00e9ment aux principes de l\u00e9galit\u00e9, d\u2019efficience et de transparence.<br \/>\nLa Cour se charge principalement de :<\/p>\n<ul>\n<li>Juger les comptes des comptables publics, statuer sur les affaires de gestion de fait et sanctionner les fautes de gestion<\/li>\n<li>Exercer un pouvoir de contr\u00f4le sur la gestion de l\u2019Etat, des collectivit\u00e9s locales et de tout organisme public (\u00e9tablissements, entreprises et instances) ainsi que les concessionnaires et les entreprises charg\u00e9s de la r\u00e9alisation de projets publics ou de la gestion de services publics<\/li>\n<li>V\u00e9rifier la conformit\u00e9 entre les comptes des comptables publics et le compte g\u00e9n\u00e9ral de l\u2019Etat et \u00e9mettre un avis sur les \u00e9tats financiers annuels de l\u2019Etat<\/li>\n<li>Contribuer \u00e0 l\u2019\u00e9valuation des politiques et programmes publics<\/li>\n<li>Assister les pouvoirs l\u00e9gislatif et ex\u00e9cutif dans le contr\u00f4le de l\u2019ex\u00e9cution des lois de finances et du r\u00e8glement du budget .<\/li>\n<li>Exercer un contr\u00f4le sur le financement des partis politiques, associations et mutuelles .<\/li>\n<\/ul>\n<p>Ces comp\u00e9tences sont exerc\u00e9es par les diff\u00e9rents organes de la Cour des comptes sur l&rsquo;ensemble du territoire de la R\u00e9publique tunisienne, assurant ainsi une couverture compl\u00e8te et effective de toutes les entit\u00e9s plac\u00e9es sous son contr\u00f4le central et r\u00e9gional.<\/p>\n<p>La Cour rend des jugements, \u00e9tablit des rapports d&rsquo;audit sur les comptes et les op\u00e9rations des entit\u00e9s plac\u00e9es sous son contr\u00f4le, publie des rapports sp\u00e9ciaux et assure le suivi des r\u00e9sultats de ses activit\u00e9s d&rsquo;audit.<\/p>\n<\/div><\/div><\/div>[\/vc_column][\/vc_row][vc_row][vc_column]<div id=\"cz_32582\" class=\"cz_32582 cz_title clr cz_title_pos_inline\"><div class=\"cz_title_content\"><div class=\"cz_wpe_content\"><h4><strong>Notre vision<\/strong><\/h4>\n<\/div><span class=\"cz_line_side_solo cz_line_side_after\">_<\/span><\/div><\/div><ul id=\"cz_76572\" class=\"cz_76572 cz_stylish_list clr cz_sl_icon_hover_zoom_in\"><li class=\"clr\"><div class=\"cz_sl_icon\"><i class=\"fas fa-building-columns mr10\" ><\/i><\/div><div><span>Une instance sup\u00e9rieure de contr\u00f4le des finances publiques et une juridiction financi\u00e8re ind\u00e9pendante engag\u00e9e au renforcement de la bonne gouvernance dans la gestion des fonds publics.<\/span><\/div><\/li><li class=\"clr\"><div class=\"cz_sl_icon\"><i class=\"fas fa-building-columns mr10\" ><\/i><\/div><div><span>Une institution ouverte sur son environnement et attentive aux pr\u00e9occupations des citoyens.<\/span><\/div><\/li><\/ul>[\/vc_column][\/vc_row][vc_row][vc_column]<div id=\"cz_21950\" class=\"cz_21950 cz_title clr cz_title_pos_inline\"><div class=\"cz_title_content\"><div class=\"cz_wpe_content\"><h4><strong>Nos valeurs<\/strong><\/h4>\n<\/div><span class=\"cz_line_side_solo cz_line_side_after\">_<\/span><\/div><\/div><ul id=\"cz_104183\" class=\"cz_104183 cz_stylish_list clr cz_sl_icon_hover_zoom_in\"><li class=\"clr\"><div class=\"cz_sl_icon\"><i class=\"fas fa-building-columns mr10\" ><\/i><\/div><div><span>Int\u00e9grit\u00e9<small>Nous sommes attach\u00e9s aux normes \u00e9thiques et comportementales dans l\u2019accomplissement de notre mission et dans nos relations avec les parties prenantes, et nous accordons une grande importance \u00e0 notre cr\u00e9dibilit\u00e9.<\/small><\/span><\/div><\/li><li class=\"clr\"><div class=\"cz_sl_icon\"><i class=\"fas fa-building-columns mr10\" ><\/i><\/div><div><span>Ind\u00e9pendance<small>Nous \u00e9mettons des jugements et fixons l\u2019orientation, la port\u00e9e et les cons\u00e9quences de nos travaux sans aucune ing\u00e9rence et conform\u00e9ment aux normes internationales et aux meilleures pratiques.<\/small><\/span><\/div><\/li><li class=\"clr\"><div class=\"cz_sl_icon\"><i class=\"fas fa-building-columns mr10\" ><\/i><\/div><div><span>Professionnalisme<small>Nous respectons les normes internationales dans l'exercice de nos fonctions et accomplissons nos t\u00e2ches avec efficacit\u00e9 et objectivit\u00e9.<\/small><\/span><\/div><\/li><\/ul><div class=\"cz_gap clr  hide_on_mobile\" style=\"height: 100px\"><\/div><div class=\"cz_gap show_on_mobile clr\" style=\"height: 20px\"><\/div>[\/vc_column][\/vc_row][vc_row css=\u00a0\u00bb.vc_custom_1765288225293{border-top-width: 2px !important;border-bottom-width: 2px !important;background-image: url(https:\/\/cdc2025.progresstn.com\/wp-content\/uploads\/2019\/03\/bg1.jpg?id=875) !important;background-position: center !important;background-repeat: no-repeat !important;background-size: cover !important;border-top-style: solid !important;border-bottom-style: solid !important;border-color: #dddddd !important;}\u00a0\u00bb][vc_column css=\u00a0\u00bb.vc_custom_1763568123974{margin-top: 40px !important;}\u00a0\u00bb]<div class=\"cz_eqh cz_content_box_parent_fx  \"><div id=\"cz_33088\" class=\"cz_33088 cz_content_box clr\"><div class=\"cz_box_front clr\"><div class=\"cz_box_front_inner clr \"><span><\/span><div>[vc_row_inner rtl_reverse=\u00a0\u00bbyes\u00a0\u00bb][vc_column_inner width=\u00a0\u00bb2\/3&Prime;]<div id=\"cz_45859\" class=\"cz_45859 cz_title clr cz_mobile_text_center cz_title_has_icon cz_title_pos_inline\"><div class=\"cz_title_content\"><span class=\"cz_title_icon_before cz_title_image\"><img loading=\"lazy\" decoding=\"async\" width=\"64\" height=\"64\" src=\"https:\/\/cdc2025.progresstn.com\/wp-content\/uploads\/2022\/02\/icon7.png\" class=\"attachment-thumbnail\" alt=\"\" title=\"icon7\" \/><\/span><div class=\"cz_wpe_content\"><h2>La Cour des comptes<\/h2>\n<p>La Cour des comptes, pilier de la transparence et de la redevabilit\u00e9 dans le secteur public<\/p>\n<\/div><\/div><\/div>[\/vc_column_inner][vc_column_inner width=\u00a0\u00bb1\/3&Prime;]<div class=\"cz_gap clr \" style=\"height: 25px\"><\/div><div class=\"cz_btn_right cz_mobile_btn_center\"><div class=\"cz_15025_p\"><a id=\"cz_15025\" class=\"cz_15025 cz_btn cz_btn_txt_no_fx cz_btn_zoom_in\" href=\"https:\/\/cdc2025.progresstn.com\/contact\/\" title=\"\u0627\u062a\u0635\u0644 \u0628\u0646\u0627\" aria-label=\"\u0627\u062a\u0635\u0644 \u0628\u0646\u0627\"><span><strong>Contactez-nous<\/strong><\/span><b class=\"cz_btn_onhover\"><strong>Contactez-nous<\/strong><\/b><\/a><\/div><\/div><div class=\"clr\"><\/div>[\/vc_column_inner][\/vc_row_inner]<\/div><\/div><\/div><\/div><\/div>[\/vc_column][\/vc_row]<\/p>\n<\/div>","protected":false},"excerpt":{"rendered":"<p>[vc_row][vc_column][\/vc_column][\/vc_row][vc_row][vc_column][\/vc_column][\/vc_row][vc_row][vc_column][\/vc_column][\/vc_row][vc_row css=\u00a0\u00bb.vc_custom_1765288225293{border-top-width: 2px !important;border-bottom-width: 2px !important;background-image: url(https:\/\/cdc2025.progresstn.com\/wp-content\/uploads\/2019\/03\/bg1.jpg?id=875) !important;background-position: center !important;background-repeat: no-repeat &#8230; <\/p>\n","protected":false},"author":1,"featured_media":0,"parent":0,"menu_order":0,"comment_status":"closed","ping_status":"closed","template":"","meta":{"footnotes":""},"class_list":["post-2835","page","type-page","status-publish","hentry"],"_links":{"self":[{"href":"https:\/\/cdc2025.progresstn.com\/fr\/wp-json\/wp\/v2\/pages\/2835","targetHints":{"allow":["GET"]}}],"collection":[{"href":"https:\/\/cdc2025.progresstn.com\/fr\/wp-json\/wp\/v2\/pages"}],"about":[{"href":"https:\/\/cdc2025.progresstn.com\/fr\/wp-json\/wp\/v2\/types\/page"}],"author":[{"embeddable":true,"href":"https:\/\/cdc2025.progresstn.com\/fr\/wp-json\/wp\/v2\/users\/1"}],"replies":[{"embeddable":true,"href":"https:\/\/cdc2025.progresstn.com\/fr\/wp-json\/wp\/v2\/comments?post=2835"}],"version-history":[{"count":4,"href":"https:\/\/cdc2025.progresstn.com\/fr\/wp-json\/wp\/v2\/pages\/2835\/revisions"}],"predecessor-version":[{"id":2841,"href":"https:\/\/cdc2025.progresstn.com\/fr\/wp-json\/wp\/v2\/pages\/2835\/revisions\/2841"}],"wp:attachment":[{"href":"https:\/\/cdc2025.progresstn.com\/fr\/wp-json\/wp\/v2\/media?parent=2835"}],"curies":[{"name":"wp","href":"https:\/\/api.w.org\/{rel}","templated":true}]}}