


{"id":2897,"date":"2025-12-05T21:43:32","date_gmt":"2025-12-05T20:43:32","guid":{"rendered":"https:\/\/cdc2025.progresstn.com\/?page_id=2897"},"modified":"2025-12-12T17:07:39","modified_gmt":"2025-12-12T16:07:39","slug":"chambre-regionale-gafsa","status":"publish","type":"page","link":"https:\/\/cdc2025.progresstn.com\/fr\/chambre-regionale-gafsa\/","title":{"rendered":"La Chambre r\u00e9gionale de Gafsa"},"content":{"rendered":"<div class=\"wpb-content-wrapper\"><p>[vc_row rtl_reverse=\u00a0\u00bbyes\u00a0\u00bb css=\u00a0\u00bb.vc_custom_1764959020475{background-position: 0 0 !important;background-repeat: no-repeat !important;}\u00a0\u00bb][vc_column width=\u00a0\u00bb2\/3&Prime;]<div id=\"cz_78451\" class=\"cz_78451 cz_title clr cz_mobile_text_center cz_title_pos_inline\"><div class=\"cz_title_content\"><div class=\"cz_wpe_content\"><div class=\"clearfix title-center\">\n<h4 class=\"codevz-section-title \">La Chambre r\u00e9gionale de Gafsa<\/h4>\n<\/div>\n<\/div><span class=\"cz_line_side_solo cz_line_side_after\">_<\/span><\/div><\/div><div id=\"cz_31062\" class=\"cz_31062 cz_title clr cz_title_pos_inline\"><div class=\"cz_title_content\"><div class=\"cz_wpe_content\"><p style=\"text-align: justify;\">En vertu de l\u2019article 34 de la loi organique n\u00b02019-41 en date du 30 avril 2019, la Chambre r\u00e9gionale de la Cour des comptes de Gafsa exerce les comp\u00e9tences d\u00e9volues \u00e0 cette Cour \u00e0 l\u2019\u00e9gard des autorit\u00e9s administratives r\u00e9gionales et locales, des \u00e9tablissements et entreprises publics, ainsi que de toutes les instances, quelle que soit leur appellation, dans le capital desquelles l\u2019\u00c9tat, les collectivit\u00e9s locales ou les \u00e9tablissements et entreprises publics participent, et dont le si\u00e8ge principal ou le lieu d\u2019activit\u00e9 se trouve dans le champs de comp\u00e9tence territorial de la Chambre r\u00e9gionale.<\/p>\n<p style=\"text-align: justify;\">La Chambre exerce \u00e9galement les comp\u00e9tences pr\u00e9vues \u00e0 l\u2019article 13 de cette loi \u00e0 l\u2019\u00e9gard des partis politiques, des associations, des coop\u00e9ratives, ainsi que des \u00e9tablissements et organismes priv\u00e9s, quelle que soit leur appellation, dont le si\u00e8ge rel\u00e8ve de la comp\u00e9tence territoriale de la Chambre.<b><\/b><\/p>\n<p>Dans le cadre de l\u2019exercice par la Cour des comptes de sa comp\u00e9tence juridictionnelle, la Chambre rend des jugements en premier ressort.<\/p>\n<p>La comp\u00e9tence territoriale de cette Chambre comprend, conform\u00e9ment \u00e0 la d\u00e9cision du Premier Pr\u00e9sident de la Cour des comptes en date du 20 janvier 2020, publi\u00e9e au Journal officiel n\u00b012 du 11 f\u00e9vrier 2020, <span style=\"color: #c00000;\">les gouvernorats de Jendouba et du Kef. Et, en attendant la mise en place de la Chambre r\u00e9gionale de B\u00e9ja, la comp\u00e9tence territoriale de la Chambre r\u00e9gionale de Jendouba s\u2019\u00e9tend actuellement aux gouvernorats de B\u00e9ja et de Siliana.<\/span><\/p>\n<\/div><\/div><\/div><div id=\"cz_95354\" class=\"cz_95354 cz_title clr cz_title_pos_inline\"><div class=\"cz_title_content\"><div class=\"cz_wpe_content\"><p><strong>Contact &amp; Acc\u00e8s <\/strong><strong>:<\/strong><\/p>\n<table>\n<tbody>\n<tr>\n<td width=\"132\"><strong>Adresse :<\/strong><\/td>\n<td width=\"472\">Makasim d&rsquo;Al Sharif, ville de Gafsa, pr\u00e8s de la soci\u00e9t\u00e9 \u00ab KIA \u00bb, 2100<\/td>\n<\/tr>\n<tr>\n<td width=\"132\"><strong>T\u00e9l\u00e9phone :<\/strong><\/td>\n<td width=\"472\">70 258 390<\/td>\n<\/tr>\n<tr>\n<td width=\"132\"><strong>Fax :<\/strong><\/td>\n<td width=\"472\">&#8211;<\/td>\n<\/tr>\n<tr>\n<td width=\"132\"><strong>Email :<\/strong><\/td>\n<td width=\"472\">Contact.Gafsa@courdescomptes.nat.tn<\/td>\n<\/tr>\n<\/tbody>\n<\/table>\n<\/div><\/div><\/div>[\/vc_column][vc_column width=\u00a0\u00bb1\/3&Prime;]<div class=\"cz_gap clr \" style=\"height: 20px\"><\/div><div id=\"cz_104811\" data-position=\"top-right\" class=\"cz_104811 cz_image clr cz_image_no_fx center_on_mobile\"><div class=\"\" ><div class=\"cz_image_in\" data-tilt><div class=\"cz_main_image\"><img loading=\"lazy\" decoding=\"async\" width=\"330\" height=\"681\" src=\"https:\/\/cdc2025.progresstn.com\/wp-content\/uploads\/2025\/12\/Flag_map_of_Tunisia.png\" class=\"attachment-full\" alt=\"\" title=\"Flag_map_of_Tunisia\" srcset=\"https:\/\/cdc2025.progresstn.com\/wp-content\/uploads\/2025\/12\/Flag_map_of_Tunisia.png 330w, https:\/\/cdc2025.progresstn.com\/wp-content\/uploads\/2025\/12\/Flag_map_of_Tunisia-145x300.png 145w\" sizes=\"auto, (max-width: 330px) 100vw, 330px\" \/><\/div><\/div><\/div><\/div>[\/vc_column][\/vc_row][vc_row][vc_column css_animation=\u00a0\u00bbbounceInUp\u00a0\u00bb css=\u00a0\u00bb.vc_custom_1765543926949{border-color: #C7C0C0 !important;}\u00a0\u00bb][vc_goo_maps location=\u00a0\u00bb\u0645\u062d\u0643\u0645\u0629 \u0627\u0644\u0645\u062d\u0627\u0633\u0628\u0627\u062a.\u0627\u0644\u062f\u0627\u0626\u0631\u0629 \u0627\u0644\u062c\u0647\u0648\u064a\u0629 \u0628\u0642\u0641\u0635\u0629\u00a0\u00bb height=\u00a0\u00bb450px\u00a0\u00bb zoom=\u00a0\u00bb15&Prime; type=\u00a0\u00bbk\u00a0\u00bb css=\u00a0\u00bb\u00a0\u00bb][\/vc_column][\/vc_row]<\/p>\n<\/div>","protected":false},"excerpt":{"rendered":"<p>[vc_row rtl_reverse=\u00a0\u00bbyes\u00a0\u00bb css=\u00a0\u00bb.vc_custom_1764959020475{background-position: 0 0 !important;background-repeat: no-repeat !important;}\u00a0\u00bb][vc_column width=\u00a0\u00bb2\/3&Prime;][\/vc_column][vc_column width=\u00a0\u00bb1\/3&Prime;][\/vc_column][\/vc_row][vc_row][vc_column css_animation=\u00a0\u00bbbounceInUp\u00a0\u00bb &#8230; <\/p>\n","protected":false},"author":1,"featured_media":0,"parent":0,"menu_order":0,"comment_status":"closed","ping_status":"closed","template":"","meta":{"footnotes":""},"class_list":["post-2897","page","type-page","status-publish","hentry"],"_links":{"self":[{"href":"https:\/\/cdc2025.progresstn.com\/fr\/wp-json\/wp\/v2\/pages\/2897","targetHints":{"allow":["GET"]}}],"collection":[{"href":"https:\/\/cdc2025.progresstn.com\/fr\/wp-json\/wp\/v2\/pages"}],"about":[{"href":"https:\/\/cdc2025.progresstn.com\/fr\/wp-json\/wp\/v2\/types\/page"}],"author":[{"embeddable":true,"href":"https:\/\/cdc2025.progresstn.com\/fr\/wp-json\/wp\/v2\/users\/1"}],"replies":[{"embeddable":true,"href":"https:\/\/cdc2025.progresstn.com\/fr\/wp-json\/wp\/v2\/comments?post=2897"}],"version-history":[{"count":5,"href":"https:\/\/cdc2025.progresstn.com\/fr\/wp-json\/wp\/v2\/pages\/2897\/revisions"}],"predecessor-version":[{"id":2903,"href":"https:\/\/cdc2025.progresstn.com\/fr\/wp-json\/wp\/v2\/pages\/2897\/revisions\/2903"}],"wp:attachment":[{"href":"https:\/\/cdc2025.progresstn.com\/fr\/wp-json\/wp\/v2\/media?parent=2897"}],"curies":[{"name":"wp","href":"https:\/\/api.w.org\/{rel}","templated":true}]}}